{"id":21721,"date":"2025-09-20T06:29:10","date_gmt":"2025-09-20T04:29:10","guid":{"rendered":"https:\/\/fuglebutikken.no\/butikk\/ukategorisert\/duo-feeder-resket-solsikke-og-maiseballer\/"},"modified":"2025-10-01T13:24:13","modified_gmt":"2025-10-01T11:24:13","slug":"duo-fuglemater-solsikkeblanding-og-meiseboller","status":"publish","type":"product","link":"https:\/\/fuglebutikken.no\/en\/butikk\/utefugl-dyr\/hage-og-utedyr\/utefugl\/utefugl-mat\/solsikke\/duo-fuglemater-solsikkeblanding-og-meiseboller\/","title":{"rendered":"Duo Fuglemater solsikkeblanding og meiseboller"},"content":{"rendered":"<h3 class=\"\">Duo&nbsp;Fuglemater&nbsp;solsikkeblanding og meiseboller<\/h3>\n<p>Duo Fuglemater er den perfekte l\u00f8sningen for deg som vil gi hagens fugler et variert og n\u00e6ringsrikt m\u00e5ltid \u00e5ret rundt. Denne smarte fuglemateren kombinerer det beste fra to verdener &#8211; b\u00e5de fr\u00f8 og energirik talg i en og samme mater.<\/p>\n<ul>\n<li><strong>H\u00f8ykvalitets fuglemater med dobbel funksjon:<\/strong> Kombinerer b\u00e5de fr\u00f8 og talgkuler for en komplett f\u00f4ring.<\/li>\n<li><strong>Skalte solrosfr\u00f8:<\/strong> Mindre s\u00f8l og enklere tilgang for fuglene.<\/li>\n<li><strong>Ergonomisk design:<\/strong> Komfortable sittepinner gir fuglene stabil st\u00f8tte mens de spiser.<\/li>\n<\/ul>\n<h3>Hvordan bruke Duo Fuglemater<\/h3>\n<ol>\n<li>Ta materen ut av emballasjen.<\/li>\n<li>Heng opp p\u00e5 \u00f8nsket sted (minst 1,5m fra bakken).<\/li>\n<li>Fuglene vil oppdage den innen f\u00e5 dager.<\/li>\n<li>Nyt \u00e5 se hagens fugler trives!<\/li>\n<\/ol>\n<p>Duo Fuglemater er ferdigfylt og klar til bruk, noe som gj\u00f8r den til en praktisk og \u00f8konomisk l\u00f8sning for fuglemating. Den er ideell for en rekke fuglearter, inkludert finker, meiser og dompap, og gir dem n\u00f8dvendig n\u00e6ring \u00e5ret rundt. Ved \u00e5 mate fuglene st\u00f8tter du det lokale \u00f8kosystemet og bidrar til \u00e5 bevare fuglebestanden i ditt omr\u00e5de.<\/p>\n<p>Perfekt som gave til fugleelskere og hageentusiaster, Duo Fuglemater tilbyr en enkel og effektiv m\u00e5te \u00e5 lokke flere fugler til hagen. Gi hagens fugler det beste med Duo Fuglemater &#8211; din komplette l\u00f8sning for fuglematning \u00e5ret rundt!<\/p>","protected":false},"excerpt":{"rendered":"<h3 class=\"\">Duo&nbsp;Fuglemater&nbsp;solsikkeblanding og meiseboller<\/h3>\n<ul>\n<li>Fuglemater som inkluderer b\u00e5de solsikkeblanding og meiseboller.<\/li>\n<li>Holder for b\u00e5de meiseboller og fr\u00f8blanding.<\/li>\n<li>Utstyrt med sittepinner og matsk\u00e5l.<\/li>\n<li>Leveres ferdig fylt.<\/li>\n<\/ul>","protected":false},"featured_media":22440,"comment_status":"open","ping_status":"closed","template":"","meta":{"content-type":"","_uf_show_specific_survey":0,"_uf_disable_surveys":false,"_monsterinsights_skip_tracking":false,"_monsterinsights_sitenote_active":false,"_monsterinsights_sitenote_note":"","_monsterinsights_sitenote_category":0},"pwb-brand":[759],"product_brand":[],"product_cat":[3234,1679,1272,67,66,721],"product_tag":[3233],"woo-feed-brand":[],"class_list":{"0":"post-21721","1":"product","2":"type-product","3":"status-publish","4":"has-post-thumbnail","6":"pwb-brand-ozami","7":"product_cat-utefuglskaler-og-automater","8":"product_cat-solsikke","9":"product_cat-talg-fettballer","10":"product_cat-utefugl-mat","11":"product_cat-utefugl-dyr","12":"product_cat-utefugl","13":"product_tag-utefuglmat-og-fugletilbeh-r","15":"first","16":"instock","17":"taxable","18":"shipping-taxable","19":"purchasable","20":"product-type-simple"},"exclude_global_add_ons":[],"addons":[],"brands":[{"id":759,"name":"Ozami","slug":"ozami"}],"_links":{"self":[{"href":"https:\/\/fuglebutikken.no\/en\/wp-json\/wp\/v2\/product\/21721","targetHints":{"allow":["GET"]}}],"collection":[{"href":"https:\/\/fuglebutikken.no\/en\/wp-json\/wp\/v2\/product"}],"about":[{"href":"https:\/\/fuglebutikken.no\/en\/wp-json\/wp\/v2\/types\/product"}],"replies":[{"embeddable":true,"href":"https:\/\/fuglebutikken.no\/en\/wp-json\/wp\/v2\/comments?post=21721"}],"wp:featuredmedia":[{"embeddable":true,"href":"https:\/\/fuglebutikken.no\/en\/wp-json\/wp\/v2\/media\/22440"}],"wp:attachment":[{"href":"https:\/\/fuglebutikken.no\/en\/wp-json\/wp\/v2\/media?parent=21721"}],"wp:term":[{"taxonomy":"pwb-brand","embeddable":true,"href":"https:\/\/fuglebutikken.no\/en\/wp-json\/wp\/v2\/pwb-brand?post=21721"},{"taxonomy":"product_brand","embeddable":true,"href":"https:\/\/fuglebutikken.no\/en\/wp-json\/wp\/v2\/product_brand?post=21721"},{"taxonomy":"product_cat","embeddable":true,"href":"https:\/\/fuglebutikken.no\/en\/wp-json\/wp\/v2\/product_cat?post=21721"},{"taxonomy":"product_tag","embeddable":true,"href":"https:\/\/fuglebutikken.no\/en\/wp-json\/wp\/v2\/product_tag?post=21721"},{"taxonomy":"woo-feed-brand","embeddable":true,"href":"https:\/\/fuglebutikken.no\/en\/wp-json\/wp\/v2\/woo-feed-brand?post=21721"}],"curies":[{"name":"wp","href":"https:\/\/api.w.org\/{rel}","templated":true}]}}