{"id":20288,"date":"2025-06-20T22:06:15","date_gmt":"2025-06-20T20:06:15","guid":{"rendered":"https:\/\/fuglebutikken.no\/butikk\/ukategorisert\/trixie-burpinne-med-kokosntt-skl\/"},"modified":"2025-06-20T22:12:16","modified_gmt":"2025-06-20T20:12:16","slug":"trixie-burpinne-med-kokosntt-skl","status":"publish","type":"product","link":"https:\/\/fuglebutikken.no\/en\/butikk\/fugl-som-hobby\/fugl\/fuglebur-og-fuglebur-tilbehor\/bur-tilbehor\/sittepinner\/trixie-burpinne-med-kokosntt-skl\/","title":{"rendered":"Trixie Burpinne med Kokosn\u00f8tt Sk\u00e5l"},"content":{"rendered":"<h2 class=\"\">Trixie Burpinne med Kokosn\u00f8tt Sk\u00e5l<\/h2>\n<h3 style=\"font-size: 18.288px; line-height: 1.5; margin-right: 0px; margin-bottom: 13.716px; margin-left: 0px; color: rgb(64, 64, 64); font-family: quote-cjk-patch, Inter, system-ui, -apple-system, BlinkMacSystemFont, &quot;Segoe UI&quot;, Roboto, &quot;Noto Sans&quot;, Ubuntu, Cantarell, &quot;Helvetica Neue&quot;, Oxygen, &quot;Open Sans&quot;, sans-serif;\"><span style=\"font-weight: 600;\">Trixie Burpinne med Kokosn\u00f8tt Sk\u00e5l \u2013 Perch med F\u00f4rsk\u00e5l<\/span><\/h3>\n<p class=\"ds-markdown-paragraph\" style=\"margin: 13.716px 0px; font-size: 16.002px; line-height: 28.575px; color: rgb(64, 64, 64); font-family: quote-cjk-patch, Inter, system-ui, -apple-system, BlinkMacSystemFont, &quot;Segoe UI&quot;, Roboto, &quot;Noto Sans&quot;, Ubuntu, Cantarell, &quot;Helvetica Neue&quot;, Oxygen, &quot;Open Sans&quot;, sans-serif;\"><span style=\"font-weight: 600;\">Design og materialer:<\/span><br \/>Denne unike sittepinnen fra Trixie kombinerer naturlig treverk med en dekorativ kokosn\u00f8ttsk\u00e5l p\u00e5 toppen, festet med en skruemekanisme for enkel montering i bur eller voli\u00e8re. Den er laget av solide og fuglevennlige materialer som sikrer b\u00e5de funksjonalitet og estetikk.<\/p>\n<p class=\"ds-markdown-paragraph\" style=\"margin: 13.716px 0px; font-size: 16.002px; line-height: 28.575px; color: rgb(64, 64, 64); font-family: quote-cjk-patch, Inter, system-ui, -apple-system, BlinkMacSystemFont, &quot;Segoe UI&quot;, Roboto, &quot;Noto Sans&quot;, Ubuntu, Cantarell, &quot;Helvetica Neue&quot;, Oxygen, &quot;Open Sans&quot;, sans-serif;\"><span style=\"font-weight: 600;\">Hensikt:<\/span><br \/>Sittepinnen med sk\u00e5l er designet for \u00e5:<\/p>\n<ul style=\"margin: 13.716px 0px; padding-left: 27.432px; color: rgb(64, 64, 64); font-family: quote-cjk-patch, Inter, system-ui, -apple-system, BlinkMacSystemFont, &quot;Segoe UI&quot;, Roboto, &quot;Noto Sans&quot;, Ubuntu, Cantarell, &quot;Helvetica Neue&quot;, Oxygen, &quot;Open Sans&quot;, sans-serif; font-size: 16.002px;\">\n<li>\n<p class=\"ds-markdown-paragraph\" style=\"margin-right: 0px; margin-left: 0px; font-size: 16.002px; line-height: 28.575px; margin-bottom: 0px !important;\"><span style=\"font-weight: 600;\">Stimulere naturlig atferd:<\/span>&nbsp;Papeg\u00f8yer og parakitter elsker \u00e5 utforske og leke mens de spiser. Sk\u00e5len p\u00e5 toppen lar dem plukke maten direkte, noe som etterligner deres naturlige f\u00f8devaner i vill tilstand.<\/p>\n<\/li>\n<li style=\"margin-top: 4px;\">\n<p class=\"ds-markdown-paragraph\" style=\"margin-right: 0px; margin-left: 0px; font-size: 16.002px; line-height: 28.575px; margin-bottom: 0px !important;\"><span style=\"font-weight: 600;\">Forhindre kjedsomhet:<\/span>&nbsp;\u00c5 ha maten plassert p\u00e5 en utfordrende m\u00e5te oppfordrer fuglene til \u00e5 bruke tid og krefter p\u00e5 \u00e5 n\u00e5 den, noe som gir mental stimulering.<\/p>\n<\/li>\n<li style=\"margin-top: 4px;\">\n<p class=\"ds-markdown-paragraph\" style=\"margin-right: 0px; margin-left: 0px; font-size: 16.002px; line-height: 28.575px; margin-bottom: 0px !important;\"><span style=\"font-weight: 600;\">Fremme klatring og balanse:<\/span>&nbsp;Den ujevne overflaten p\u00e5 treverket og kokosn\u00f8ttsk\u00e5len trener fuglens f\u00f8tter og balanseevne, noe som er viktig for deres fysiske helse.<\/p>\n<\/li>\n<\/ul>\n<p class=\"ds-markdown-paragraph\" style=\"margin: 13.716px 0px; font-size: 16.002px; line-height: 28.575px; color: rgb(64, 64, 64); font-family: quote-cjk-patch, Inter, system-ui, -apple-system, BlinkMacSystemFont, &quot;Segoe UI&quot;, Roboto, &quot;Noto Sans&quot;, Ubuntu, Cantarell, &quot;Helvetica Neue&quot;, Oxygen, &quot;Open Sans&quot;, sans-serif;\"><span style=\"font-weight: 600;\">Anbefalt av World Bird Park Walsrode:<\/span><br \/>Dette produktet er godkjent av en av verdens ledende fugleeksperter, som understreker dens fordeler for fuglers trivsel og aktivitetsniv\u00e5.<\/p>\n<p class=\"ds-markdown-paragraph\" style=\"margin: 13.716px 0px; font-size: 16.002px; line-height: 28.575px; color: rgb(64, 64, 64); font-family: quote-cjk-patch, Inter, system-ui, -apple-system, BlinkMacSystemFont, &quot;Segoe UI&quot;, Roboto, &quot;Noto Sans&quot;, Ubuntu, Cantarell, &quot;Helvetica Neue&quot;, Oxygen, &quot;Open Sans&quot;, sans-serif;\"><span style=\"font-weight: 600;\">Hva trenger papeg\u00f8yer og parakitter for \u00e5 unng\u00e5 kjedsomhet?<\/span><br \/>Fugler med h\u00f8y intelligens, som papeg\u00f8yer og parakitter, trenger konstant mental og fysisk stimulering for \u00e5 forbli glade og sunne. Her er noen viktige faktorer:<\/p>\n<ol start=\"1\" style=\"margin: 13.716px 0px; padding-left: 27.432px; color: rgb(64, 64, 64); font-family: quote-cjk-patch, Inter, system-ui, -apple-system, BlinkMacSystemFont, &quot;Segoe UI&quot;, Roboto, &quot;Noto Sans&quot;, Ubuntu, Cantarell, &quot;Helvetica Neue&quot;, Oxygen, &quot;Open Sans&quot;, sans-serif; font-size: 16.002px;\">\n<li>\n<p class=\"ds-markdown-paragraph\" style=\"margin-right: 0px; margin-left: 0px; font-size: 16.002px; line-height: 28.575px; margin-bottom: 0px !important;\"><span style=\"font-weight: 600;\">Aktiveringsleker:<\/span>&nbsp;Grener, tau, klatreutstyr og leker de kan knuse eller l\u00f8se opp (f.eks. tre- eller l\u00e6rbitter).<\/p>\n<\/li>\n<li style=\"margin-top: 4px;\">\n<p class=\"ds-markdown-paragraph\" style=\"margin-right: 0px; margin-left: 0px; font-size: 16.002px; line-height: 28.575px; margin-bottom: 0px !important;\"><span style=\"font-weight: 600;\">Sosialisering:<\/span>&nbsp;Daglig interaksjon med eieren eller andre fugler for \u00e5 unng\u00e5 ensomhet.<\/p>\n<\/li>\n<li style=\"margin-top: 4px;\">\n<p class=\"ds-markdown-paragraph\" style=\"margin-right: 0px; margin-left: 0px; font-size: 16.002px; line-height: 28.575px; margin-bottom: 0px !important;\"><span style=\"font-weight: 600;\">Variert kosthold:<\/span>&nbsp;Maten b\u00f8r serveres p\u00e5 forskjellige m\u00e5ter (i sk\u00e5ler, gjemt i leker, eller som bel\u00f8nning under trening).<\/p>\n<\/li>\n<li style=\"margin-top: 4px;\">\n<p class=\"ds-markdown-paragraph\" style=\"margin-right: 0px; margin-left: 0px; font-size: 16.002px; line-height: 28.575px; margin-bottom: 0px !important;\"><span style=\"font-weight: 600;\">Forandring i milj\u00f8et:<\/span>&nbsp;Roter p\u00e5 utstyret i buret og innf\u00f8r nye elementer jevnlig for \u00e5 holde fuglen nysgjerrig.<\/p>\n<\/li>\n<li style=\"margin-top: 4px;\">\n<p class=\"ds-markdown-paragraph\" style=\"margin-right: 0px; margin-left: 0px; font-size: 16.002px; line-height: 28.575px; margin-bottom: 0px !important;\"><span style=\"font-weight: 600;\">Naturlige materialer:<\/span>&nbsp;Treverk, kokosn\u00f8tter og andre organiske elementer gir b\u00e5de gnaging og klatringsmuligheter.<\/p>\n<\/li>\n<\/ol>\n<p class=\"ds-markdown-paragraph\" style=\"margin: 13.716px 0px; font-size: 16.002px; line-height: 28.575px; color: rgb(64, 64, 64); font-family: quote-cjk-patch, Inter, system-ui, -apple-system, BlinkMacSystemFont, &quot;Segoe UI&quot;, Roboto, &quot;Noto Sans&quot;, Ubuntu, Cantarell, &quot;Helvetica Neue&quot;, Oxygen, &quot;Open Sans&quot;, sans-serif;\"><span style=\"font-weight: 600;\">Konklusjon:<\/span><br \/>Trixie Burpinne med Kokosn\u00f8tt Sk\u00e5l er et flott tillegg for enhver papeg\u00f8ye eller parakitt som trenger mer aktivitet og variasjon i hverdagen. Den kombinerer ern\u00e6ring, mosjon og underholdning i ett produkt \u2013 perfekt for en sunn og lykkelig fugl!<\/p>\n<p class=\"ds-markdown-paragraph\" style=\"margin-top: 13.716px; margin-right: 0px; margin-left: 0px; font-size: 16.002px; line-height: 28.575px; color: rgb(64, 64, 64); font-family: quote-cjk-patch, Inter, system-ui, -apple-system, BlinkMacSystemFont, &quot;Segoe UI&quot;, Roboto, &quot;Noto Sans&quot;, Ubuntu, Cantarell, &quot;Helvetica Neue&quot;, Oxygen, &quot;Open Sans&quot;, sans-serif; margin-bottom: 0px !important;\"><em>Monteres enkelt i buret \u2013 passer for de fleste fuglebur og voli\u00e8reer.<\/em>&nbsp;????????<\/p>","protected":false},"excerpt":{"rendered":"<h3 class=\"\">Trixie Burpinne med Kokosn\u00f8tt Sk\u00e5l<\/h3>\n<ul>\n<li><span style=\"font-family: Poppins-Regular, &quot;Open Sans&quot;, system-ui, -apple-system, &quot;Segoe UI&quot;, Roboto, &quot;Helvetica Neue&quot;, Arial, &quot;Noto Sans&quot;, &quot;Liberation Sans&quot;, sans-serif, &quot;Apple Color Emoji&quot;, &quot;Segoe UI Emoji&quot;, &quot;Segoe UI Symbol&quot;, &quot;Noto Color Emoji&quot;;\">25 cm\/\u00f8 18 mm<\/span><\/li>\n<\/ul>","protected":false},"featured_media":20295,"comment_status":"closed","ping_status":"closed","template":"","meta":{"content-type":"","_uf_show_specific_survey":0,"_uf_disable_surveys":false,"_monsterinsights_skip_tracking":false,"_monsterinsights_sitenote_active":false,"_monsterinsights_sitenote_note":"","_monsterinsights_sitenote_category":0},"pwb-brand":[653],"product_brand":[],"product_cat":[2203,41,1147,2162,1451],"product_tag":[2163],"woo-feed-brand":[],"class_list":{"0":"post-20288","1":"product","2":"type-product","3":"status-publish","4":"has-post-thumbnail","6":"pwb-brand-trixie","7":"product_cat-bur-tilbehor","8":"product_cat-fugl","9":"product_cat-fugl-som-hobby","10":"product_cat-fuglebur-og-fuglebur-tilbehor","11":"product_cat-sittepinner","12":"product_tag-fugleskaler-og-f-orkopper","14":"first","15":"instock","16":"taxable","17":"shipping-taxable","18":"purchasable","19":"product-type-simple"},"exclude_global_add_ons":[],"addons":[],"brands":[{"id":653,"name":"Trixie","slug":"trixie"}],"_links":{"self":[{"href":"https:\/\/fuglebutikken.no\/en\/wp-json\/wp\/v2\/product\/20288","targetHints":{"allow":["GET"]}}],"collection":[{"href":"https:\/\/fuglebutikken.no\/en\/wp-json\/wp\/v2\/product"}],"about":[{"href":"https:\/\/fuglebutikken.no\/en\/wp-json\/wp\/v2\/types\/product"}],"replies":[{"embeddable":true,"href":"https:\/\/fuglebutikken.no\/en\/wp-json\/wp\/v2\/comments?post=20288"}],"wp:featuredmedia":[{"embeddable":true,"href":"https:\/\/fuglebutikken.no\/en\/wp-json\/wp\/v2\/media\/20295"}],"wp:attachment":[{"href":"https:\/\/fuglebutikken.no\/en\/wp-json\/wp\/v2\/media?parent=20288"}],"wp:term":[{"taxonomy":"pwb-brand","embeddable":true,"href":"https:\/\/fuglebutikken.no\/en\/wp-json\/wp\/v2\/pwb-brand?post=20288"},{"taxonomy":"product_brand","embeddable":true,"href":"https:\/\/fuglebutikken.no\/en\/wp-json\/wp\/v2\/product_brand?post=20288"},{"taxonomy":"product_cat","embeddable":true,"href":"https:\/\/fuglebutikken.no\/en\/wp-json\/wp\/v2\/product_cat?post=20288"},{"taxonomy":"product_tag","embeddable":true,"href":"https:\/\/fuglebutikken.no\/en\/wp-json\/wp\/v2\/product_tag?post=20288"},{"taxonomy":"woo-feed-brand","embeddable":true,"href":"https:\/\/fuglebutikken.no\/en\/wp-json\/wp\/v2\/woo-feed-brand?post=20288"}],"curies":[{"name":"wp","href":"https:\/\/api.w.org\/{rel}","templated":true}]}}