{"id":20251,"date":"2025-06-17T11:48:12","date_gmt":"2025-06-17T09:48:12","guid":{"rendered":"https:\/\/fuglebutikken.no\/butikk\/ukategorisert\/fugleleker-for-papegyer-og-parakitter-55x14cm\/"},"modified":"2025-09-15T14:29:19","modified_gmt":"2025-09-15T12:29:19","slug":"fugleleker-for-papegyer-og-parakitter-55x14cm","status":"publish","type":"product","link":"https:\/\/fuglebutikken.no\/en\/butikk\/fugl-som-hobby\/fugl\/fuglebur-og-fuglebur-tilbehor\/fugleleker-og-aktivitet\/fugleleker-for-papegyer-og-parakitter-55x14cm\/","title":{"rendered":"Fugleleker for papeg\u00f8yer og parakitter 55x14cm"},"content":{"rendered":"<h2 class=\"\">Fugleleker for papeg\u00f8yer og parakitter 55x14cm<br \/><\/h2>\n<h1 class=\"text-2xl font-bold mt-1 text-text-100\">Fugleleke med Perler og Tau &#8211; Premium Papeg\u00f8yeleke 55cm | Parrot Toy Hanger<\/h1>\n<h3 style=\"font-size: 18.288px;line-height: 1.5;margin-right: 0px;margin-bottom: 13.716px;margin-left: 0px;, sans-serif\">\n<p class=\"whitespace-normal break-words\"><strong>Gi din papeg\u00f8ye den beste underholdningen med denne fargerike fugleleken med 4 tau og treperler<\/strong><\/p>\n<\/h3>\n<h2 class=\"text-xl font-bold text-text-100 mt-1 -mb-0.5\">Produktoversikt<\/h2>\n<h3 style=\"font-size: 18.288px;line-height: 1.5;margin-right: 0px;margin-bottom: 13.716px;margin-left: 0px;, sans-serif\">\n<p class=\"whitespace-normal break-words\">Denne profesjonelle fugleleken p\u00e5 55&#215;14 cm er spesialdesignet for store papeg\u00f8yer, kakaduer, araer og andre intelligente fuglearter. Med fire sterke tau dekorert med naturlige treperler tilbyr den timevis av mental stimulering og fysisk aktivitet.<\/p>\n<\/h3>\n<h2 class=\"text-xl font-bold text-text-100 mt-1 -mb-0.5\">N\u00f8kkelfordeler<\/h2>\n<h3 class=\"text-lg font-bold text-text-100 mt-1 -mb-1.5\">Mental Stimulering &amp; Berikning<\/h3>\n<h3 style=\"font-size: 18.288px;line-height: 1.5;margin-right: 0px;margin-bottom: 13.716px;margin-left: 0px;, sans-serif\">\n<ul class=\"[&amp;:not(:last-child)_ul]:pb-1 [&amp;:not(:last-child)_ol]:pb-1 list-disc space-y-1.5 pl-7\">\n<li class=\"whitespace-normal break-words\">Forebygger kjedsomhet og destruktiv atferd som fj\u00e6rplukking<\/li>\n<li class=\"whitespace-normal break-words\">Stimulerer fuglens naturlige instinkter til utforskning og probleml\u00f8sning<\/li>\n<li class=\"whitespace-normal break-words\">Varierende teksturer og farger holder fuglen engasjert<\/li>\n<\/ul>\n<\/h3>\n<h3 class=\"text-lg font-bold text-text-100 mt-1 -mb-1.5\">Fysisk Aktivitet &amp; Helse<\/h3>\n<h3 style=\"font-size: 18.288px;line-height: 1.5;margin-right: 0px;margin-bottom: 13.716px;margin-left: 0px;, sans-serif\">\n<ul class=\"[&amp;:not(:last-child)_ul]:pb-1 [&amp;:not(:last-child)_ol]:pb-1 list-disc space-y-1.5 pl-7\">\n<li class=\"whitespace-normal break-words\">Fremmer klatring og bevegelse for bedre kondisjon<\/li>\n<li class=\"whitespace-normal break-words\">Naturlig tyggemotstand holder nebbet sunt og trimmet<\/li>\n<li class=\"whitespace-normal break-words\">St\u00f8tter naturlig atferd og koordinasjon<\/li>\n<\/ul>\n<\/h3>\n<h3 class=\"text-lg font-bold text-text-100 mt-1 -mb-1.5\">Trygg &amp; Naturlig<\/h3>\n<h3 style=\"font-size: 18.288px;line-height: 1.5;margin-right: 0px;margin-bottom: 13.716px;margin-left: 0px;, sans-serif\">\n<ul class=\"[&amp;:not(:last-child)_ul]:pb-1 [&amp;:not(:last-child)_ol]:pb-1 list-disc space-y-1.5 pl-7\">\n<li class=\"whitespace-normal break-words\">Laget av 100% fuglesikre materialer<\/li>\n<li class=\"whitespace-normal break-words\">Naturtau og ubehandlet tre uten skadelige kjemikalier<\/li>\n<li class=\"whitespace-normal break-words\">Milj\u00f8vennlig og b\u00e6rekraftig produksjon<\/li>\n<\/ul>\n<\/h3>\n<h2 class=\"text-xl font-bold text-text-100 mt-1 -mb-0.5\">Tekniske Spesifikasjoner<\/h2>\n<h3 style=\"font-size: 18.288px;line-height: 1.5;margin-right: 0px;margin-bottom: 13.716px;margin-left: 0px;, sans-serif\">\n<pre class=\"font-styrene border-border-100\/50 overflow-x-scroll w-full rounded border-[0.5px] shadow-[0_2px_12px_hsl(var(--always-black)\/5%)]\"><table class=\"bg-bg-100 min-w-full border-separate border-spacing-0 text-sm leading-[1.88888] whitespace-normal\"><thead class=\"border-b-border-100\/50 border-b-[0.5px] text-left\"><tr>&amp;]:odd:bg-bg-500\/10\"&gt;<th class=\"text-text-000 [&amp;:not(:first-child)]:-x-[hsla(var(--border-100) \/ 0.5)] font-400 px-2 [&amp;:not(:first-child)]:border-l-[0.5px]\">Egenskap<\/th><th class=\"text-text-000 [&amp;:not(:first-child)]:-x-[hsla(var(--border-100) \/ 0.5)] font-400 px-2 [&amp;:not(:first-child)]:border-l-[0.5px]\">Detaljer<\/th><\/tr><\/thead><tbody><tr>&amp;]:odd:bg-bg-500\/10\"&gt;<td class=\"border-t-border-100\/50 [&amp;:not(:first-child)]:-x-[hsla(var(--border-100) \/ 0.5)] border-t-[0.5px] px-2 [&amp;:not(:first-child)]:border-l-[0.5px]\"><strong>Dimensjoner<\/strong><\/td><td class=\"border-t-border-100\/50 [&amp;:not(:first-child)]:-x-[hsla(var(--border-100) \/ 0.5)] border-t-[0.5px] px-2 [&amp;:not(:first-child)]:border-l-[0.5px]\">55 cm (L) x 14 cm (B)<\/td><\/tr><tr>&amp;]:odd:bg-bg-500\/10\"&gt;<td class=\"border-t-border-100\/50 [&amp;:not(:first-child)]:-x-[hsla(var(--border-100) \/ 0.5)] border-t-[0.5px] px-2 [&amp;:not(:first-child)]:border-l-[0.5px]\"><strong>Vekt<\/strong><\/td><td class=\"border-t-border-100\/50 [&amp;:not(:first-child)]:-x-[hsla(var(--border-100) \/ 0.5)] border-t-[0.5px] px-2 [&amp;:not(:first-child)]:border-l-[0.5px]\">330 gram<\/td><\/tr><tr>&amp;]:odd:bg-bg-500\/10\"&gt;<td class=\"border-t-border-100\/50 [&amp;:not(:first-child)]:-x-[hsla(var(--border-100) \/ 0.5)] border-t-[0.5px] px-2 [&amp;:not(:first-child)]:border-l-[0.5px]\"><strong>Materialer<\/strong><\/td><td class=\"border-t-border-100\/50 [&amp;:not(:first-child)]:-x-[hsla(var(--border-100) \/ 0.5)] border-t-[0.5px] px-2 [&amp;:not(:first-child)]:border-l-[0.5px]\">Naturtau og fuglesikkert tre<\/td><\/tr><tr>&amp;]:odd:bg-bg-500\/10\"&gt;<td class=\"border-t-border-100\/50 [&amp;:not(:first-child)]:-x-[hsla(var(--border-100) \/ 0.5)] border-t-[0.5px] px-2 [&amp;:not(:first-child)]:border-l-[0.5px]\"><strong>Farger<\/strong><\/td><td class=\"border-t-border-100\/50 [&amp;:not(:first-child)]:-x-[hsla(var(--border-100) \/ 0.5)] border-t-[0.5px] px-2 [&amp;:not(:first-child)]:border-l-[0.5px]\">Blandede naturlige trefarger<\/td><\/tr><tr>&amp;]:odd:bg-bg-500\/10\"&gt;<td class=\"border-t-border-100\/50 [&amp;:not(:first-child)]:-x-[hsla(var(--border-100) \/ 0.5)] border-t-[0.5px] px-2 [&amp;:not(:first-child)]:border-l-[0.5px]\"><strong>Oppheng<\/strong><\/td><td class=\"border-t-border-100\/50 [&amp;:not(:first-child)]:-x-[hsla(var(--border-100) \/ 0.5)] border-t-[0.5px] px-2 [&amp;:not(:first-child)]:border-l-[0.5px]\">Solid metallkrok inkludert<\/td><\/tr><\/tbody><\/table><\/pre>\n<\/h3>\n<h2 class=\"text-xl font-bold text-text-100 mt-1 -mb-0.5\">Egnet for Disse Fugleartene<\/h2>\n<h3 style=\"font-size: 18.288px;line-height: 1.5;margin-right: 0px;margin-bottom: 13.716px;margin-left: 0px;, sans-serif\">\n<ul class=\"[&amp;:not(:last-child)_ul]:pb-1 [&amp;:not(:last-child)_ol]:pb-1 list-disc space-y-1.5 pl-7\">\n<li class=\"whitespace-normal break-words\"><strong>Store papeg\u00f8yer<\/strong>: Gr\u00e5papeg\u00f8yer, amazoner, eclectus<\/li>\n<li class=\"whitespace-normal break-words\"><strong>Kakaduer<\/strong>: Alle st\u00f8rrelser og arter<\/li>\n<li class=\"whitespace-normal break-words\"><strong>Araer<\/strong>: B\u00e5de store og mindre arter<\/li>\n<li class=\"whitespace-normal break-words\"><strong>Andre<\/strong>: Conurer, kaiker og lignende aktive fugler<\/li>\n<\/ul>\n<\/h3>\n<h2 class=\"text-xl font-bold text-text-100 mt-1 -mb-0.5\">Enkel Installasjon &amp; Bruk<\/h2>\n<h3 class=\"text-lg font-bold text-text-100 mt-1 -mb-1.5\">Oppsett<\/h3>\n<h3 style=\"font-size: 18.288px;line-height: 1.5;margin-right: 0px;margin-bottom: 13.716px;margin-left: 0px;, sans-serif\">\n<ol class=\"[&amp;:not(:last-child)_ul]:pb-1 [&amp;:not(:last-child)_ol]:pb-1 list-decimal space-y-1.5 pl-7\">\n<li class=\"whitespace-normal break-words\">Fest metallkroken sikkert til burets tak eller voli\u00e8regitter<\/li>\n<li class=\"whitespace-normal break-words\">Juster h\u00f8yden slik at fuglen enkelt kan n\u00e5 leken<\/li>\n<li class=\"whitespace-normal break-words\">Kontroller at alle deler sitter godt fast f\u00f8r bruk<\/li>\n<\/ol>\n<\/h3>\n<h3 class=\"text-lg font-bold text-text-100 mt-1 -mb-1.5\">Bruksanbeisninger<\/h3>\n<h3 style=\"font-size: 18.288px;line-height: 1.5;margin-right: 0px;margin-bottom: 13.716px;margin-left: 0px;, sans-serif\">\n<ul class=\"[&amp;:not(:last-child)_ul]:pb-1 [&amp;:not(:last-child)_ol]:pb-1 list-disc space-y-1.5 pl-7\">\n<li class=\"whitespace-normal break-words\"><strong>Plassering<\/strong>: Heng p\u00e5 et sted med god tilgang, men ikke over mat\/vann<\/li>\n<li class=\"whitespace-normal break-words\"><strong>Overv\u00e5king<\/strong>: Observer fuglen de f\u00f8rste dagene for \u00e5 sikre trygg bruk<\/li>\n<li class=\"whitespace-normal break-words\"><strong>Kombinering<\/strong>: Fungerer utmerket sammen med andre fugletek<\/li>\n<li class=\"whitespace-normal break-words\"><strong>Rotasjon<\/strong>: Bytt ut eller roter leker regelmessig for fortsatt interesse<\/li>\n<\/ul>\n<\/h3>\n<h2 class=\"text-xl font-bold text-text-100 mt-1 -mb-0.5\">Sikkerhet &amp; Vedlikehold<\/h2>\n<h3 style=\"font-size: 18.288px;line-height: 1.5;margin-right: 0px;margin-bottom: 13.716px;margin-left: 0px;, sans-serif\">\n<ul class=\"[&amp;:not(:last-child)_ul]:pb-1 [&amp;:not(:last-child)_ol]:pb-1 list-disc space-y-1.5 pl-7\">\n<li class=\"whitespace-normal break-words\">Inspis\u00e9r leken jevnlig for slitasje<\/li>\n<li class=\"whitespace-normal break-words\">Skift ut hvis tau eller perler blir for slitt<\/li>\n<li class=\"whitespace-normal break-words\">Rengj\u00f8r med fuglesikre rengj\u00f8ringsmidler ved behov<\/li>\n<li class=\"whitespace-normal break-words\">Ikke bruk hvis deler l\u00f8sner eller blir skadet<\/li>\n<\/ul>\n<\/h3>\n<h2 class=\"text-xl font-bold text-text-100 mt-1 -mb-0.5\">Perfekt Valg For<\/h2>\n<h3 style=\"font-size: 18.288px;line-height: 1.5;margin-right: 0px;margin-bottom: 13.716px;margin-left: 0px;, sans-serif\">\n<p class=\"whitespace-normal break-words\">\u2705 Eiere av store, aktive papeg\u00f8yer<br \/>\n\u2705 Fugler som trenger mer mental stimulering<br \/>\n\u2705 Bur og voli\u00e8rer med god takh\u00f8yde<br \/>\n\u2705 Milj\u00f8bevisste fugleeiere som vil ha naturlige materialer<\/p>\n<\/h3>\n<h2 class=\"text-xl font-bold text-text-100 mt-1 -mb-0.5\">Bestill Din Fugleleke I Dag<\/h2>\n<h3 style=\"font-size: 18.288px;line-height: 1.5;margin-right: 0px;margin-bottom: 13.716px;margin-left: 0px;, sans-serif\">\n<p class=\"whitespace-normal break-words\">Gi din fj\u00e6rkledde venn en rikere og mer stimulerende hverdag. Denne holdbare og trygge fugleleken leveres klar for umiddelbar bruk og kommer med full kvalitetsgaranti.<\/p>\n<hr>\n<p class=\"whitespace-normal break-words\"><strong>Viktig informasjon<\/strong>: Farger p\u00e5 treperler kan variere fra produktbilde grunnet naturlige varianter i materialet. Dette p\u00e5virker ikke kvalitet eller funksjon.<\/p>\n<p class=\"whitespace-normal break-words\"><strong>Frakt<\/strong>: Rask levering til hele Norge. Se fraktinformasjon ved bestilling.<\/p>\n<hr>\n<p class=\"whitespace-normal break-words\"><em>S\u00f8keord: fugleleke, papeg\u00f8yeleke, fugletau, fugleper ler, mental stimulering fugl, papeg\u00f8y tilbeh\u00f8r, kakadu leke, ara leke, naturlig fugleleke, fugleberikning<\/em><\/p>\n<\/h3>\n","protected":false},"excerpt":{"rendered":"<h3 class=\"\">Fugleleker for papeg\u00f8yer og parakitter 55x14cm<\/h3>\n<li class=\"whitespace-normal break-words\"><strong>Mental stimulering<\/strong> &#8211; Fokuserer p\u00e5 hovedproblemet (kjedsomhet\/fj\u00e6rplukking)<\/li>\n<li class=\"whitespace-normal break-words\"><strong>Naturlige materialer<\/strong> &#8211; Fremhever sikkerhet og kvalitet<\/li>\n<li class=\"whitespace-normal break-words\"><strong>Fysisk aktivitet<\/strong> &#8211; Belyser helsefordeler<\/li>\n<li class=\"whitespace-normal break-words\"><strong>Enkel montering<\/strong> &#8211; Reduserer bekymringer om installasjon<\/li>\n<li class=\"whitespace-normal break-words\"><strong>Holdbar kvalitet<\/strong> &#8211; Bygger tillit til produktets levetid<\/li>","protected":false},"featured_media":21495,"comment_status":"open","ping_status":"closed","template":"","meta":{"content-type":"","_uf_show_specific_survey":0,"_uf_disable_surveys":false,"_monsterinsights_skip_tracking":false,"_monsterinsights_sitenote_active":false,"_monsterinsights_sitenote_note":"","_monsterinsights_sitenote_category":0},"pwb-brand":[2160],"product_brand":[],"product_cat":[41,1147,2162,2164],"product_tag":[1873],"woo-feed-brand":[],"class_list":{"0":"post-20251","1":"product","2":"type-product","3":"status-publish","4":"has-post-thumbnail","6":"pwb-brand-flamingo","7":"product_cat-fugl","8":"product_cat-fugl-som-hobby","9":"product_cat-fuglebur-og-fuglebur-tilbehor","10":"product_cat-fugleleker-og-aktivitet","11":"product_tag-fugleleker","13":"first","14":"instock","15":"taxable","16":"shipping-taxable","17":"purchasable","18":"product-type-simple"},"exclude_global_add_ons":[],"addons":[],"brands":[{"id":2160,"name":"Flamingo","slug":"flamingo"}],"_links":{"self":[{"href":"https:\/\/fuglebutikken.no\/en\/wp-json\/wp\/v2\/product\/20251","targetHints":{"allow":["GET"]}}],"collection":[{"href":"https:\/\/fuglebutikken.no\/en\/wp-json\/wp\/v2\/product"}],"about":[{"href":"https:\/\/fuglebutikken.no\/en\/wp-json\/wp\/v2\/types\/product"}],"replies":[{"embeddable":true,"href":"https:\/\/fuglebutikken.no\/en\/wp-json\/wp\/v2\/comments?post=20251"}],"wp:featuredmedia":[{"embeddable":true,"href":"https:\/\/fuglebutikken.no\/en\/wp-json\/wp\/v2\/media\/21495"}],"wp:attachment":[{"href":"https:\/\/fuglebutikken.no\/en\/wp-json\/wp\/v2\/media?parent=20251"}],"wp:term":[{"taxonomy":"pwb-brand","embeddable":true,"href":"https:\/\/fuglebutikken.no\/en\/wp-json\/wp\/v2\/pwb-brand?post=20251"},{"taxonomy":"product_brand","embeddable":true,"href":"https:\/\/fuglebutikken.no\/en\/wp-json\/wp\/v2\/product_brand?post=20251"},{"taxonomy":"product_cat","embeddable":true,"href":"https:\/\/fuglebutikken.no\/en\/wp-json\/wp\/v2\/product_cat?post=20251"},{"taxonomy":"product_tag","embeddable":true,"href":"https:\/\/fuglebutikken.no\/en\/wp-json\/wp\/v2\/product_tag?post=20251"},{"taxonomy":"woo-feed-brand","embeddable":true,"href":"https:\/\/fuglebutikken.no\/en\/wp-json\/wp\/v2\/woo-feed-brand?post=20251"}],"curies":[{"name":"wp","href":"https:\/\/api.w.org\/{rel}","templated":true}]}}