{"id":199,"date":"2020-02-22T18:08:35","date_gmt":"2020-02-22T17:08:35","guid":{"rendered":"https:\/\/274105-www.web.tornado-node.net\/fugl\/product\/parakittbur-sonia-61-5x40x65cm-gra-og-brun\/"},"modified":"2026-02-05T09:49:18","modified_gmt":"2026-02-05T08:49:18","slug":"parakittbur-fp-sonia","status":"publish","type":"product","link":"https:\/\/fuglebutikken.no\/en\/butikk\/fugl-som-hobby\/fugl\/fuglebur-og-fuglebur-tilbehor\/parakittbur-fp-sonia\/","title":{"rendered":"Parakittbur Fp Sonia"},"content":{"rendered":"<h2 class=\"\">Parakittbur Fp Sonia&nbsp;<\/h2>\n<p>Sonia fuglebur er et praktisk og sikkert hjem for parakitter. Buret har en klassisk rektangul\u00e6r form som gir god plass og komfort, samtidig som det er utstyrt med alt n\u00f8dvendig tilbeh\u00f8r for fuglens trivsel og enkel vedlikehold.<\/p>\n<p>Solid metalltr\u00e5dstruktur med plastbelagt overflate for lang levetid.<br \/>Romslig innredning med komfortable sittepinner i plast, belagt med sklisikkert gummi som sk\u00e5ner fuglenes f\u00f8tter.<br \/>To praktiske Brava 4 roterende matere som kan fylles fra utsiden uten \u00e5 \u00e5pne buret.<br \/>Sikkerhetsl\u00e5s p\u00e5 d\u00f8ren og praktiske b\u00e6reh\u00e5ndtak p\u00e5 toppen.<br \/>Laget av resirkulert plast og jern \u2013 et milj\u00f8vennlig, b\u00e6rekraftig produkt.<\/p>\n<p><b>Tilgjengelige st\u00f8rrelser:<\/b><br \/>Sonia Medium:&nbsp;61,5 x 40 x 65 cm (ideell for nymfeparakitter)<br \/>Sonia Large:&nbsp;72 x 44 x 75,5 cm (for ekstra romslighet og trivsel)<br \/>Nettingavstand: 18,5 mm<\/p>\n<p>Sonia fuglebur kombinerer funksjonalitet, komfort og b\u00e6rekraft i \u00e9n l\u00f8sning \u2013 et ideelt valg for deg som vil gi fuglene dine et trygt og behagelig hjem.<\/p>","protected":false},"excerpt":{"rendered":"<h3 class=\"\"><span style=\"font-size: 28px\">Parakittbur Fp Sonia&nbsp;<\/span><\/h3>\n<h3 class=\"\"><span style=\"font-size: 16px\">Sonia Medium:&nbsp;61,5 x 40 x 65 cm&nbsp;<\/span><br style=\"font-size: 16px\"><span style=\"font-size: 16px\">Sonia Large:&nbsp;72 x 44 x 75,5 cm&nbsp;<\/span><br \/><span style=\"font-size: 16px\">Nettingavstand: 18,5 mm<\/span><span style=\"font-size: 28px\"><\/span><\/h3>","protected":false},"featured_media":27239,"comment_status":"closed","ping_status":"closed","template":"","meta":{"content-type":"","_uf_show_specific_survey":0,"_uf_disable_surveys":false,"_monsterinsights_skip_tracking":false,"_monsterinsights_sitenote_active":false,"_monsterinsights_sitenote_note":"","_monsterinsights_sitenote_category":0},"pwb-brand":[661],"product_brand":[],"product_cat":[2162,1147,41],"product_tag":[1278,96,2179],"woo-feed-brand":[],"class_list":{"0":"post-199","1":"product","2":"type-product","3":"status-publish","4":"has-post-thumbnail","6":"pwb-brand-ferplast","7":"product_cat-fuglebur-og-fuglebur-tilbehor","8":"product_cat-fugl-som-hobby","9":"product_cat-fugl","10":"product_tag-drikkefontene","11":"product_tag-undulat","12":"product_tag-vannfontene-filter","14":"first","15":"instock","16":"taxable","17":"shipping-taxable","18":"purchasable","19":"product-type-variable","20":"has-default-attributes"},"exclude_global_add_ons":[],"addons":[],"brands":[{"id":661,"name":"Ferplast","slug":"ferplast"}],"_links":{"self":[{"href":"https:\/\/fuglebutikken.no\/en\/wp-json\/wp\/v2\/product\/199","targetHints":{"allow":["GET"]}}],"collection":[{"href":"https:\/\/fuglebutikken.no\/en\/wp-json\/wp\/v2\/product"}],"about":[{"href":"https:\/\/fuglebutikken.no\/en\/wp-json\/wp\/v2\/types\/product"}],"replies":[{"embeddable":true,"href":"https:\/\/fuglebutikken.no\/en\/wp-json\/wp\/v2\/comments?post=199"}],"wp:featuredmedia":[{"embeddable":true,"href":"https:\/\/fuglebutikken.no\/en\/wp-json\/wp\/v2\/media\/27239"}],"wp:attachment":[{"href":"https:\/\/fuglebutikken.no\/en\/wp-json\/wp\/v2\/media?parent=199"}],"wp:term":[{"taxonomy":"pwb-brand","embeddable":true,"href":"https:\/\/fuglebutikken.no\/en\/wp-json\/wp\/v2\/pwb-brand?post=199"},{"taxonomy":"product_brand","embeddable":true,"href":"https:\/\/fuglebutikken.no\/en\/wp-json\/wp\/v2\/product_brand?post=199"},{"taxonomy":"product_cat","embeddable":true,"href":"https:\/\/fuglebutikken.no\/en\/wp-json\/wp\/v2\/product_cat?post=199"},{"taxonomy":"product_tag","embeddable":true,"href":"https:\/\/fuglebutikken.no\/en\/wp-json\/wp\/v2\/product_tag?post=199"},{"taxonomy":"woo-feed-brand","embeddable":true,"href":"https:\/\/fuglebutikken.no\/en\/wp-json\/wp\/v2\/woo-feed-brand?post=199"}],"curies":[{"name":"wp","href":"https:\/\/api.w.org\/{rel}","templated":true}]}}