{"id":178,"date":"2020-02-22T18:08:36","date_gmt":"2020-02-22T17:08:36","guid":{"rendered":"https:\/\/274105-www.web.tornado-node.net\/fugl\/product\/mineralstein-med-jod\/"},"modified":"2024-10-29T19:37:35","modified_gmt":"2024-10-29T18:37:35","slug":"mineralstein-med-jod","status":"publish","type":"product","link":"https:\/\/fuglebutikken.no\/en\/butikk\/fugl-som-hobby\/fugl\/spise\/fuglevitaminer-og-mineraler\/mineralstein-med-jod\/","title":{"rendered":"Mineralstein med Jod"},"content":{"rendered":"<h2>Mineralstein med Jod<\/h2>\n<p>Mineralblokken kommer med krok s\u00e5 den er enkel \u00e5 henge opp, og er uunnv\u00e6rlig i alle fuglebur.<\/p>\n<p>Fugler i bur trenger \u00e5 v\u00e6re i aktivitet, og en m\u00e5te \u00e5 aktivisere seg p\u00e5. Fuglen b\u00f8r ha forskjellige ting \u00e5 hakke p\u00e5 i buret. Mineralsteinen har en god virkning p\u00e5 fuglens ford\u00f8yelse og er en sunn hakkestein . Fugler med jodmangel, kan utvikle struma, akkurat som oss mennesker. Fr\u00f8blandinger kan mangle viktige n\u00e6ringsmidler som Jod. Fr\u00f8blandinger av h\u00f8y kvalitet skal v\u00e6re tilsatt Jod.<br \/>\nMineralstein passer spesielt til kanarifugl, bokfink, undulat, stor papeg\u00f8ye og eksotiske duer.<\/p>\n<p>Mineralstein hjelper ford\u00f8yelsen, og bidrar til god nebbpleie,&nbsp; samt letter myting.<\/p>\n<p>Inneholder: kalsiumsulfat, kalsiumbikarbonat, ris, mel, hvetemel.<br \/>\nP\u00e5 grunn av sitt h\u00f8ye innhold av sporstoffer i forhold til komplett kj\u00e6ledyrmat, kan dette tilskuddsf\u00f4ret ikke overstige 10% av den daglige matrasjonen.<\/p>\n<p>Ern\u00e6ringsmessige tilsetningsstoffer: Sink 8500mg, Vit. B1 700 mg, Vit B2 300 mg, Jod 100 mg<\/p>","protected":false},"excerpt":{"rendered":"<h2>Mineralstein med Jod<\/h2>\n<p>Mineralstein med Jod&nbsp;er proppfull av viktige vitaminer og mineraler for \u00e5 fremme god helse for alle sm\u00e5 og st\u00f8rre fugler.<br \/>\nDen gir ikke bare underholdning og ern\u00e6ring for fuglen, men vil ogs\u00e5 bidra til at nebb og kl\u00f8r er i god form, og vil gj\u00f8re det enklere \u00e5 h\u00e5ndtere fuglen din.<\/p>\n<ul>\n<li>naturlig produkt<\/li>\n<li>bist\u00e5r til naturlig nebbpleie<\/li>\n<li>med holder<\/li>\n<\/ul>","protected":false},"featured_media":11973,"comment_status":"open","ping_status":"closed","template":"","meta":{"content-type":"","_uf_show_specific_survey":0,"_uf_disable_surveys":false,"_monsterinsights_skip_tracking":false,"_monsterinsights_sitenote_active":false,"_monsterinsights_sitenote_note":"","_monsterinsights_sitenote_category":0},"pwb-brand":[653],"product_brand":[],"product_cat":[41,1147,78],"product_tag":[],"woo-feed-brand":[],"class_list":{"0":"post-178","1":"product","2":"type-product","3":"status-publish","4":"has-post-thumbnail","6":"pwb-brand-trixie","7":"product_cat-fugl","8":"product_cat-fugl-som-hobby","9":"product_cat-fuglevitaminer-og-mineraler","11":"first","12":"instock","13":"taxable","14":"shipping-taxable","15":"purchasable","16":"product-type-variable","17":"has-default-attributes"},"exclude_global_add_ons":[],"addons":[],"brands":[{"id":653,"name":"Trixie","slug":"trixie"}],"_links":{"self":[{"href":"https:\/\/fuglebutikken.no\/en\/wp-json\/wp\/v2\/product\/178","targetHints":{"allow":["GET"]}}],"collection":[{"href":"https:\/\/fuglebutikken.no\/en\/wp-json\/wp\/v2\/product"}],"about":[{"href":"https:\/\/fuglebutikken.no\/en\/wp-json\/wp\/v2\/types\/product"}],"replies":[{"embeddable":true,"href":"https:\/\/fuglebutikken.no\/en\/wp-json\/wp\/v2\/comments?post=178"}],"wp:featuredmedia":[{"embeddable":true,"href":"https:\/\/fuglebutikken.no\/en\/wp-json\/wp\/v2\/media\/11973"}],"wp:attachment":[{"href":"https:\/\/fuglebutikken.no\/en\/wp-json\/wp\/v2\/media?parent=178"}],"wp:term":[{"taxonomy":"pwb-brand","embeddable":true,"href":"https:\/\/fuglebutikken.no\/en\/wp-json\/wp\/v2\/pwb-brand?post=178"},{"taxonomy":"product_brand","embeddable":true,"href":"https:\/\/fuglebutikken.no\/en\/wp-json\/wp\/v2\/product_brand?post=178"},{"taxonomy":"product_cat","embeddable":true,"href":"https:\/\/fuglebutikken.no\/en\/wp-json\/wp\/v2\/product_cat?post=178"},{"taxonomy":"product_tag","embeddable":true,"href":"https:\/\/fuglebutikken.no\/en\/wp-json\/wp\/v2\/product_tag?post=178"},{"taxonomy":"woo-feed-brand","embeddable":true,"href":"https:\/\/fuglebutikken.no\/en\/wp-json\/wp\/v2\/woo-feed-brand?post=178"}],"curies":[{"name":"wp","href":"https:\/\/api.w.org\/{rel}","templated":true}]}}