{"id":172,"date":"2020-02-22T18:08:36","date_gmt":"2020-02-22T17:08:36","guid":{"rendered":"https:\/\/274105-www.web.tornado-node.net\/fugl\/product\/vitapol-mineralsten\/"},"modified":"2025-11-11T14:34:05","modified_gmt":"2025-11-11T13:34:05","slug":"vitapol-mineralsten","status":"publish","type":"product","link":"https:\/\/fuglebutikken.no\/en\/butikk\/fugl-som-hobby\/fugl\/spise\/fuglevitaminer-og-mineraler\/vitapol-mineralsten\/","title":{"rendered":"Vitapol Mineralsten"},"content":{"rendered":"<h2>Vitapol Mineralsten<\/h2>\n<p>Mineral kosttilskudd for \u00e5 st\u00f8tte utviklingen, veksten og livet din fugl. Det er viktig allerede fra de f\u00f8rste dagene av livet for \u00e5 styrke bein, kl\u00f8r, fj\u00e6r og andre strukturer. Forhindre rakitt. Mineralsk f\u00f4rmateriale. Gis som ett tillegg til mat.<\/p>\n<p>SAMMENSETNING 100 % kalsiumkarbonat.<br \/>\nANALYTISKE BESTANDDELER kalsium (Ca) min. 36,3 %, kalsium (Ca) maks. 40,8 %, fosfor (P) min. 0,01 %, natrium (Na) min. 0,01 %, natrium (Na) maks. 0,61 %.<\/p>","protected":false},"excerpt":{"rendered":"<h3>Vitapol Mineralsten<\/h3>\n<ul>\n<li>Mineralsteiner dekker tilskudd av mineraler .<\/li>\n<\/ul>","protected":false},"featured_media":23408,"comment_status":"closed","ping_status":"closed","template":"","meta":{"content-type":"","_uf_show_specific_survey":0,"_uf_disable_surveys":false,"_monsterinsights_skip_tracking":false,"_monsterinsights_sitenote_active":false,"_monsterinsights_sitenote_note":"","_monsterinsights_sitenote_category":0},"pwb-brand":[674],"product_brand":[],"product_cat":[41,1147,78],"product_tag":[1901,1910,1911],"woo-feed-brand":[],"class_list":{"0":"post-172","1":"product","2":"type-product","3":"status-publish","4":"has-post-thumbnail","6":"pwb-brand-vitapol","7":"product_cat-fugl","8":"product_cat-fugl-som-hobby","9":"product_cat-fuglevitaminer-og-mineraler","10":"product_tag-fuglepleie-og-kosttilskudd","11":"product_tag-minera","12":"product_tag-sepiaskall-og-mineralstener","14":"first","15":"instock","16":"taxable","17":"shipping-taxable","18":"purchasable","19":"product-type-variable","20":"has-default-attributes"},"exclude_global_add_ons":[],"addons":[],"brands":[{"id":674,"name":"Vitapol","slug":"vitapol"}],"_links":{"self":[{"href":"https:\/\/fuglebutikken.no\/en\/wp-json\/wp\/v2\/product\/172","targetHints":{"allow":["GET"]}}],"collection":[{"href":"https:\/\/fuglebutikken.no\/en\/wp-json\/wp\/v2\/product"}],"about":[{"href":"https:\/\/fuglebutikken.no\/en\/wp-json\/wp\/v2\/types\/product"}],"replies":[{"embeddable":true,"href":"https:\/\/fuglebutikken.no\/en\/wp-json\/wp\/v2\/comments?post=172"}],"wp:featuredmedia":[{"embeddable":true,"href":"https:\/\/fuglebutikken.no\/en\/wp-json\/wp\/v2\/media\/23408"}],"wp:attachment":[{"href":"https:\/\/fuglebutikken.no\/en\/wp-json\/wp\/v2\/media?parent=172"}],"wp:term":[{"taxonomy":"pwb-brand","embeddable":true,"href":"https:\/\/fuglebutikken.no\/en\/wp-json\/wp\/v2\/pwb-brand?post=172"},{"taxonomy":"product_brand","embeddable":true,"href":"https:\/\/fuglebutikken.no\/en\/wp-json\/wp\/v2\/product_brand?post=172"},{"taxonomy":"product_cat","embeddable":true,"href":"https:\/\/fuglebutikken.no\/en\/wp-json\/wp\/v2\/product_cat?post=172"},{"taxonomy":"product_tag","embeddable":true,"href":"https:\/\/fuglebutikken.no\/en\/wp-json\/wp\/v2\/product_tag?post=172"},{"taxonomy":"woo-feed-brand","embeddable":true,"href":"https:\/\/fuglebutikken.no\/en\/wp-json\/wp\/v2\/woo-feed-brand?post=172"}],"curies":[{"name":"wp","href":"https:\/\/api.w.org\/{rel}","templated":true}]}}