{"id":168,"date":"2020-02-22T18:08:36","date_gmt":"2020-02-22T17:08:36","guid":{"rendered":"https:\/\/274105-www.web.tornado-node.net\/fugl\/product\/stige-til-fugl-58cm\/"},"modified":"2025-12-01T17:35:41","modified_gmt":"2025-12-01T16:35:41","slug":"stige-til-fugl-58cm","status":"publish","type":"product","link":"https:\/\/fuglebutikken.no\/en\/butikk\/fugl-som-hobby\/fugl\/fuglebur-og-fuglebur-tilbehor\/fugleleker-og-aktivitet\/stige-til-fugl-58cm\/","title":{"rendered":"Stige til fugl 58cm"},"content":{"rendered":"<h2>Stige til fugl 58cm<\/h2>\n<p>Denne trestigen p\u00e5 58cm er den perfekte aktivitetsleken for undulater og andre parakitter. Den skaper et variert og stimulerende oppholdsrom i buret, hvor fuglene dine kan klatre, leke og slappe av.<\/p>\n<h3>Fordeler for fuglen din<\/h3>\n<p>Stiger gir fuglene dine mange muligheter for klatring, lek og avslapning, noe som er essensielt for deres fysiske og mentale velv\u00e6re. Ved \u00e5 plassere flere stiger i buret skaper du et variert milj\u00f8 som holder fuglene aktive og engasjerte. Dette bidrar til \u00e5 forebygge kjedsomhet og fremmer naturlig atferd.<\/p>\n<h3>Sikkerhet og kvalitet<\/h3>\n<p>Vi legger stor vekt p\u00e5 helsen til kj\u00e6ledyret ditt, derfor bruker vi kun tresorter som ikke har harpikskanaler og limtyper som er helt giftfrie. Produktet er laget av h\u00f8ykvalitets tresorter, tau eller en kombinasjon av tre med tau og snorer for optimal klatreopplevelse og maksimal sikkerhet.<\/p>\n<h3>Bruk og plassering<\/h3>\n<p>Stigen kan enkelt henges opp i buret og kombineres med andre aktivitetsleker for \u00e5 skape et enda mer stimulerende milj\u00f8. Med sin lengde p\u00e5 58cm passer den perfekt i de fleste fuglebur og gir fuglene dine utfordringer p\u00e5 forskjellige niv\u00e5er i buret.<\/p>","protected":false},"excerpt":{"rendered":"<h3>Stige til fugl 58cm<\/h3>\n<p>Trestige til fugl 58cm er en stige aktivitets leke til undulater og andre parakitter.<\/p>\n<p>Vi legger stor vekt p\u00e5 helsen til kj\u00e6ledyret ditt. Av denne grunn bruker vi kun tresorter som ikke har harpikskanaler og limtyper som er giftfrie.<\/p>","protected":false},"featured_media":25295,"comment_status":"closed","ping_status":"closed","template":"","meta":{"content-type":"","_uf_show_specific_survey":0,"_uf_disable_surveys":false,"_monsterinsights_skip_tracking":false,"_monsterinsights_sitenote_active":false,"_monsterinsights_sitenote_note":"","_monsterinsights_sitenote_category":0},"pwb-brand":[653],"product_brand":[],"product_cat":[41,1147,2162,2164],"product_tag":[1873,96],"woo-feed-brand":[],"class_list":{"0":"post-168","1":"product","2":"type-product","3":"status-publish","4":"has-post-thumbnail","6":"pwb-brand-trixie","7":"product_cat-fugl","8":"product_cat-fugl-som-hobby","9":"product_cat-fuglebur-og-fuglebur-tilbehor","10":"product_cat-fugleleker-og-aktivitet","11":"product_tag-fugleleker","12":"product_tag-undulat","14":"first","15":"instock","16":"taxable","17":"shipping-taxable","18":"purchasable","19":"product-type-simple"},"exclude_global_add_ons":[],"addons":[],"brands":[{"id":653,"name":"Trixie","slug":"trixie"}],"_links":{"self":[{"href":"https:\/\/fuglebutikken.no\/en\/wp-json\/wp\/v2\/product\/168","targetHints":{"allow":["GET"]}}],"collection":[{"href":"https:\/\/fuglebutikken.no\/en\/wp-json\/wp\/v2\/product"}],"about":[{"href":"https:\/\/fuglebutikken.no\/en\/wp-json\/wp\/v2\/types\/product"}],"replies":[{"embeddable":true,"href":"https:\/\/fuglebutikken.no\/en\/wp-json\/wp\/v2\/comments?post=168"}],"wp:featuredmedia":[{"embeddable":true,"href":"https:\/\/fuglebutikken.no\/en\/wp-json\/wp\/v2\/media\/25295"}],"wp:attachment":[{"href":"https:\/\/fuglebutikken.no\/en\/wp-json\/wp\/v2\/media?parent=168"}],"wp:term":[{"taxonomy":"pwb-brand","embeddable":true,"href":"https:\/\/fuglebutikken.no\/en\/wp-json\/wp\/v2\/pwb-brand?post=168"},{"taxonomy":"product_brand","embeddable":true,"href":"https:\/\/fuglebutikken.no\/en\/wp-json\/wp\/v2\/product_brand?post=168"},{"taxonomy":"product_cat","embeddable":true,"href":"https:\/\/fuglebutikken.no\/en\/wp-json\/wp\/v2\/product_cat?post=168"},{"taxonomy":"product_tag","embeddable":true,"href":"https:\/\/fuglebutikken.no\/en\/wp-json\/wp\/v2\/product_tag?post=168"},{"taxonomy":"woo-feed-brand","embeddable":true,"href":"https:\/\/fuglebutikken.no\/en\/wp-json\/wp\/v2\/woo-feed-brand?post=168"}],"curies":[{"name":"wp","href":"https:\/\/api.w.org\/{rel}","templated":true}]}}