{"id":15201,"date":"2025-04-08T10:17:19","date_gmt":"2025-04-08T08:17:19","guid":{"rendered":"https:\/\/fuglebutikken.no\/butikk\/uncategorized\/nutribird-hndoppmating-handmix-500gr\/"},"modified":"2025-10-20T07:58:12","modified_gmt":"2025-10-20T05:58:12","slug":"nutribird-hndoppmating-handmix-500gr","status":"publish","type":"product","link":"https:\/\/fuglebutikken.no\/en\/butikk\/fugl-som-hobby\/fugl\/spise\/fuglemat-til-undulater-papeg-yer-og-burfugler\/handoppmating\/nutribird-hndoppmating-handmix-500gr\/","title":{"rendered":"Nutribird h\u00e5ndoppmating Handmix 500gr"},"content":{"rendered":"<h2>Nutribird h\u00e5ndoppmating Handmix 500gr<\/h2>\n<p><strong>H\u00e5ndoppdrettsmat for Kanari, Fink og andre sm\u00e5 fr\u00f8- og insektspisende fugler<\/strong><br \/>\nVitenskapelig godkjent sammensetning med alle n\u00e6ringsstoffene din babyfugl trenger. S\u00f8rger for optimal vekst til helt friske unge fugler. Kan brukes til 100 % h\u00e5ndoppdrett, samt som supplement til f\u00f4ring i redet.<\/p>\n<p>Med tarmflora-stabilisatorer, prebiotika, ford\u00f8yelsesenzymer og organiske syrer for \u00e5 fremme ford\u00f8yelsen.<br \/>Suppleringsf\u00f4r for svakere fugler.<br \/>\nAnbefalt av veterin\u00e6rer og brukt over hele verden av ornitologiske parker og toppoppdrettere.<\/p>\n<p><strong>Opti Digest<\/strong><br \/>\nEnzymer, organiske syrer og probiotika st\u00f8tter optimal utvikling av brystet (crop) for bedre ford\u00f8yelse av maten.<\/p>\n<p><strong>Opti Feather<\/strong><br \/>\nInneholder alle n\u00e6ringsstoffene som er n\u00f8dvendige for utviklingen av et vakkert fj\u00e6rdrakt.<\/p>\n<p><strong>Opti Growth<\/strong><br \/>\nEn velbalansert mat som bidrar til utviklingen av sunne unge fugler takket v\u00e6re riktig mengde vitaminer, mineraler og aminosyrer.<\/p>\n<p><strong>Sammensetning<\/strong><br \/>\nBakeriprodukter, vegetabilske proteinekstrakter, oljer og fett, derivater av vegetabilsk opprinnelse, mineraler, sukker, gj\u00e6r, organiske syrer (2500 mg\/kg), psyllium, mannan-oligosakkarider (1000 mg\/kg), lecitin.<\/p>\n<p><strong>Analytiske bestanddeler<\/strong><br \/>\nProtein 21%, fettinnhold 12%, r\u00e5aske 8,5%, r\u00e5fiber 1,5%, lysin 1,3%, metionin 0,6%, tryptofan 0,27%, treonin 0,8%, kalsium 1,5%, fosfor 0,8%, natrium 0,37%, magnesium 0,15%.<\/p>\n<p><strong>Tilsetningsstoffer\/kg<\/strong><br \/>\n<strong>N\u00e6ringsstofftilsetningsstoffer<\/strong><br \/>\nVitamin A 7200 IU, 3a160a \u03b2-karoten 4,35 mg, vitamin D3 1500 IU, vitamin E 85 mg, vitamin B1 7,2 mg, vitamin B2 16 mg, kalsium-D-pantotenat 20 mg, vitamin B6 6 mg, vitamin B12 0,03 mg, vitamin C 52 mg, niacin 80 mg, folsyre 1,5 mg, biotin 0,26 mg, kolin-klorid 700 mg, 3b202 (jod) 2 mg, 3b405 (kobber) 10 mg, 3b503 (mangan) 100 mg, 3b605 (sink) 96 mg, 3b802 (selen) 0,1 mg, 3b811 (organisk selen) 0,1 mg.<\/p>\n<p><strong>Zoo Tekniske Tilsetningsstoffer<\/strong><br \/>\nBacillus subtilis C-3102 (DSM 15544) 22.10 8 CFU, endo-1,4-\u03b2-xylanase (EC 3.2.1.8) 3000 EPU.<\/p>\n<p><strong>Teknologiske tilsetningsstoffer<\/strong><br \/>\nAntioksidanter.<\/p>\n<p><strong>Bruksanvisning<\/strong><br \/>\n<strong>DOSERING OG FREKVENS AV F\u00d4RING<\/strong><br \/>\nBland 7 deler lunkent vann med 1 del NutriBird HANDMIX. Reduser gradvis til 3 deler lunkent vann og 1 del NutriBird HANDMIX.<\/p>\n<p><strong>HVOR MYE F\u00d4RING<\/strong><br \/>\nGi ca. 10 % av fuglens vekt per m\u00e5ltid.<\/p>\n<p><strong>HVORDAN F\u00d4RE<\/strong><br \/>\nBruk en spr\u00f8yte, en brystsonde eller en b\u00f8yd skje.<\/p>","protected":false},"excerpt":{"rendered":"<h3>Nutribird h\u00e5ndoppmating Handmix 500gr<\/h3>\n<p><span style=\"font-weight: bolder;\">H\u00e5ndoppdrettsmat for Kanari, Fink og andre sm\u00e5 fr\u00f8- og insektspisende fugler<\/span><\/p>\n<ul>\n<li><strong data-start=\"36\" data-end=\"67\" style=\"font-size: 1rem;\">Vitenskapelig sammensetning<\/strong><span style=\"font-size: 1rem;\">: H\u00e5ndoppdrettsmaten er laget for \u00e5 gi alle n\u00f8dvendige n\u00e6ringsstoffer for optimal vekst og helse hos unge fr\u00f8- og insektspisende fugler, og kan brukes b\u00e5de til 100 % h\u00e5ndoppdrett og som supplement til redet.<\/span><\/li>\n<li><strong data-start=\"279\" data-end=\"300\" style=\"font-size: 1rem;\">Ford\u00f8yelsesst\u00f8tte<\/strong><span style=\"font-size: 1rem;\">: Inneholder tarmflora-stabilisatorer, prebiotika, ford\u00f8yelsesenzymer og organiske syrer som fremmer god ford\u00f8yelse.<\/span><\/li>\n<li><strong data-start=\"421\" data-end=\"457\" style=\"font-size: 1rem;\">Spesialf\u00f4r for vanskelige fugler<\/strong><span style=\"font-size: 1rem;\">: Egnet som startf\u00f4r for fugler som er vanskelige \u00e5 avle, eller som finnes i naturen. Kan ogs\u00e5 brukes som suppleringsf\u00f4r for svakere fugler.<\/span><\/li>\n<li><strong data-start=\"602\" data-end=\"637\" style=\"font-size: 1rem;\">Fremmer sunn vekst og fj\u00e6rdrakt<\/strong><span style=\"font-size: 1rem;\">: Inneholder Opti Digest for bedre ford\u00f8yelse, Opti Feather for utvikling av et vakkert fj\u00e6rdrakt og Opti Growth for optimal vekst.<\/span><\/li>\n<\/ul>","protected":false},"featured_media":23000,"comment_status":"closed","ping_status":"closed","template":"","meta":{"content-type":"","_uf_show_specific_survey":0,"_uf_disable_surveys":false,"_monsterinsights_skip_tracking":false,"_monsterinsights_sitenote_active":false,"_monsterinsights_sitenote_note":"","_monsterinsights_sitenote_category":0},"pwb-brand":[1894],"product_brand":[],"product_cat":[41,1147,1470],"product_tag":[],"woo-feed-brand":[],"class_list":{"0":"post-15201","1":"product","2":"type-product","3":"status-publish","4":"has-post-thumbnail","6":"pwb-brand-nutribird","7":"product_cat-fugl","8":"product_cat-fugl-som-hobby","9":"product_cat-handoppmating","11":"first","12":"onbackorder","13":"taxable","14":"shipping-taxable","15":"purchasable","16":"product-type-simple"},"exclude_global_add_ons":[],"addons":[],"brands":[{"id":1894,"name":"NUTRIBIRD","slug":"nutribird"}],"_links":{"self":[{"href":"https:\/\/fuglebutikken.no\/en\/wp-json\/wp\/v2\/product\/15201","targetHints":{"allow":["GET"]}}],"collection":[{"href":"https:\/\/fuglebutikken.no\/en\/wp-json\/wp\/v2\/product"}],"about":[{"href":"https:\/\/fuglebutikken.no\/en\/wp-json\/wp\/v2\/types\/product"}],"replies":[{"embeddable":true,"href":"https:\/\/fuglebutikken.no\/en\/wp-json\/wp\/v2\/comments?post=15201"}],"wp:featuredmedia":[{"embeddable":true,"href":"https:\/\/fuglebutikken.no\/en\/wp-json\/wp\/v2\/media\/23000"}],"wp:attachment":[{"href":"https:\/\/fuglebutikken.no\/en\/wp-json\/wp\/v2\/media?parent=15201"}],"wp:term":[{"taxonomy":"pwb-brand","embeddable":true,"href":"https:\/\/fuglebutikken.no\/en\/wp-json\/wp\/v2\/pwb-brand?post=15201"},{"taxonomy":"product_brand","embeddable":true,"href":"https:\/\/fuglebutikken.no\/en\/wp-json\/wp\/v2\/product_brand?post=15201"},{"taxonomy":"product_cat","embeddable":true,"href":"https:\/\/fuglebutikken.no\/en\/wp-json\/wp\/v2\/product_cat?post=15201"},{"taxonomy":"product_tag","embeddable":true,"href":"https:\/\/fuglebutikken.no\/en\/wp-json\/wp\/v2\/product_tag?post=15201"},{"taxonomy":"woo-feed-brand","embeddable":true,"href":"https:\/\/fuglebutikken.no\/en\/wp-json\/wp\/v2\/woo-feed-brand?post=15201"}],"curies":[{"name":"wp","href":"https:\/\/api.w.org\/{rel}","templated":true}]}}