{"id":1511,"date":"2020-03-01T14:40:26","date_gmt":"2020-03-01T13:40:26","guid":{"rendered":"https:\/\/fugl.fuglebutikker.kinsta.cloud\/produkt\/natural-living-shelter-and-platform\/"},"modified":"2025-11-10T18:55:36","modified_gmt":"2025-11-10T17:55:36","slug":"natural-living-hjornehylle","status":"publish","type":"product","link":"https:\/\/fuglebutikken.no\/en\/butikk\/fugl-som-hobby\/fugl\/fuglebur-og-fuglebur-tilbehor\/fugl-bur\/natural-living-hjornehylle\/","title":{"rendered":"Natural Living hj\u00f8rnehylle i tre"},"content":{"rendered":"<h2>Natural Living hj\u00f8rnehylle i tre<\/h2>\n<p>Natural Living hj\u00f8rnehylle i tre er den perfekte l\u00f8sningen for \u00e5 skape mer plass og aktivitet i buret til dine sm\u00e5 kj\u00e6ledyr. Denne praktiske hj\u00f8rnehyllen kan enkelt festes i de fleste bur med sprinkler og gir dyrene dine en hevet plattform \u00e5 utforske.<\/p>\n<h3>Fordeler for ditt kj\u00e6ledyr<\/h3>\n<p>Hj\u00f8rnehyllen skaper et optimalt levemilj\u00f8 for mus, hamstere og mindre fugler som finker og undulater. Den hevede plattformen gir dyrene mulighet til \u00e5 gjemme seg under hyllen, klatre p\u00e5 toppen, eller du kan sette flere sammen som en trapp for enda mer aktivitet. Dette stimulerer dyrets naturlige atferd og gir variert milj\u00f8berikelse i buret.<\/p>\n<h3>Enkel montering og fleksibel bruk<\/h3>\n<p>Hyllen kommer med praktisk skruebrakett som gj\u00f8r monteringen enkel og sikker. Den kan festes i hj\u00f8rnet av buret og tar minimal plass samtidig som den maksimerer funksjonaliteten. Materialets naturlige tre-finish passer perfekt inn i ethvert burmilj\u00f8.<\/p>\n<h3>St\u00f8rrelse og tilpasning<\/h3>\n<p>Natural Living hj\u00f8rnehylle leveres i tre forskjellige st\u00f8rrelser for \u00e5 passe perfekt til ditt bur og dine kj\u00e6ledyr: Small (17x17cm), Medium (28x28cm) og Large (33x33cm). Dette sikrer at du finner den ideelle st\u00f8rrelsen uansett hvilket bur du har.<\/p>","protected":false},"excerpt":{"rendered":"<h3>Natural Living hj\u00f8rnehylle i tre<\/h3>\n<p>Hj\u00f8rnehylle som kan festes i de fleste bur med sprinkler.<\/p>\n<ul>\n<li>egnet for mus og hamstere, samt mindre fugler som finker og undulater<\/li>\n<li>hevet plattform<\/li>\n<li>med skruebrakett<\/li>\n<li>skaper et godt levemilj\u00f8<\/li>\n<li>gir optimal mulighet til \u00e5 gjemme seg under. klatre p\u00e5 eller flere satt sammen som en trapp<\/li>\n<\/ul>","protected":false},"featured_media":23320,"comment_status":"open","ping_status":"closed","template":"","meta":{"content-type":"","_uf_show_specific_survey":0,"_uf_disable_surveys":false,"_monsterinsights_skip_tracking":false,"_monsterinsights_sitenote_active":false,"_monsterinsights_sitenote_note":"","_monsterinsights_sitenote_category":0},"pwb-brand":[653],"product_brand":[],"product_cat":[2202,2203,41,1147],"product_tag":[3281,3015],"woo-feed-brand":[],"class_list":{"0":"post-1511","1":"product","2":"type-product","3":"status-publish","4":"has-post-thumbnail","6":"pwb-brand-trixie","7":"product_cat-fugl-bur","8":"product_cat-bur-tilbehor","9":"product_cat-fugl","10":"product_cat-fugl-som-hobby","11":"product_tag-hyller","12":"product_tag-leker-til-gnager-og-aktivitetsleker-sm-dyr","14":"first","15":"instock","16":"taxable","17":"shipping-taxable","18":"purchasable","19":"product-type-variable","20":"has-default-attributes"},"exclude_global_add_ons":[],"addons":[],"brands":[{"id":653,"name":"Trixie","slug":"trixie"}],"_links":{"self":[{"href":"https:\/\/fuglebutikken.no\/en\/wp-json\/wp\/v2\/product\/1511","targetHints":{"allow":["GET"]}}],"collection":[{"href":"https:\/\/fuglebutikken.no\/en\/wp-json\/wp\/v2\/product"}],"about":[{"href":"https:\/\/fuglebutikken.no\/en\/wp-json\/wp\/v2\/types\/product"}],"replies":[{"embeddable":true,"href":"https:\/\/fuglebutikken.no\/en\/wp-json\/wp\/v2\/comments?post=1511"}],"wp:featuredmedia":[{"embeddable":true,"href":"https:\/\/fuglebutikken.no\/en\/wp-json\/wp\/v2\/media\/23320"}],"wp:attachment":[{"href":"https:\/\/fuglebutikken.no\/en\/wp-json\/wp\/v2\/media?parent=1511"}],"wp:term":[{"taxonomy":"pwb-brand","embeddable":true,"href":"https:\/\/fuglebutikken.no\/en\/wp-json\/wp\/v2\/pwb-brand?post=1511"},{"taxonomy":"product_brand","embeddable":true,"href":"https:\/\/fuglebutikken.no\/en\/wp-json\/wp\/v2\/product_brand?post=1511"},{"taxonomy":"product_cat","embeddable":true,"href":"https:\/\/fuglebutikken.no\/en\/wp-json\/wp\/v2\/product_cat?post=1511"},{"taxonomy":"product_tag","embeddable":true,"href":"https:\/\/fuglebutikken.no\/en\/wp-json\/wp\/v2\/product_tag?post=1511"},{"taxonomy":"woo-feed-brand","embeddable":true,"href":"https:\/\/fuglebutikken.no\/en\/wp-json\/wp\/v2\/woo-feed-brand?post=1511"}],"curies":[{"name":"wp","href":"https:\/\/api.w.org\/{rel}","templated":true}]}}