{"id":1356,"date":"2020-03-01T16:27:18","date_gmt":"2020-03-01T15:27:18","guid":{"rendered":"https:\/\/fugl.fuglebutikker.kinsta.cloud\/product\/melorm-torket-70-gr\/"},"modified":"2025-09-08T11:57:21","modified_gmt":"2025-09-08T09:57:21","slug":"melorm-torket-70-gr","status":"publish","type":"product","link":"https:\/\/fuglebutikken.no\/en\/butikk\/fugl-som-hobby\/fugl\/spise\/fuglemat-til-undulater-papeg-yer-og-burfugler\/fuglesnacks\/melorm-torket-70-gr\/","title":{"rendered":"Melorm t\u00f8rket 70 gr."},"content":{"rendered":"<h2>Melorm t\u00f8rket 70 gr.<\/h2>\n<p>Melorm t\u00f8rket er en utmerket kilde til ern\u00e6ring for reptiler, sm\u00e5dyr og fugler. Med sitt h\u00f8ye innhold av protein, omega-3, vitaminer og mineraler, gir t\u00f8rket melorm en balansert og n\u00e6ringsrik diett som st\u00f8tter et sunt liv for dyrene dine.<\/p>\n<h3>N\u00f8kkelfordeler<\/h3>\n<p>T\u00f8rket melorm er ikke bare en god proteinkilde, men ogs\u00e5 et flott supplement til det daglige kostholdet. Melormen inneholder omega-3 fettsyrer som er n\u00f8dvendige for god helse, og proteininnholdet er av h\u00f8y kvalitet, med alle livsviktige aminosyrer kroppen trenger.<\/p>\n<ul>\n<li>Proteinrik mat til reptiler.<\/li>\n<li>Et ideelt tillegg til levendef\u00f4r.<\/li>\n<li>Passer ogs\u00e5 godt som snacks til sm\u00e5dyr og fugl.<\/li>\n<\/ul>\n<h3>Bruksanvisning<\/h3>\n<p>T\u00f8rket melorm kan enkelt tilsettes i kostholdet til reptiler og sm\u00e5dyr. For \u00e5 sikre at dyrene dine f\u00e5r mest mulig ut av n\u00e6ringsstoffene, anbefales det \u00e5 blande dem med annet f\u00f4r eller servere dem som en uts\u00f8kt snack. Pass p\u00e5 at dyrene alltid har tilgang til friskt vann.<\/p>\n<h3>Tilleggsinformasjon<\/h3>\n<p>Melormene er n\u00f8ye t\u00f8rket for \u00e5 bevare n\u00e6ringsverdien og kvaliteten. Oppbevar dem p\u00e5 et t\u00f8rt og kj\u00f8lig sted for \u00e5 sikre best mulig holdbarhet. Dette produktet er ideelt for dyreeiere som \u00f8nsker \u00e5 gi et sunt og smakfullt m\u00e5ltid til sine kj\u00e6ledyr.<\/p>","protected":false},"excerpt":{"rendered":"<h3>Melorm t\u00f8rket 70 gr.<\/h3>\n<p>T\u00f8rket melorm er en god proteinkilde for reptiler, sm\u00e5dyr og fugl. For eksempel har melorm et omega-3-innhold tilsvarende fisk og&nbsp;<b>innholdet av protein, vitaminer og mineraler tilsvarer kj\u00f8tt og fisk<\/b>. Proteinet er av h\u00f8y kvalitet og inneholder alle de livsviktige aminosyrene kroppen trenger.<\/p>\n<ul>\n<li>Proteinrik mat til reptiler.<\/li>\n<li>Et ideelt tillegg til levendef\u00f4r<\/li>\n<li>Passer ogs\u00e5 godt som snacks til sm\u00e5dyr og fugl.<\/li>\n<\/ul>","protected":false},"featured_media":21373,"comment_status":"open","ping_status":"closed","template":"","meta":{"content-type":"","_uf_show_specific_survey":0,"_uf_disable_surveys":false,"_monsterinsights_skip_tracking":false,"_monsterinsights_sitenote_active":false,"_monsterinsights_sitenote_note":"","_monsterinsights_sitenote_category":0},"pwb-brand":[653],"product_brand":[],"product_cat":[1945,41,1147,62,2262,1991,2258,2088,1985,1984,2263,1946],"product_tag":[1460],"woo-feed-brand":[],"class_list":{"0":"post-1356","1":"product","2":"type-product","3":"status-publish","4":"has-post-thumbnail","6":"pwb-brand-trixie","7":"product_cat-dyr-som-hobby","8":"product_cat-fugl","9":"product_cat-fugl-som-hobby","10":"product_cat-fuglesnacks","11":"product_cat-godbit-og-snacks","12":"product_cat-mat-og-kosttilskudd","13":"product_cat-mat-dyr","14":"product_cat-melorm","15":"product_cat-reptil","16":"product_cat-reptil-som-hobby","17":"product_cat-mat-reptiler","18":"product_cat-smadyr","19":"product_tag-melorm","21":"first","22":"instock","23":"taxable","24":"shipping-taxable","25":"purchasable","26":"product-type-simple"},"exclude_global_add_ons":[],"addons":[],"brands":[{"id":653,"name":"Trixie","slug":"trixie"}],"_links":{"self":[{"href":"https:\/\/fuglebutikken.no\/en\/wp-json\/wp\/v2\/product\/1356","targetHints":{"allow":["GET"]}}],"collection":[{"href":"https:\/\/fuglebutikken.no\/en\/wp-json\/wp\/v2\/product"}],"about":[{"href":"https:\/\/fuglebutikken.no\/en\/wp-json\/wp\/v2\/types\/product"}],"replies":[{"embeddable":true,"href":"https:\/\/fuglebutikken.no\/en\/wp-json\/wp\/v2\/comments?post=1356"}],"wp:featuredmedia":[{"embeddable":true,"href":"https:\/\/fuglebutikken.no\/en\/wp-json\/wp\/v2\/media\/21373"}],"wp:attachment":[{"href":"https:\/\/fuglebutikken.no\/en\/wp-json\/wp\/v2\/media?parent=1356"}],"wp:term":[{"taxonomy":"pwb-brand","embeddable":true,"href":"https:\/\/fuglebutikken.no\/en\/wp-json\/wp\/v2\/pwb-brand?post=1356"},{"taxonomy":"product_brand","embeddable":true,"href":"https:\/\/fuglebutikken.no\/en\/wp-json\/wp\/v2\/product_brand?post=1356"},{"taxonomy":"product_cat","embeddable":true,"href":"https:\/\/fuglebutikken.no\/en\/wp-json\/wp\/v2\/product_cat?post=1356"},{"taxonomy":"product_tag","embeddable":true,"href":"https:\/\/fuglebutikken.no\/en\/wp-json\/wp\/v2\/product_tag?post=1356"},{"taxonomy":"woo-feed-brand","embeddable":true,"href":"https:\/\/fuglebutikken.no\/en\/wp-json\/wp\/v2\/woo-feed-brand?post=1356"}],"curies":[{"name":"wp","href":"https:\/\/api.w.org\/{rel}","templated":true}]}}