{"id":13457,"date":"2024-11-17T10:00:41","date_gmt":"2024-11-17T09:00:41","guid":{"rendered":"https:\/\/fuglebutikken.no\/butikk\/ukategorisert\/matskal-rustfritt-stal\/"},"modified":"2024-11-17T10:08:07","modified_gmt":"2024-11-17T09:08:07","slug":"matskal-rustfritt-stal","status":"publish","type":"product","link":"https:\/\/fuglebutikken.no\/en\/butikk\/fugl-som-hobby\/fugl\/fuglebur-og-fuglebur-tilbehor\/bur-tilbehor\/fugleskaler-og-automater\/matskal-rustfritt-stal\/","title":{"rendered":"Matsk\u00e5l rustfritt st\u00e5l"},"content":{"rendered":"<h2>Matsk\u00e5l rustfritt st\u00e5l<\/h2>","protected":false},"excerpt":{"rendered":"<h3>Matsk\u00e5l rustfritt st\u00e5l<\/h3>\n<ul>\n<li>Matsk\u00e5l rustfritt st\u00e5l passer for katter eller sm\u00e5 hunder.<\/li>\n<li>rustfritt st\u00e5l<\/li>\n<li>Egnet for oppvaskmaskin<\/li>\n<li>egnet for sk\u00e5lsett\/hundbarer<\/li>\n<\/ul>\n<p id=\"tw-target-text\" class=\"tw-data-text tw-text-large XcVN5d tw-ta\" dir=\"ltr\" data-placeholder=\"Oversettelse\">","protected":false},"featured_media":13462,"comment_status":"open","ping_status":"closed","template":"","meta":{"content-type":"","_uf_show_specific_survey":0,"_uf_disable_surveys":false,"_monsterinsights_skip_tracking":false,"_monsterinsights_sitenote_active":false,"_monsterinsights_sitenote_note":"","_monsterinsights_sitenote_category":0},"pwb-brand":[653],"product_brand":[],"product_cat":[2203,41,1147,2162,50,1791],"product_tag":[],"woo-feed-brand":[],"class_list":{"0":"post-13457","1":"product","2":"type-product","3":"status-publish","4":"has-post-thumbnail","6":"pwb-brand-trixie","7":"product_cat-bur-tilbehor","8":"product_cat-fugl","9":"product_cat-fugl-som-hobby","10":"product_cat-fuglebur-og-fuglebur-tilbehor","11":"product_cat-fugleskaler-og-automater","12":"product_cat-stal-og-keramikkskaler-skaler","14":"first","15":"instock","16":"taxable","17":"shipping-taxable","18":"purchasable","19":"product-type-variable","20":"has-default-attributes"},"exclude_global_add_ons":[],"addons":[],"brands":[{"id":653,"name":"Trixie","slug":"trixie"}],"_links":{"self":[{"href":"https:\/\/fuglebutikken.no\/en\/wp-json\/wp\/v2\/product\/13457","targetHints":{"allow":["GET"]}}],"collection":[{"href":"https:\/\/fuglebutikken.no\/en\/wp-json\/wp\/v2\/product"}],"about":[{"href":"https:\/\/fuglebutikken.no\/en\/wp-json\/wp\/v2\/types\/product"}],"replies":[{"embeddable":true,"href":"https:\/\/fuglebutikken.no\/en\/wp-json\/wp\/v2\/comments?post=13457"}],"wp:featuredmedia":[{"embeddable":true,"href":"https:\/\/fuglebutikken.no\/en\/wp-json\/wp\/v2\/media\/13462"}],"wp:attachment":[{"href":"https:\/\/fuglebutikken.no\/en\/wp-json\/wp\/v2\/media?parent=13457"}],"wp:term":[{"taxonomy":"pwb-brand","embeddable":true,"href":"https:\/\/fuglebutikken.no\/en\/wp-json\/wp\/v2\/pwb-brand?post=13457"},{"taxonomy":"product_brand","embeddable":true,"href":"https:\/\/fuglebutikken.no\/en\/wp-json\/wp\/v2\/product_brand?post=13457"},{"taxonomy":"product_cat","embeddable":true,"href":"https:\/\/fuglebutikken.no\/en\/wp-json\/wp\/v2\/product_cat?post=13457"},{"taxonomy":"product_tag","embeddable":true,"href":"https:\/\/fuglebutikken.no\/en\/wp-json\/wp\/v2\/product_tag?post=13457"},{"taxonomy":"woo-feed-brand","embeddable":true,"href":"https:\/\/fuglebutikken.no\/en\/wp-json\/wp\/v2\/woo-feed-brand?post=13457"}],"curies":[{"name":"wp","href":"https:\/\/api.w.org\/{rel}","templated":true}]}}