{"id":1325,"date":"2020-03-12T13:58:55","date_gmt":"2020-03-12T12:58:55","guid":{"rendered":"https:\/\/fugl.fuglebutikker.kinsta.cloud\/product\/alspon-2-4mm\/"},"modified":"2026-02-02T19:27:18","modified_gmt":"2026-02-02T18:27:18","slug":"alspon-2-4mm","status":"publish","type":"product","link":"https:\/\/fuglebutikken.no\/en\/butikk\/fugl-som-hobby\/fugl\/fuglebur-og-fuglebur-tilbehor\/bur-tilbehor\/fuglesand\/alspon-2-4mm\/","title":{"rendered":"Alspon 2-4mm (Or i Bj\u00f8rkefamilien)"},"content":{"rendered":"<h2>Alspon 2-4mm (Or i Bj\u00f8rkefamilien)<\/h2>\n<p class=\"description-label\"><strong>Leverand\u00f8rinformasjon<\/strong><\/p>\n<p>Alspon Nickos burstr\u00f8.<br \/>\nAlsp\u00e5n er et h\u00f8yabsorberende spon, noe som gir et veldig dr\u00f8yt spon som dessuten ikke fester seg i pelsen p\u00e5 dyrene dine.<\/p>\n<p class=\"description-label\"><strong>beskrivelse<\/strong><\/p>\n<p>Alsp\u00e5n er et n\u00e6rmest st\u00f8vfritt naturspon som ogs\u00e5 motvirker d\u00e5rlig lukt i buret. Sponet kan brukes til alle typer dyr som kaniner, hamstere, \u00f8rkenrotter, marsvin, fugler, reptiler, gnagere og andre sm\u00e5dyr. Perfekt burspon hvis du har flere av disse dyrene hjemme!<\/p>\n<p class=\"description-label\"><strong>Faktabeskrivelse<\/strong><\/p>\n<p>Et rent svensk naturprodukt.<\/p>","protected":false},"excerpt":{"rendered":"<h3>Alspon 2-4mm (Or i Bj\u00f8rkefamilien)<\/h3>\n<p>Alspon 2-4mm (Or i Bj\u00f8rkefamilien) er et nesten helt st\u00f8vfritt naturspon som motvirker d\u00e5rlig lukt.<br \/>\nSpon kan benyttes som underlag til alle slags dyr, som bl.a katter, fugler, reptiler, gnagere, kaniner og andre sm\u00e5dyr.<\/p>\n<ul>\n<li>Rent naturprodukt<\/li>\n<li>Olderspon er et h\u00f8yabsorberende spon<\/li>\n<li>motvirker d\u00e5rlig lukt<\/li>\n<li>Brukes ogs\u00e5 til r\u00f8yking av mat.<\/li>\n<\/ul>\n<p><\/p>\n<ul>\n<\/ul>","protected":false},"featured_media":27157,"comment_status":"open","ping_status":"closed","template":"","meta":{"content-type":"","_uf_show_specific_survey":0,"_uf_disable_surveys":false,"_monsterinsights_skip_tracking":false,"_monsterinsights_sitenote_active":false,"_monsterinsights_sitenote_note":"","_monsterinsights_sitenote_category":0},"pwb-brand":[650],"product_brand":[],"product_cat":[2029,2202,41,102,2154],"product_tag":[1928,1929,1930],"woo-feed-brand":[],"class_list":{"0":"post-1325","1":"product","2":"type-product","3":"status-publish","4":"has-post-thumbnail","6":"pwb-brand-alspon","7":"product_cat-bunnmaterialer","8":"product_cat-fugl-bur","9":"product_cat-fugl","10":"product_cat-fuglesand","11":"product_cat-reptildekor","12":"product_tag-bunnstro-og-bomateriale","13":"product_tag-burspon","14":"product_tag-papirpellets-og-naturstro","16":"first","17":"instock","18":"taxable","19":"shipping-taxable","20":"purchasable","21":"product-type-variable","22":"has-default-attributes"},"exclude_global_add_ons":[],"addons":[],"brands":[{"id":650,"name":"Alspon","slug":"alspon"}],"_links":{"self":[{"href":"https:\/\/fuglebutikken.no\/en\/wp-json\/wp\/v2\/product\/1325","targetHints":{"allow":["GET"]}}],"collection":[{"href":"https:\/\/fuglebutikken.no\/en\/wp-json\/wp\/v2\/product"}],"about":[{"href":"https:\/\/fuglebutikken.no\/en\/wp-json\/wp\/v2\/types\/product"}],"replies":[{"embeddable":true,"href":"https:\/\/fuglebutikken.no\/en\/wp-json\/wp\/v2\/comments?post=1325"}],"wp:featuredmedia":[{"embeddable":true,"href":"https:\/\/fuglebutikken.no\/en\/wp-json\/wp\/v2\/media\/27157"}],"wp:attachment":[{"href":"https:\/\/fuglebutikken.no\/en\/wp-json\/wp\/v2\/media?parent=1325"}],"wp:term":[{"taxonomy":"pwb-brand","embeddable":true,"href":"https:\/\/fuglebutikken.no\/en\/wp-json\/wp\/v2\/pwb-brand?post=1325"},{"taxonomy":"product_brand","embeddable":true,"href":"https:\/\/fuglebutikken.no\/en\/wp-json\/wp\/v2\/product_brand?post=1325"},{"taxonomy":"product_cat","embeddable":true,"href":"https:\/\/fuglebutikken.no\/en\/wp-json\/wp\/v2\/product_cat?post=1325"},{"taxonomy":"product_tag","embeddable":true,"href":"https:\/\/fuglebutikken.no\/en\/wp-json\/wp\/v2\/product_tag?post=1325"},{"taxonomy":"woo-feed-brand","embeddable":true,"href":"https:\/\/fuglebutikken.no\/en\/wp-json\/wp\/v2\/woo-feed-brand?post=1325"}],"curies":[{"name":"wp","href":"https:\/\/api.w.org\/{rel}","templated":true}]}}