{"id":1313,"date":"2020-03-01T16:56:33","date_gmt":"2020-03-01T15:56:33","guid":{"rendered":"https:\/\/fugl.fuglebutikker.kinsta.cloud\/product\/stalskal-snappyfit-med-skrufeste-til-stalbur\/"},"modified":"2025-12-04T19:59:35","modified_gmt":"2025-12-04T18:59:35","slug":"stalskal-snapyfit","status":"publish","type":"product","link":"https:\/\/fuglebutikken.no\/en\/butikk\/fugl-som-hobby\/fugl\/fuglebur-og-fuglebur-tilbehor\/bur-tilbehor\/fugleskaler-og-automater\/stalskal-snapyfit\/","title":{"rendered":"St\u00e5lsk\u00e5l snapyfit med skrufeste til st\u00e5lbur"},"content":{"rendered":"<h2>St\u00e5lsk\u00e5l snapyfit med skrufeste til st\u00e5lbur<\/h2>\n<p>rn<\/p>\n<p>Detaljer<br \/>rnPatentert brakett l\u00e5ser og holder holdbar sk\u00e5l i rustfritt st\u00e5l p\u00e5 plass \u2013 gj\u00f8r det enkelt \u00e5 fjerne.<br \/>rnL\u00e5ser sikkert p\u00e5 plass for \u00e5 redusere vann og mats\u00f8l i kj\u00e6ledyrs oppholdsrom<br \/>rnLaget med rustfritt b\u00f8rstet rustfritt st\u00e5l av h\u00f8y kvalitet.<br \/>rnLaget for \u00e5 vare og st\u00e5 imot tidens tann.<br \/>rnTilgjengelig i flere st\u00f8rrelser<\/p>\n<p>rn<\/p>\n<p>Det er mange sk\u00e5ler i rustfritt st\u00e5l p\u00e5 markedet, men ingen liker Snap&#8217;y Fit Bowls! Det patenterte Snap&#8217;y Fit-systemet holder bollen godt p\u00e5 plass og lar den likevel enkelt fjernes. Kj\u00e6ledyrforeldre har v\u00e6rt frustrerte i \u00e5revis med konvensjonelle vannsk\u00e5ler fordi kj\u00e6ledyr kan l\u00f8sne bollene og s\u00f8le mat og vann. Det patenterte Snap&#8217;y Fit-systemet l\u00f8ser dette problemet ved \u00e5 l\u00e5se sikkert p\u00e5 plass med b\u00f8ylehengeren.<\/p>\n<p>rn<\/p>\n<p>&nbsp;<\/p>\n<p>rn<\/p>","protected":false},"excerpt":{"rendered":"<h3>St\u00e5lsk\u00e5l snapyfit med skrufeste til st\u00e5lbur<\/h3>\n<p>St\u00e5lsk\u00e5l snapyfit med skrufeste til st\u00e5lbur er perfekt sk\u00e5l for st\u00e5lbur, bilbur, papeg\u00f8yebur- patentert brakett l\u00e5ser holder sk\u00e5len p\u00e5 plass, slik at hunden ikke s\u00f8ler vann \/ mat. Lett \u00e5 fjerne igjen. Rustfritt st\u00e5l<\/p>\n<ul>\n<li>Flere st\u00f8rrelser<\/li>\n<li>Lett \u00e5 rengj\u00f8re<\/li>\n<li>Kan vaskes i oppvaskmaskin<\/li>\n<li>Snapy fit coop cup<\/li>\n<\/ul>","protected":false},"featured_media":25675,"comment_status":"open","ping_status":"closed","template":"","meta":{"content-type":"","_uf_show_specific_survey":0,"_uf_disable_surveys":false,"_monsterinsights_skip_tracking":false,"_monsterinsights_sitenote_active":false,"_monsterinsights_sitenote_note":"","_monsterinsights_sitenote_category":0},"pwb-brand":[1056],"product_brand":[],"product_cat":[41,1147,50,2225,2141,2127,1990,1791,2120,2122],"product_tag":[2043,1856,1877,2129],"woo-feed-brand":[],"class_list":{"0":"post-1313","1":"product","2":"type-product","3":"status-publish","4":"has-post-thumbnail","6":"pwb-brand-icrate","7":"product_cat-fugl","8":"product_cat-fugl-som-hobby","9":"product_cat-fugleskaler-og-automater","10":"product_cat-bil","11":"product_cat-bur-og-sikkerhet-katt","12":"product_cat-plastbur","13":"product_cat-reiseutstyr-og-bur","14":"product_cat-stal-og-keramikkskaler-skaler","15":"product_cat-stalbur","16":"product_cat-tilbehor-valpegrind","17":"product_tag-bilbur","18":"product_tag-bur-og-transport","19":"product_tag-hundebur-og-transportvesker","20":"product_tag-mat-og-vannskaler","22":"first","23":"instock","24":"taxable","25":"shipping-taxable","26":"purchasable","27":"product-type-variable","28":"has-default-attributes"},"exclude_global_add_ons":[],"addons":[],"brands":[{"id":1056,"name":"Icrate","slug":"icrate"}],"_links":{"self":[{"href":"https:\/\/fuglebutikken.no\/en\/wp-json\/wp\/v2\/product\/1313","targetHints":{"allow":["GET"]}}],"collection":[{"href":"https:\/\/fuglebutikken.no\/en\/wp-json\/wp\/v2\/product"}],"about":[{"href":"https:\/\/fuglebutikken.no\/en\/wp-json\/wp\/v2\/types\/product"}],"replies":[{"embeddable":true,"href":"https:\/\/fuglebutikken.no\/en\/wp-json\/wp\/v2\/comments?post=1313"}],"wp:featuredmedia":[{"embeddable":true,"href":"https:\/\/fuglebutikken.no\/en\/wp-json\/wp\/v2\/media\/25675"}],"wp:attachment":[{"href":"https:\/\/fuglebutikken.no\/en\/wp-json\/wp\/v2\/media?parent=1313"}],"wp:term":[{"taxonomy":"pwb-brand","embeddable":true,"href":"https:\/\/fuglebutikken.no\/en\/wp-json\/wp\/v2\/pwb-brand?post=1313"},{"taxonomy":"product_brand","embeddable":true,"href":"https:\/\/fuglebutikken.no\/en\/wp-json\/wp\/v2\/product_brand?post=1313"},{"taxonomy":"product_cat","embeddable":true,"href":"https:\/\/fuglebutikken.no\/en\/wp-json\/wp\/v2\/product_cat?post=1313"},{"taxonomy":"product_tag","embeddable":true,"href":"https:\/\/fuglebutikken.no\/en\/wp-json\/wp\/v2\/product_tag?post=1313"},{"taxonomy":"woo-feed-brand","embeddable":true,"href":"https:\/\/fuglebutikken.no\/en\/wp-json\/wp\/v2\/woo-feed-brand?post=1313"}],"curies":[{"name":"wp","href":"https:\/\/api.w.org\/{rel}","templated":true}]}}