{"id":129,"date":"2020-02-22T18:08:36","date_gmt":"2020-02-22T17:08:36","guid":{"rendered":"https:\/\/274105-www.web.tornado-node.net\/fugl\/product\/fuglelysror-arcadia-2-4uvb-12uva\/"},"modified":"2025-05-30T13:03:57","modified_gmt":"2025-05-30T11:03:57","slug":"fuglelysror-arcadia-2-4uvb-12uva","status":"publish","type":"product","link":"https:\/\/fuglebutikken.no\/en\/butikk\/fugl-som-hobby\/fugl\/lys-varme-fugl\/fuglelysror-arcadia-2-4uvb-12uva\/","title":{"rendered":"Fuglelysr\u00f8r Arcadia 2.4UVB 12UVA"},"content":{"rendered":"","protected":false},"excerpt":{"rendered":"<p>Fuglelysr\u00f8r Arcadia 2.4UVB 12UVA.<\/p>\n<p>UV-lys g\u00e5r h\u00e5nd i h\u00e5nd med fuglers helse og har blant annet en positiv effekt p\u00e5 fuglenes syn.<\/p>\n<p>Ved \u00e5 tilf\u00f8re UV-lys til fuglene dine trigges deres naturlige atferd som f.eks. hekking.<\/p>\n<p>Arcadias lysr\u00f8r, til forskjell fra vanlige lysr\u00f8r, benytter fosfor for \u00e5 gjenskape effekten av UV-lys fra sollys, der 12 % kommer som UV-A og 2,4 % som UV-B.<\/p>\n<p>\u2013 Tilf\u00f8rer livsn\u00f8dvendige D3-vitaminer.<\/p>\n<p>Arcadia Light for Life er utviklet for \u00e5 gi fugler og andre dyr en kunstig kilde til UV-lys, noe som er kritisk for mange av v\u00e5re kj\u00e6ledyrs velbefinnende.<\/p>","protected":false},"featured_media":13371,"comment_status":"closed","ping_status":"closed","template":"","meta":{"content-type":"","_uf_show_specific_survey":0,"_uf_disable_surveys":false,"_monsterinsights_skip_tracking":false,"_monsterinsights_sitenote_active":false,"_monsterinsights_sitenote_note":"","_monsterinsights_sitenote_category":0},"pwb-brand":[651],"product_brand":[],"product_cat":[41,1147,2200],"product_tag":[],"woo-feed-brand":[],"class_list":{"0":"post-129","1":"product","2":"type-product","3":"status-publish","4":"has-post-thumbnail","6":"pwb-brand-arcadia","7":"product_cat-fugl","8":"product_cat-fugl-som-hobby","9":"product_cat-lys-varme-fugl","11":"first","12":"instock","13":"taxable","14":"shipping-taxable","15":"purchasable","16":"product-type-variable","17":"has-default-attributes"},"exclude_global_add_ons":[],"addons":[],"brands":[{"id":651,"name":"Arcadia","slug":"arcadia"}],"_links":{"self":[{"href":"https:\/\/fuglebutikken.no\/en\/wp-json\/wp\/v2\/product\/129","targetHints":{"allow":["GET"]}}],"collection":[{"href":"https:\/\/fuglebutikken.no\/en\/wp-json\/wp\/v2\/product"}],"about":[{"href":"https:\/\/fuglebutikken.no\/en\/wp-json\/wp\/v2\/types\/product"}],"replies":[{"embeddable":true,"href":"https:\/\/fuglebutikken.no\/en\/wp-json\/wp\/v2\/comments?post=129"}],"wp:featuredmedia":[{"embeddable":true,"href":"https:\/\/fuglebutikken.no\/en\/wp-json\/wp\/v2\/media\/13371"}],"wp:attachment":[{"href":"https:\/\/fuglebutikken.no\/en\/wp-json\/wp\/v2\/media?parent=129"}],"wp:term":[{"taxonomy":"pwb-brand","embeddable":true,"href":"https:\/\/fuglebutikken.no\/en\/wp-json\/wp\/v2\/pwb-brand?post=129"},{"taxonomy":"product_brand","embeddable":true,"href":"https:\/\/fuglebutikken.no\/en\/wp-json\/wp\/v2\/product_brand?post=129"},{"taxonomy":"product_cat","embeddable":true,"href":"https:\/\/fuglebutikken.no\/en\/wp-json\/wp\/v2\/product_cat?post=129"},{"taxonomy":"product_tag","embeddable":true,"href":"https:\/\/fuglebutikken.no\/en\/wp-json\/wp\/v2\/product_tag?post=129"},{"taxonomy":"woo-feed-brand","embeddable":true,"href":"https:\/\/fuglebutikken.no\/en\/wp-json\/wp\/v2\/woo-feed-brand?post=129"}],"curies":[{"name":"wp","href":"https:\/\/api.w.org\/{rel}","templated":true}]}}