{"id":12011,"date":"2024-08-06T21:13:03","date_gmt":"2024-08-06T19:13:03","guid":{"rendered":"https:\/\/fuglebutikken.no\/butikk\/ukategorisert\/bio-life-ecocitrocin-spray\/"},"modified":"2025-03-06T13:57:45","modified_gmt":"2025-03-06T12:57:45","slug":"bio-life-ecocitrocin-spray","status":"publish","type":"product","link":"https:\/\/fuglebutikken.no\/en\/butikk\/katt-som-hobby\/katt\/hygiene-og-pels\/hygiene\/allergi\/bio-life-ecocitrocin-spray\/","title":{"rendered":"Bio-Life EcoCitrocin Spray"},"content":{"rendered":"<h2>Bio-Life EcoCitrocin Spray 100ml<\/h2>\n<p><strong>Bio-Life EcoCitrocin Spray \u2013 Naturlig beskyttelse mot insekter<\/strong><\/p>\n<p>Bio-Life EcoCitrocin Spray gir effektiv beskyttelse mot insektbitt som ikke bare kan v\u00e6re irriterende, men ogs\u00e5 farlige for helsen. Bitt fra insekter kan spre alvorlige sykdommer som malaria, zikavirus, gul feber, denguefeber og borreliose, samt for\u00e5rsake anafylaktiske reaksjoner hos personer med allergi. For \u00e5 beskytte deg mot disse risikoene, er EcoCitrocin\u00ae utviklet med essensielle oljer og Picaridin \u2013 et trygt og effektivt alternativ til DEET, godkjent av Verdens helseorganisasjon (WHO).<\/p>\n<p><strong>Fordeler med Bio-Life EcoCitrocin Spray:<\/strong><\/p>\n<ul>\n<li>Effektiv beskyttelse mot sykdomsspredende insekter<\/li>\n<li>Basert p\u00e5 naturlige ingredienser som essensielle oljer og Picaridin<\/li>\n<li>Sk\u00e5nsomt alternativ til DEET, anbefalt av WHO<\/li>\n<li>Egnet for bruk p\u00e5 sensitive hudomr\u00e5der som tinninger, nakke, h\u00e5ndledd og ankler<\/li>\n<li>Rask og enkel p\u00e5f\u00f8ring<\/li>\n<\/ul>\n<p><strong>Bruksanvisning:<\/strong><br \/>\nFor best resultat, p\u00e5f\u00f8r sprayen morgen og kveld p\u00e5 tinninger, nakke, ankler og h\u00e5ndledd. I omr\u00e5der med h\u00f8y insektaktivitet kan du p\u00e5f\u00f8re lett spray p\u00e5 all eksponert hud. Unng\u00e5 \u00e5 spraye direkte i ansiktet \u2013 spray i hendene og p\u00e5f\u00f8r deretter forsiktig.<\/p>\n<p>EcoCitrocin Spray er ideell for alle som \u00f8nsker \u00e5 beskytte seg naturlig mot insekter og samtidig unng\u00e5 kjemiske spr\u00f8ytemidler som DEET.<\/p>","protected":false},"excerpt":{"rendered":"<h3>Bio-Life EcoCitrocin Spray 100ml<\/h3>\n<p style=\"font-family: Helvetica, arial, verdana, sans-serif; overflow-wrap: break-word; -webkit-font-smoothing: antialiased; text-size-adjust: 100%; margin-right: 0px; margin-bottom: 10px; margin-left: 0px; line-height: 1.4; color: rgb(17, 17, 17);\">Insektbitt er ikke bare irriterende, de kan v\u00e6re farlig for helsen din; de kan spre livstruende sykdommer inkludert: malaria, zikavirus, gul feber, denguefeber, borreliose, sovesyke, leishmaniasis, mens andre kan for\u00e5rsake anafylaksi hos mottakelige individer &#8211; en alvorlig allergisk reaksjon som krever \u00f8yeblikkelig medisinsk behandling.<\/p>\n<ul>\n<li>Effektiv beskyttelse mot sykdomsspredende insekter<\/li>\n<li>Basert p\u00e5 naturlige ingredienser som essensielle oljer og Picaridin<\/li>\n<li>Sk\u00e5nsomt alternativ til DEET, anbefalt av WHO<\/li>\n<li>Egnet for bruk p\u00e5 sensitive hudomr\u00e5der som tinninger, nakke, h\u00e5ndledd og ankler<\/li>\n<li>Rask og enkel p\u00e5f\u00f8ring<\/li>\n<\/ul>","protected":false},"featured_media":12012,"comment_status":"closed","ping_status":"closed","template":"","meta":{"content-type":"","_uf_show_specific_survey":0,"_uf_disable_surveys":false,"_monsterinsights_skip_tracking":false,"_monsterinsights_sitenote_active":false,"_monsterinsights_sitenote_note":"","_monsterinsights_sitenote_category":0},"pwb-brand":[1340],"product_brand":[],"product_cat":[2093,1952,2094],"product_tag":[2095],"woo-feed-brand":[],"class_list":{"0":"post-12011","1":"product","2":"type-product","3":"status-publish","4":"has-post-thumbnail","6":"pwb-brand-biolife","7":"product_cat-allergi","8":"product_cat-hygiene","9":"product_cat-uttoybekjempelse","10":"product_tag-mot-skadedyr-og-flatt","12":"first","13":"instock","14":"taxable","15":"shipping-taxable","16":"purchasable","17":"product-type-simple"},"exclude_global_add_ons":[],"addons":[],"brands":[{"id":1340,"name":"BioLife","slug":"biolife"}],"_links":{"self":[{"href":"https:\/\/fuglebutikken.no\/en\/wp-json\/wp\/v2\/product\/12011","targetHints":{"allow":["GET"]}}],"collection":[{"href":"https:\/\/fuglebutikken.no\/en\/wp-json\/wp\/v2\/product"}],"about":[{"href":"https:\/\/fuglebutikken.no\/en\/wp-json\/wp\/v2\/types\/product"}],"replies":[{"embeddable":true,"href":"https:\/\/fuglebutikken.no\/en\/wp-json\/wp\/v2\/comments?post=12011"}],"wp:featuredmedia":[{"embeddable":true,"href":"https:\/\/fuglebutikken.no\/en\/wp-json\/wp\/v2\/media\/12012"}],"wp:attachment":[{"href":"https:\/\/fuglebutikken.no\/en\/wp-json\/wp\/v2\/media?parent=12011"}],"wp:term":[{"taxonomy":"pwb-brand","embeddable":true,"href":"https:\/\/fuglebutikken.no\/en\/wp-json\/wp\/v2\/pwb-brand?post=12011"},{"taxonomy":"product_brand","embeddable":true,"href":"https:\/\/fuglebutikken.no\/en\/wp-json\/wp\/v2\/product_brand?post=12011"},{"taxonomy":"product_cat","embeddable":true,"href":"https:\/\/fuglebutikken.no\/en\/wp-json\/wp\/v2\/product_cat?post=12011"},{"taxonomy":"product_tag","embeddable":true,"href":"https:\/\/fuglebutikken.no\/en\/wp-json\/wp\/v2\/product_tag?post=12011"},{"taxonomy":"woo-feed-brand","embeddable":true,"href":"https:\/\/fuglebutikken.no\/en\/wp-json\/wp\/v2\/woo-feed-brand?post=12011"}],"curies":[{"name":"wp","href":"https:\/\/api.w.org\/{rel}","templated":true}]}}