{"id":11919,"date":"2024-07-26T01:41:20","date_gmt":"2024-07-25T23:41:20","guid":{"rendered":"https:\/\/fuglebutikken.no\/butikk\/ukategorisert\/zoo-med-wipe-out-1-terrarie-rengjoring\/"},"modified":"2025-09-08T11:39:19","modified_gmt":"2025-09-08T09:39:19","slug":"zoo-med-wipe-out-1-terrarie-rengjoring","status":"publish","type":"product","link":"https:\/\/fuglebutikken.no\/en\/butikk\/reptildekor\/hygiene-handtering-reptil\/zoo-med-wipe-out-1-terrarie-rengjoring\/","title":{"rendered":"Zoo Med Wipe Out 1 Terrarie rengj\u00f8ring"},"content":{"rendered":"<h3 class=\"\">Zoo Med Wipe Out 1 Terrarie rengj\u00f8ring<\/h3>\n<p>Hygiene er viktig og terrarier&nbsp;m\u00e5 som alt annet rengj\u00f8res med jevne mellomrom. Fordi et terrarium inneholder levende dyr er avf\u00f8ring naturlig og dette b\u00f8r generelt sett fjernes s\u00e5 fort som mulig.<\/p>\n<p>Wipe Out er et desinfiseringsmiddel som er ideell&nbsp;for rengj\u00f8ring, desinfisering og fjerne ubehagelig lukt fra&nbsp;terrarier.<\/p>\n<p>Wipe Out&nbsp;1 dreper bakterier som blandt annet&nbsp;Salmonella, koleraese og Pseudomonas Aeruginosa, og kan redusere spredningen av bakterielle infeksjoner blant dyrene dine.<\/p>\n<p>Viktig \u00e5 f\u00f8lge brukanvisningen p\u00e5 produktet.<\/p>\n<p>Ingredienser:<br \/>\nAlkyl (C1450%; C1240%; C1610%)<br \/>\nDimetylbenzylammoniumklorid 0,13 %<br \/>\nInerte ingredienser 99,87 %<\/p>\n<p>Instruksjoner for bruk:<\/p>\n<p>Det er forbudt \u00e5 bruke dette produktet p\u00e5 en m\u00e5te som er i strid med det som er skrevet p\u00e5 emballasjen.<br \/>\nEn antibakteriell rengj\u00f8ring, desinfisering og deodorant for terrarier og sm\u00e5 bur.<br \/>\nKan redusere spredningen av bakterielle infeksjoner hos dyrene dine.<br \/>\nFjern dyr, gjenstander (varmesteiner, huler, burinnredning, mat- og vannsk\u00e5ler) og underlag fra terrariet eller buret (rengj\u00f8r med WIPE OUT 2).<br \/>\nBl\u00f8tlegg overflatene i terrariet\/buret ved \u00e5 spraye WIPE OUT 1 og la det virke i fem minutter. T\u00f8rk deretter alle overflater t\u00f8rre.<br \/>\nIkke slipp dyr f\u00f8r terrariet\/buret er t\u00f8rt og ventilert.<br \/>\nRengj\u00f8r terrariet minst en gang i uken eller oftere om n\u00f8dvendig.<br \/>\nHusk &#8211; for desinfeksjon og rengj\u00f8ring av all burinnredning som varmesteiner, plastplanter, tredetaljer etc, bruk Zoo Meds WIPE OUT 2.<\/p>\n<p>F\u00f8rstehjelp:<br \/>\nHvis du f\u00e5r produktet i \u00f8ynene: Hold \u00f8yet \u00e5pent og skyll forsiktig med vann i 15-20 minutter. Hvis du har kontaktlinser, fjern dem etter fem minutter, fortsett \u00e5 skylle sent.<br \/>\nHvis du f\u00e5r det p\u00e5 huden: Ta av forurensede kl\u00e6r. Skyll huden umiddelbart med mye vann i 15-20 minutter.<br \/>\nFor enhver eksponering: Ring giftkontrollsenteret eller legen for flere r\u00e5d om behandling.<\/p>\n<p>Forholdsregler: Advarsel. Skadelig for mennesker og dyr. For\u00e5rsaker \u00f8yeirritasjon. Farlig \u00e5 konsumere, unng\u00e5 forurensning av mat. Unng\u00e5 kontakt med hud, \u00f8yne eller kl\u00e6r Vask grundig med s\u00e5pe og vann etter bruk. Ikke spray produktet p\u00e5 eller p\u00e5 elektrisk utstyr, fare for st\u00f8t.<\/p>\n<p>Ikke gjenbruk tom emballasje. Skyll emballasjen grundig med vann f\u00f8r du kaster avfall.<\/p>","protected":false},"excerpt":{"rendered":"<h2 style=\"font-family: &quot;Source Sans Pro&quot;, -apple-system, BlinkMacSystemFont, &quot;Segoe UI&quot;, Roboto, &quot;Helvetica Neue&quot;, Arial, sans-serif, &quot;Apple Color Emoji&quot;, &quot;Segoe UI Emoji&quot;, &quot;Segoe UI Symbol&quot;; color: rgb(33, 37, 41);\" class=\"\">Zoo Med Wipe Out 1 Terrarie rengj\u00f8ring<\/h2>\n<p id=\"tw-target-text\" class=\"tw-data-text tw-text-large XcVN5d tw-ta\" dir=\"ltr\" data-placeholder=\"Oversettelse\"><span class=\"Y2IQFc\" lang=\"no\">Zoo Med Wipe Out 1 Terrarie rengj\u00f8ring er et brukervennlig, flytende antibakterielt rengj\u00f8ringsmiddel, desinfeksjonsmiddel og deodoriserende middel for terrarier og andre sm\u00e5bur. <\/span><\/p>\n<p class=\"tw-data-text tw-text-large XcVN5d tw-ta\" dir=\"ltr\" data-placeholder=\"Oversettelse\"><span class=\"Y2IQFc\" lang=\"no\">Wipe Out 1 dreper et bredt spekter av bakterier, inkludert Salmonella chloraesuis (ATCC 10708) og Pseudomonas aeruginosa (ATCC 15422) arter.<\/span><\/p>","protected":false},"featured_media":21359,"comment_status":"open","ping_status":"closed","template":"","meta":{"content-type":"","_uf_show_specific_survey":0,"_uf_disable_surveys":false,"_monsterinsights_skip_tracking":false,"_monsterinsights_sitenote_active":false,"_monsterinsights_sitenote_note":"","_monsterinsights_sitenote_category":0},"pwb-brand":[1849],"product_brand":[],"product_cat":[2194,2261,2154],"product_tag":[1901,1905],"woo-feed-brand":[],"class_list":{"0":"post-11919","1":"product","2":"type-product","3":"status-publish","4":"has-post-thumbnail","6":"pwb-brand-zoo-med","7":"product_cat-hygiene-handtering-reptil","8":"product_cat-rengj-ring-og-desinfisering","9":"product_cat-reptildekor","10":"product_tag-fuglepleie-og-kosttilskudd","11":"product_tag-reptilpleie-og-kosttilskudd","13":"first","14":"instock","15":"taxable","16":"shipping-taxable","17":"purchasable","18":"product-type-simple"},"exclude_global_add_ons":[],"addons":[],"brands":[{"id":1849,"name":"Zoo Med","slug":"zoo-med"}],"_links":{"self":[{"href":"https:\/\/fuglebutikken.no\/en\/wp-json\/wp\/v2\/product\/11919","targetHints":{"allow":["GET"]}}],"collection":[{"href":"https:\/\/fuglebutikken.no\/en\/wp-json\/wp\/v2\/product"}],"about":[{"href":"https:\/\/fuglebutikken.no\/en\/wp-json\/wp\/v2\/types\/product"}],"replies":[{"embeddable":true,"href":"https:\/\/fuglebutikken.no\/en\/wp-json\/wp\/v2\/comments?post=11919"}],"wp:featuredmedia":[{"embeddable":true,"href":"https:\/\/fuglebutikken.no\/en\/wp-json\/wp\/v2\/media\/21359"}],"wp:attachment":[{"href":"https:\/\/fuglebutikken.no\/en\/wp-json\/wp\/v2\/media?parent=11919"}],"wp:term":[{"taxonomy":"pwb-brand","embeddable":true,"href":"https:\/\/fuglebutikken.no\/en\/wp-json\/wp\/v2\/pwb-brand?post=11919"},{"taxonomy":"product_brand","embeddable":true,"href":"https:\/\/fuglebutikken.no\/en\/wp-json\/wp\/v2\/product_brand?post=11919"},{"taxonomy":"product_cat","embeddable":true,"href":"https:\/\/fuglebutikken.no\/en\/wp-json\/wp\/v2\/product_cat?post=11919"},{"taxonomy":"product_tag","embeddable":true,"href":"https:\/\/fuglebutikken.no\/en\/wp-json\/wp\/v2\/product_tag?post=11919"},{"taxonomy":"woo-feed-brand","embeddable":true,"href":"https:\/\/fuglebutikken.no\/en\/wp-json\/wp\/v2\/woo-feed-brand?post=11919"}],"curies":[{"name":"wp","href":"https:\/\/api.w.org\/{rel}","templated":true}]}}