{"id":11534,"date":"2020-12-04T13:42:32","date_gmt":"2020-12-04T12:42:32","guid":{"rendered":"https:\/\/fuglebutikken.no\/product\/feni-varmtvannsbeholder-35ltr\/"},"modified":"2026-01-05T14:09:28","modified_gmt":"2026-01-05T13:09:28","slug":"feni-varmtvannsbeholder-35ltr","status":"publish","type":"product","link":"https:\/\/fuglebutikken.no\/en\/butikk\/ukategorisert\/feni-varmtvannsbeholder-35ltr\/","title":{"rendered":"Feni varmtvannsbeholder 3,5ltr"},"content":{"rendered":"<h2>Feni varmtvannsbeholder 3,5ltr<\/h2>\n<p>Spar tid og penger i forhold til \u00e5 bruke vanlig vannkoker. \u00d8yeblikkelig varmt vann med et tastetrykk. 3 doseringsm\u00e5ter (auto, kopp og manuell) Koker p\u00e5 bare 680 watt og trenger bare \u00e5 koke en gang takket v\u00e6re &#8220;varmtvann bereder&#8221; funksjonen. Holder temperaturen p\u00e5 \u00f8nsket innstilling. Perfekt varmvannsdispenser for \u00e5 lage varme drikker, desserter, matlaging, bl\u00f8t legging av hundef\u00f2r etc. Et must i stallen og p\u00e5 hundetrening i vinter.<br \/>\nLett og b\u00e6re, og manuellfunksjonen gj\u00f8r at den kan brukes uten ledning (som en termos\/pumpekanne)<\/p>\n<p><strong>Lys LCD-skjerm og myke ber\u00f8ringsknapper<\/strong><br \/>\nDet digitale displayet viser tydelig dine valgte innstillinger og n\u00f8yaktig vanntemperatur. Enkel \u00e5 betjene med myke ber\u00f8ringsknapper.<\/p>\n<p><strong>Kvalitets rustfritt st\u00e5l ytterhus med lett b\u00e6reh\u00e5ndtak<\/strong><br \/>\nModerne finish som er stilig, hygienisk og enkel \u00e5 rengj\u00f8re. Innebygd vannstandsvindu. Slitesterk 304 rustfritt st\u00e5l i vannbeholderen gir super effektiv oppvarming og oppbevaringsvarme.<\/p>","protected":false},"excerpt":{"rendered":"<h3>Feni varmtvannsbeholder 3,5ltr.<\/h3>\n<p>KONKURSSALG!!<br \/>\nImport\u00f8ren har valgt \u00e5 stenge og vi har solgt dette produktet i mange \u00e5r. Vi har derfor kj\u00f8pt opp varelageret og selger til vanvittig god pris!<\/p>\n<ul class=\"product__highlights list-inside leading-relaxed pl-2\">\n<li>Varmtvannsdispenser \u2013 alltid varmt vann til te, kaffe, varm sjokolade osv.<\/li>\n<li>2 forskjellige metoder for \u00e5 helle vann \u2013 en av dem fungerer uten str\u00f8m<\/li>\n<li>Spesifisert temperaturinnstilling: 40, 50, 60, 85, 98, 100 C\u00b0<\/li>\n<li>Funksjon for automatisk rengj\u00f8ring<\/li>\n<li>Holdbar og solid p\u00e5 grunn av edelst\u00e5lskonstruksjonen<\/li>\n<li>Barnesikring<\/li>\n<\/ul>","protected":false},"featured_media":26241,"comment_status":"closed","ping_status":"closed","template":"","meta":{"content-type":"","_uf_show_specific_survey":0,"_uf_disable_surveys":false,"_monsterinsights_skip_tracking":false,"_monsterinsights_sitenote_active":false,"_monsterinsights_sitenote_note":"","_monsterinsights_sitenote_category":0},"pwb-brand":[],"product_brand":[],"product_cat":[2106],"product_tag":[],"woo-feed-brand":[],"class_list":{"0":"post-11534","1":"product","2":"type-product","3":"status-publish","4":"has-post-thumbnail","6":"product_cat-ukategorisert","8":"first","9":"instock","10":"taxable","11":"shipping-taxable","12":"purchasable","13":"product-type-simple"},"exclude_global_add_ons":[],"addons":[],"brands":[],"_links":{"self":[{"href":"https:\/\/fuglebutikken.no\/en\/wp-json\/wp\/v2\/product\/11534","targetHints":{"allow":["GET"]}}],"collection":[{"href":"https:\/\/fuglebutikken.no\/en\/wp-json\/wp\/v2\/product"}],"about":[{"href":"https:\/\/fuglebutikken.no\/en\/wp-json\/wp\/v2\/types\/product"}],"replies":[{"embeddable":true,"href":"https:\/\/fuglebutikken.no\/en\/wp-json\/wp\/v2\/comments?post=11534"}],"wp:featuredmedia":[{"embeddable":true,"href":"https:\/\/fuglebutikken.no\/en\/wp-json\/wp\/v2\/media\/26241"}],"wp:attachment":[{"href":"https:\/\/fuglebutikken.no\/en\/wp-json\/wp\/v2\/media?parent=11534"}],"wp:term":[{"taxonomy":"pwb-brand","embeddable":true,"href":"https:\/\/fuglebutikken.no\/en\/wp-json\/wp\/v2\/pwb-brand?post=11534"},{"taxonomy":"product_brand","embeddable":true,"href":"https:\/\/fuglebutikken.no\/en\/wp-json\/wp\/v2\/product_brand?post=11534"},{"taxonomy":"product_cat","embeddable":true,"href":"https:\/\/fuglebutikken.no\/en\/wp-json\/wp\/v2\/product_cat?post=11534"},{"taxonomy":"product_tag","embeddable":true,"href":"https:\/\/fuglebutikken.no\/en\/wp-json\/wp\/v2\/product_tag?post=11534"},{"taxonomy":"woo-feed-brand","embeddable":true,"href":"https:\/\/fuglebutikken.no\/en\/wp-json\/wp\/v2\/woo-feed-brand?post=11534"}],"curies":[{"name":"wp","href":"https:\/\/api.w.org\/{rel}","templated":true}]}}