{"id":10743,"date":"2020-09-30T11:39:27","date_gmt":"2020-09-30T09:39:27","guid":{"rendered":"https:\/\/fuglebutikken.no\/product\/ultra-bitter-spray-fooey-236ml\/"},"modified":"2026-03-26T14:25:40","modified_gmt":"2026-03-26T13:25:40","slug":"ultra-bitter-spray-fooey-236ml","status":"publish","type":"product","link":"https:\/\/fuglebutikken.no\/en\/butikk\/fugl-som-hobby\/fugl\/fuglebur-og-fuglebur-tilbehor\/bur-tilbehor\/ultra-bitter-spray-fooey-236ml\/","title":{"rendered":"Ultra bitter spray Fooey 236ml"},"content":{"rendered":"<h2 id=\"tw-target-text\" class=\"tw-data-text tw-text-large XcVN5d tw-ta\" dir=\"ltr\" data-placeholder=\"Oversettelse\"><span lang=\"no\">Ultra bitter spray Fooey 236ml<\/span><\/h2>\n<p dir=\"ltr\" data-placeholder=\"Oversettelse\">Fooeys ekstremt bitre smak kommer fra grapefruktskall og urten Andrographis paniculata. Fooey er helt naturlig og motvirker ulike destruktive atferder som gnaging, tygging og slikking, fungerer for alle kj\u00e6ledyr. Bruksanvisning Spray p\u00e5 omr\u00e5det eller gjenstanden som skal behandles og beskyttes. Kan brukes p\u00e5 m\u00f8bler, vegger, snorer, sko, kl\u00e6r, gjerder, staller, bandasjer eller direkte p\u00e5 pelsen. Oppbevaring Oppbevares i romtemperatur og utilgjengelig for barn. Vask hendene etter bruk, ved \u00f8yekontakt skyll med vann.<\/p>\n<p class=\"tw-data-text tw-text-large XcVN5d tw-ta\" dir=\"ltr\" data-placeholder=\"Oversettelse\"><span lang=\"no\">Sammensetning: Avionisert vann Grapefruktskall ekstrakt Urter (andrographis paniculata) <\/span><\/p>\n<p class=\"tw-data-text tw-text-large XcVN5d tw-ta\" dir=\"ltr\" data-placeholder=\"Oversettelse\"><span lang=\"no\">Bruksanvisning: Spray p\u00e5 omr\u00e5det eller gjenstanden som skal behandles og beskyttes. Kan brukes p\u00e5 m\u00f8bler, vegger, snorer, sko, kl\u00e6r, gjerder, stall, bandasjer eller direkte p\u00e5 kappen.<\/span><\/p>\n<p class=\"tw-data-text tw-text-large XcVN5d tw-ta\" dir=\"ltr\" data-placeholder=\"Oversettelse\"><span lang=\"no\"> Oppbevaring: Oppbevares ved romtemperatur og utilgjengelig for barn. Vask hendene etter bruk, i tilfelle \u00f8yekontakt skyll med vann.<br \/>\nAnti Bit Fooey Ultrabitter Spray<br \/>\n<\/span><\/p>","protected":false},"excerpt":{"rendered":"<h3>Ultra bitter spray Fooey 236ml<\/h3>\n<p><span lang=\"no\">En helt naturlig spray som motvirker ulike destruktiv atferd som gnaging, tygging og slikking, gjelder alle kj\u00e6ledyr, ogs\u00e5 papeg\u00f8yer, parakitter og andre fugler.<br \/>\nFooey er en bitterspray som kan benyttes p\u00e5 m\u00f8bler, vegger, ledninger, sko og kl\u00e6r mm.<\/span><\/p>\n<ul>\n<li><span lang=\"no\">Motvirker destruktiv atferd!<\/span><\/li>\n<li>Avionisert vann<\/li>\n<li>Ekstrakt av grapefruktskall<\/li>\n<li>Urten Andrographis paniculata<\/li>\n<\/ul>","protected":false},"featured_media":28114,"comment_status":"closed","ping_status":"closed","template":"","meta":{"content-type":"","_uf_show_specific_survey":0,"_uf_disable_surveys":false,"_monsterinsights_skip_tracking":false,"_monsterinsights_sitenote_active":false,"_monsterinsights_sitenote_note":"","_monsterinsights_sitenote_category":0},"pwb-brand":[],"product_brand":[],"product_cat":[1958,1968,2203,41,1147,2162,2192],"product_tag":[2005,493,2006,2007,2008,233,207],"woo-feed-brand":[],"class_list":{"0":"post-10743","1":"product","2":"type-product","3":"status-publish","4":"has-post-thumbnail","6":"product_cat-avvisning-og-urinfjerning-hygiene-hund","7":"product_cat-avvisning","8":"product_cat-bur-tilbehor","9":"product_cat-fugl","10":"product_cat-fugl-som-hobby","11":"product_cat-fuglebur-og-fuglebur-tilbehor","12":"product_cat-hygiene-og-pels","13":"product_tag-anvisning-og-avvisning","14":"product_tag-avvisningsspray","15":"product_tag-get-off-og-avvisningsspray","16":"product_tag-hundetrening-og-bruksspor","17":"product_tag-kattetrening-og-anti-kloring","18":"product_tag-kattunge","19":"product_tag-valp","21":"first","22":"outofstock","23":"taxable","24":"shipping-taxable","25":"purchasable","26":"product-type-simple"},"exclude_global_add_ons":[],"addons":[],"brands":[],"_links":{"self":[{"href":"https:\/\/fuglebutikken.no\/en\/wp-json\/wp\/v2\/product\/10743","targetHints":{"allow":["GET"]}}],"collection":[{"href":"https:\/\/fuglebutikken.no\/en\/wp-json\/wp\/v2\/product"}],"about":[{"href":"https:\/\/fuglebutikken.no\/en\/wp-json\/wp\/v2\/types\/product"}],"replies":[{"embeddable":true,"href":"https:\/\/fuglebutikken.no\/en\/wp-json\/wp\/v2\/comments?post=10743"}],"wp:featuredmedia":[{"embeddable":true,"href":"https:\/\/fuglebutikken.no\/en\/wp-json\/wp\/v2\/media\/28114"}],"wp:attachment":[{"href":"https:\/\/fuglebutikken.no\/en\/wp-json\/wp\/v2\/media?parent=10743"}],"wp:term":[{"taxonomy":"pwb-brand","embeddable":true,"href":"https:\/\/fuglebutikken.no\/en\/wp-json\/wp\/v2\/pwb-brand?post=10743"},{"taxonomy":"product_brand","embeddable":true,"href":"https:\/\/fuglebutikken.no\/en\/wp-json\/wp\/v2\/product_brand?post=10743"},{"taxonomy":"product_cat","embeddable":true,"href":"https:\/\/fuglebutikken.no\/en\/wp-json\/wp\/v2\/product_cat?post=10743"},{"taxonomy":"product_tag","embeddable":true,"href":"https:\/\/fuglebutikken.no\/en\/wp-json\/wp\/v2\/product_tag?post=10743"},{"taxonomy":"woo-feed-brand","embeddable":true,"href":"https:\/\/fuglebutikken.no\/en\/wp-json\/wp\/v2\/woo-feed-brand?post=10743"}],"curies":[{"name":"wp","href":"https:\/\/api.w.org\/{rel}","templated":true}]}}