{"id":10639,"date":"2022-10-28T10:20:58","date_gmt":"2022-10-28T08:20:58","guid":{"rendered":"https:\/\/fuglebutikken.no\/product\/spon-presset-300-l\/"},"modified":"2026-02-02T19:26:18","modified_gmt":"2026-02-02T18:26:18","slug":"spon-presset","status":"publish","type":"product","link":"https:\/\/fuglebutikken.no\/en\/butikk\/ukategorisert\/spon-presset\/","title":{"rendered":"Spon Presset"},"content":{"rendered":"<h2>Spon Presset storforpakning<\/h2>\n<p>Spon laget av Svensk gran og furu<\/p>","protected":false},"excerpt":{"rendered":"<h3>Spon Presset<\/h3>\n<ul>\n<li>Ca. 300 liter &#8211; 16 kg fra Dala<\/li>\n<li>ca. 400 liter fra Vida<\/li>\n<\/ul>\n<p>Det finnes mange ulike typer bunnmateriale, og de fleste er greie \u00e5 bruke. Alle har sine fordeler og ulemper. Spon er god p\u00e5 \u00e5 absorbere fukt, men d\u00e5rlig p\u00e5 \u00e5 dekke til lukt. Krever derfor hyppig rengj\u00f8ring. Noe spon kan st\u00f8ve mye, og egner seg ikke om man er sensitiv mot st\u00f8v.<br \/>\nSpon laget av Svensk gran og furu<\/p>\n<p><img decoding=\"async\" src=\"https:\/\/tropehagen.com\/pim_mgmt\/upload\/summernote\/Palle frakt (1).png\" style=\"width: 90px;\"><br \/><strong>Velg Hjemlevering ved bestilling av 1 stk. <br \/>Ved bestilling av flere stykk velges Hjemlevering store tunge produkt som fraktm\u00e5te.<\/p>\n<p><\/strong><\/p>","protected":false},"featured_media":27151,"comment_status":"closed","ping_status":"closed","template":"","meta":{"content-type":"","_uf_show_specific_survey":0,"_uf_disable_surveys":false,"_monsterinsights_skip_tracking":false,"_monsterinsights_sitenote_active":false,"_monsterinsights_sitenote_note":"","_monsterinsights_sitenote_category":0},"pwb-brand":[2020],"product_brand":[],"product_cat":[2106],"product_tag":[1928],"woo-feed-brand":[],"class_list":{"0":"post-10639","1":"product","2":"type-product","3":"status-publish","4":"has-post-thumbnail","6":"pwb-brand-dala","7":"product_cat-ukategorisert","8":"product_tag-bunnstro-og-bomateriale","10":"first","11":"instock","12":"taxable","13":"shipping-taxable","14":"purchasable","15":"product-type-variable","16":"has-default-attributes"},"exclude_global_add_ons":[],"addons":[],"brands":[{"id":2020,"name":"Dala","slug":"dala"}],"_links":{"self":[{"href":"https:\/\/fuglebutikken.no\/en\/wp-json\/wp\/v2\/product\/10639","targetHints":{"allow":["GET"]}}],"collection":[{"href":"https:\/\/fuglebutikken.no\/en\/wp-json\/wp\/v2\/product"}],"about":[{"href":"https:\/\/fuglebutikken.no\/en\/wp-json\/wp\/v2\/types\/product"}],"replies":[{"embeddable":true,"href":"https:\/\/fuglebutikken.no\/en\/wp-json\/wp\/v2\/comments?post=10639"}],"wp:featuredmedia":[{"embeddable":true,"href":"https:\/\/fuglebutikken.no\/en\/wp-json\/wp\/v2\/media\/27151"}],"wp:attachment":[{"href":"https:\/\/fuglebutikken.no\/en\/wp-json\/wp\/v2\/media?parent=10639"}],"wp:term":[{"taxonomy":"pwb-brand","embeddable":true,"href":"https:\/\/fuglebutikken.no\/en\/wp-json\/wp\/v2\/pwb-brand?post=10639"},{"taxonomy":"product_brand","embeddable":true,"href":"https:\/\/fuglebutikken.no\/en\/wp-json\/wp\/v2\/product_brand?post=10639"},{"taxonomy":"product_cat","embeddable":true,"href":"https:\/\/fuglebutikken.no\/en\/wp-json\/wp\/v2\/product_cat?post=10639"},{"taxonomy":"product_tag","embeddable":true,"href":"https:\/\/fuglebutikken.no\/en\/wp-json\/wp\/v2\/product_tag?post=10639"},{"taxonomy":"woo-feed-brand","embeddable":true,"href":"https:\/\/fuglebutikken.no\/en\/wp-json\/wp\/v2\/woo-feed-brand?post=10639"}],"curies":[{"name":"wp","href":"https:\/\/api.w.org\/{rel}","templated":true}]}}