{"id":10241,"date":"2020-03-01T16:29:44","date_gmt":"2020-03-01T15:29:44","guid":{"rendered":"https:\/\/fuglebutikken.no\/product\/peewee-trepellets\/"},"modified":"2026-03-06T08:10:51","modified_gmt":"2026-03-06T07:10:51","slug":"peewee-trepellets","status":"publish","type":"product","link":"https:\/\/fuglebutikken.no\/en\/butikk\/ukategorisert\/peewee-trepellets\/","title":{"rendered":"PeeWee Trepellets Eco"},"content":{"rendered":"<h2>PeeWee Trepellets Eco<\/h2>\n<p>PeeWee Trepellets Eco er det ideelle valget for katteluftere som \u00f8nsker en effektiv og milj\u00f8vennlig l\u00f8sning for kattetoalett. Laget av 100 % fornybare r\u00e5stoffer, gir disse trepelletsene en overlegen absorpsjon av b\u00e5de fuktighet og lukt, noe som gir deg og katten din en ren og behagelig opplevelse.<\/p>\n<h3>N\u00f8kkelfordeler<\/h3>\n<p>PeeWee trepellets er laget av svensk gran og furu, og er 100 % biologisk nedbrytbare. Deres unike sammensetning gj\u00f8r dem i stand til \u00e5 absorbere vond lukt fullstendig, samtidig som de holder kattetoalettet rent og t\u00f8rt. N\u00e5r katten bruker PeeWee kattedoen, vil opptil 90 % av urinen bli fanget i den nedre beholderen, mens det som er igjen i den \u00f8vre beholderen blir til sagflis. Dette gj\u00f8r rengj\u00f8ringen enkel &#8211; du trenger bare \u00e5 kaste den brukte sagflisen.<\/p>\n<h3>Bruksanvisning<\/h3>\n<p>For best resultat, bruk PeeWee trepellets sammen med en kattetoalett fra PeeWee. Det er tilstrekkelig med et 2 cm lag med trepellets for optimal funksjon, og en pakke p\u00e5 14 liter varer i minst 4 m\u00e5neder, noe som betyr mindre etterfylling for deg. For \u00e5 opprettholde en frisk granlukt, fjern katteb\u00e6sjen regelmessig med den spesielle PeeWee spaden, og nyt et kattetoalett som alltid holder seg rent og luktfritt.<\/p>","protected":false},"excerpt":{"rendered":"<h3>PeeWee Trepellets Eco<\/h3>\n<ul>\n<li>PeeWee trepellets er laget av svensk gran og furu.<\/li>\n<li>Brukes i kombinasjon med kattetoalett fra PeeWee for optimal&nbsp;effekt.<\/li>\n<li>PeeWee trepellets er laget av 100 % fornybare r\u00e5stoffer og er 100 % biologisk nedbrytbare.<\/li>\n<li>Absorberes vond lukt fullstendig.<\/li>\n<li>Det er bare n\u00f8dvendig \u00e5 kaste den brukte sagflisen.<\/li>\n<li>Hvis katteb\u00e6sjen fjernes regelmessig fra beholderen med den spesielle PeeWee spaden, er den friske granlukten det eneste som blir igjen.<\/li>\n<\/ul>\n<p><\/p>","protected":false},"featured_media":27822,"comment_status":"open","ping_status":"closed","template":"","meta":{"content-type":"","_uf_show_specific_survey":0,"_uf_disable_surveys":false,"_monsterinsights_skip_tracking":false,"_monsterinsights_sitenote_active":false,"_monsterinsights_sitenote_note":"","_monsterinsights_sitenote_category":0},"pwb-brand":[1983],"product_brand":[],"product_cat":[2106],"product_tag":[1980,1981,1982],"woo-feed-brand":[],"class_list":{"0":"post-10241","1":"product","2":"type-product","3":"status-publish","4":"has-post-thumbnail","6":"pwb-brand-peewee","7":"product_cat-ukategorisert","8":"product_tag-kopostebar","9":"product_tag-peewee","10":"product_tag-trepellest","12":"first","13":"instock","14":"taxable","15":"shipping-taxable","16":"purchasable","17":"product-type-variable","18":"has-default-attributes"},"exclude_global_add_ons":[],"addons":[],"brands":[{"id":1983,"name":"PeeWee","slug":"peewee"}],"_links":{"self":[{"href":"https:\/\/fuglebutikken.no\/en\/wp-json\/wp\/v2\/product\/10241","targetHints":{"allow":["GET"]}}],"collection":[{"href":"https:\/\/fuglebutikken.no\/en\/wp-json\/wp\/v2\/product"}],"about":[{"href":"https:\/\/fuglebutikken.no\/en\/wp-json\/wp\/v2\/types\/product"}],"replies":[{"embeddable":true,"href":"https:\/\/fuglebutikken.no\/en\/wp-json\/wp\/v2\/comments?post=10241"}],"wp:featuredmedia":[{"embeddable":true,"href":"https:\/\/fuglebutikken.no\/en\/wp-json\/wp\/v2\/media\/27822"}],"wp:attachment":[{"href":"https:\/\/fuglebutikken.no\/en\/wp-json\/wp\/v2\/media?parent=10241"}],"wp:term":[{"taxonomy":"pwb-brand","embeddable":true,"href":"https:\/\/fuglebutikken.no\/en\/wp-json\/wp\/v2\/pwb-brand?post=10241"},{"taxonomy":"product_brand","embeddable":true,"href":"https:\/\/fuglebutikken.no\/en\/wp-json\/wp\/v2\/product_brand?post=10241"},{"taxonomy":"product_cat","embeddable":true,"href":"https:\/\/fuglebutikken.no\/en\/wp-json\/wp\/v2\/product_cat?post=10241"},{"taxonomy":"product_tag","embeddable":true,"href":"https:\/\/fuglebutikken.no\/en\/wp-json\/wp\/v2\/product_tag?post=10241"},{"taxonomy":"woo-feed-brand","embeddable":true,"href":"https:\/\/fuglebutikken.no\/en\/wp-json\/wp\/v2\/woo-feed-brand?post=10241"}],"curies":[{"name":"wp","href":"https:\/\/api.w.org\/{rel}","templated":true}]}}