{"id":1019,"date":"2020-03-01T16:27:18","date_gmt":"2020-03-01T15:27:18","guid":{"rendered":"https:\/\/274105-www.web.tornado-node.net\/fugl\/product\/transport-forboks-flere-storrelser\/"},"modified":"2025-09-10T13:31:23","modified_gmt":"2025-09-10T11:31:23","slug":"transport-forboks-flere-storrelser","status":"publish","type":"product","link":"https:\/\/fuglebutikken.no\/en\/butikk\/fugl-som-hobby\/fugl\/fuglebur-og-fuglebur-tilbehor\/fugl-bur\/transportbur-fugl\/transport-forboks-flere-storrelser\/","title":{"rendered":"Transport og forboks, flere st\u00f8rrelser"},"content":{"rendered":"<h2 class=\"\">Transport og forboks, flere st\u00f8rrelser<\/h2>\n<p>Leter du etter et passende transportalternativ for din slange eller kameleon, agamen, firfirsle, skilpadde eller annet terrariumdyr?<\/p>\n<p>Vi tilbyr riktig transportboks. Boksen ix er tilgjengelig i forskjellige st\u00f8rrelser og er enkel \u00e5 rengj\u00f8re da den er laget av plast. Den er ogs\u00e5 egnet som boks for f\u00f4ringsdyr eller som midlertidig karantenebolig.<\/p>","protected":false},"excerpt":{"rendered":"<h3 class=\"\">Transport og forboks, flere st\u00f8rrelser<\/h3>\n<p>For transport, oppdrett og f\u00f4ring av reptiler og amfibier. Ideell for lagring av levende f\u00f4r og som midlertidig karantene.<\/p>\n<p>Lett \u00e5 rengj\u00f8re. Med h\u00e5ndtak og \u00e5pning for f\u00f4ring i lokket (type 76303 og 76304 uten h\u00e5ndtak). Ekstra lateral d\u00f8r til f\u00f4ring n\u00e5r kasser er stablet (ikke mulig med punkt 76300)<\/p>","protected":false},"featured_media":21436,"comment_status":"open","ping_status":"closed","template":"","meta":{"content-type":"","_uf_show_specific_survey":0,"_uf_disable_surveys":false,"_monsterinsights_skip_tracking":false,"_monsterinsights_sitenote_active":false,"_monsterinsights_sitenote_note":"","_monsterinsights_sitenote_category":0},"pwb-brand":[653],"product_brand":[],"product_cat":[2195,2205,2014,2202,2150,1945,41,1147,2162,2265,3050,1985,1984,1946,2264,2152,2151],"product_tag":[2289,2288,658],"woo-feed-brand":[],"class_list":{"0":"post-1019","1":"product","2":"type-product","3":"status-publish","4":"has-post-thumbnail","6":"pwb-brand-trixie","7":"product_cat-akvaristikk","8":"product_cat-akvarier","9":"product_cat-akvarium-som-hobby","10":"product_cat-fugl-bur","11":"product_cat-dyr-bur","12":"product_cat-dyr-som-hobby","13":"product_cat-fugl","14":"product_cat-fugl-som-hobby","15":"product_cat-fuglebur-og-fuglebur-tilbehor","16":"product_cat-nano-akvarium","17":"product_cat-plast-terrarium-reptil","18":"product_cat-reptil","19":"product_cat-reptil-som-hobby","20":"product_cat-smadyr","21":"product_cat-terrarie","22":"product_cat-transportbur-fugl","23":"product_cat-transportbur","24":"product_tag-akvariefisk","25":"product_tag-plastakvarium-plastterrarium","26":"product_tag-transport","28":"first","29":"instock","30":"taxable","31":"shipping-taxable","32":"purchasable","33":"product-type-variable","34":"has-default-attributes"},"exclude_global_add_ons":[],"addons":[],"brands":[{"id":653,"name":"Trixie","slug":"trixie"}],"_links":{"self":[{"href":"https:\/\/fuglebutikken.no\/en\/wp-json\/wp\/v2\/product\/1019","targetHints":{"allow":["GET"]}}],"collection":[{"href":"https:\/\/fuglebutikken.no\/en\/wp-json\/wp\/v2\/product"}],"about":[{"href":"https:\/\/fuglebutikken.no\/en\/wp-json\/wp\/v2\/types\/product"}],"replies":[{"embeddable":true,"href":"https:\/\/fuglebutikken.no\/en\/wp-json\/wp\/v2\/comments?post=1019"}],"wp:featuredmedia":[{"embeddable":true,"href":"https:\/\/fuglebutikken.no\/en\/wp-json\/wp\/v2\/media\/21436"}],"wp:attachment":[{"href":"https:\/\/fuglebutikken.no\/en\/wp-json\/wp\/v2\/media?parent=1019"}],"wp:term":[{"taxonomy":"pwb-brand","embeddable":true,"href":"https:\/\/fuglebutikken.no\/en\/wp-json\/wp\/v2\/pwb-brand?post=1019"},{"taxonomy":"product_brand","embeddable":true,"href":"https:\/\/fuglebutikken.no\/en\/wp-json\/wp\/v2\/product_brand?post=1019"},{"taxonomy":"product_cat","embeddable":true,"href":"https:\/\/fuglebutikken.no\/en\/wp-json\/wp\/v2\/product_cat?post=1019"},{"taxonomy":"product_tag","embeddable":true,"href":"https:\/\/fuglebutikken.no\/en\/wp-json\/wp\/v2\/product_tag?post=1019"},{"taxonomy":"woo-feed-brand","embeddable":true,"href":"https:\/\/fuglebutikken.no\/en\/wp-json\/wp\/v2\/woo-feed-brand?post=1019"}],"curies":[{"name":"wp","href":"https:\/\/api.w.org\/{rel}","templated":true}]}}