{"id":10050,"date":"2020-03-01T16:26:18","date_gmt":"2020-03-01T15:26:18","guid":{"rendered":"https:\/\/fuglebutikken.no\/product\/sprayflaske-exoterra-2l__trashed\/"},"modified":"2025-10-07T09:49:11","modified_gmt":"2025-10-07T07:49:11","slug":"sprayflaske-exoterra-2l__trashed","status":"publish","type":"product","link":"https:\/\/fuglebutikken.no\/en\/butikk\/fugl-som-hobby\/fugl\/pleie\/sprayflaske-exoterra-2l__trashed\/","title":{"rendered":"Sprayflaske Exoterra 2L"},"content":{"rendered":"<h2>Sprayflaske Exoterra 2L<\/h2>\n<p>Exo Terra Mister er en lettanvendelig trykkspr\u00f8yte som gj\u00f8r at man slipper styret med vanlige sprayflasker. Spraydysen kan justeres slik at det gir en str\u00e5le eller full t\u00e5ke. Den har en l\u00e5semekanisme som gj\u00f8r at man kan spraye kontinuerlig. Den store beholderen rommer 2 liter og er ideell til store terrarier og i veksthus.<\/p>\n<p>Viktig:<\/p>\n<ul>\n<li>Ikke spraye direkte p\u00e5 dyrene<\/li>\n<li>Skyll pumpen og beholderen med rent vann f\u00f8r anvendelse<\/li>\n<li>Ikke beregnet for \u00e5 brukes til kjemikalier eller gift<\/li>\n<li>Skal ikke utsettes for ekstrem varme n\u00e5r trykket er oppe<\/li>\n<li>For \u00e5 unng\u00e5 avleiringer av kalsium og mineraler, bruk destillert eller mykt vann<\/li>\n<\/ul>","protected":false},"excerpt":{"rendered":"<h3>Sprayflaske Exoterra 2L<\/h3>\n<ul>\n<li>Tilf\u00f8rer fukt i reptilmilj\u00f8er<\/li>\n<li>Hjelper til med \u00e5 opprettholde optimale forhold i terrariet<\/li>\n<li>Stor 2 liters beholder<\/li>\n<li>Justerbart spraymunnstykke<\/li>\n<li>L\u00e5semekanisme for kontinuerlig spraying<\/li>\n<li>Kompakt, lett og enkel \u00e5 h\u00e5ndtere<\/li>\n<\/ul>","protected":false},"featured_media":22536,"comment_status":"open","ping_status":"closed","template":"","meta":{"content-type":"","_uf_show_specific_survey":0,"_uf_disable_surveys":false,"_monsterinsights_skip_tracking":false,"_monsterinsights_sitenote_active":false,"_monsterinsights_sitenote_note":"","_monsterinsights_sitenote_category":0},"pwb-brand":[659],"product_brand":[],"product_cat":[41,1147,2244,1013,2154],"product_tag":[3005],"woo-feed-brand":[],"class_list":{"0":"post-10050","1":"product","2":"type-product","3":"status-publish","4":"has-post-thumbnail","6":"pwb-brand-exoterra","7":"product_cat-fugl","8":"product_cat-fugl-som-hobby","9":"product_cat-fuktighet","10":"product_cat-pleie","11":"product_cat-reptildekor","12":"product_tag-fuktighetskontroll-reptil","14":"first","15":"outofstock","16":"taxable","17":"shipping-taxable","18":"purchasable","19":"product-type-simple"},"exclude_global_add_ons":[],"addons":[],"brands":[{"id":659,"name":"Exoterra","slug":"exoterra"}],"_links":{"self":[{"href":"https:\/\/fuglebutikken.no\/en\/wp-json\/wp\/v2\/product\/10050","targetHints":{"allow":["GET"]}}],"collection":[{"href":"https:\/\/fuglebutikken.no\/en\/wp-json\/wp\/v2\/product"}],"about":[{"href":"https:\/\/fuglebutikken.no\/en\/wp-json\/wp\/v2\/types\/product"}],"replies":[{"embeddable":true,"href":"https:\/\/fuglebutikken.no\/en\/wp-json\/wp\/v2\/comments?post=10050"}],"wp:featuredmedia":[{"embeddable":true,"href":"https:\/\/fuglebutikken.no\/en\/wp-json\/wp\/v2\/media\/22536"}],"wp:attachment":[{"href":"https:\/\/fuglebutikken.no\/en\/wp-json\/wp\/v2\/media?parent=10050"}],"wp:term":[{"taxonomy":"pwb-brand","embeddable":true,"href":"https:\/\/fuglebutikken.no\/en\/wp-json\/wp\/v2\/pwb-brand?post=10050"},{"taxonomy":"product_brand","embeddable":true,"href":"https:\/\/fuglebutikken.no\/en\/wp-json\/wp\/v2\/product_brand?post=10050"},{"taxonomy":"product_cat","embeddable":true,"href":"https:\/\/fuglebutikken.no\/en\/wp-json\/wp\/v2\/product_cat?post=10050"},{"taxonomy":"product_tag","embeddable":true,"href":"https:\/\/fuglebutikken.no\/en\/wp-json\/wp\/v2\/product_tag?post=10050"},{"taxonomy":"woo-feed-brand","embeddable":true,"href":"https:\/\/fuglebutikken.no\/en\/wp-json\/wp\/v2\/woo-feed-brand?post=10050"}],"curies":[{"name":"wp","href":"https:\/\/api.w.org\/{rel}","templated":true}]}}