{"id":10036,"date":"2020-03-01T16:24:25","date_gmt":"2020-03-01T15:24:25","guid":{"rendered":"https:\/\/fuglebutikken.no\/product\/hagen-heat-glo-50-75-el-100-w\/"},"modified":"2025-09-08T11:06:41","modified_gmt":"2025-09-08T09:06:41","slug":"exo-terra-heat-glo-infrard-pre","status":"publish","type":"product","link":"https:\/\/fuglebutikken.no\/en\/butikk\/fugl-som-hobby\/fugl\/lys-varme-fugl\/lys-varme-paerer-fugl\/exo-terra-heat-glo-infrard-pre\/","title":{"rendered":"Exo Terra Heat Glo infrar\u00f8d p\u00e6re"},"content":{"rendered":"<h2>Hagen Heat Glo infrar\u00f8d p\u00e6re<\/h2>\n<p>Oppdag det perfekte tilskuddet til ditt terrarium med Hagen Heat Glo infrar\u00f8d p\u00e6re, en innovativ varmelampe designet for \u00e5 gi optimal varme og komfort til dine kj\u00e6ledyr. Denne lampen gir b\u00e5de varme og lys, noe som er essensielt for aktivitet og ford\u00f8yelse hos reptiler og andre skapninger som krever spesielle lysforhold.<\/p>\n<h3>Viktige Fordeler<\/h3>\n<p>Hagen Heat Glo p\u00e6ren avgir infrar\u00f8de heteb\u00f8lger, noe som gj\u00f8r den til en utmerket kilde til varme. Den har en innebygd reflektor som effektivt leder varmen i \u00f8nsket retning, og det r\u00f8de glasset overf\u00f8rer varme uten \u00e5 forstyrre dyrenes normale aktivitetsm\u00f8nster. Dette gir kontinuerlig varme 24 timer i d\u00f8gnet, noe som er ideelt for b\u00e5de dag- og nattvisning.<\/p>\n<h3>Bruk TIPS<\/h3>\n<p>For best resultat, bruk Hagen Heat Glo p\u00e6ren sammen med en dag- eller nattlyslampe for \u00e5 oppn\u00e5 en optimal 24-timers syklus. Dette vil skape et naturlig milj\u00f8 for dine kj\u00e6ledyr, og sikre at de holder seg aktive og sunne. Plasser p\u00e6ren i n\u00e6rheten av steder der dyrene dine liker \u00e5 tilbringe tid, slik at de kan nyte godt av den behagelige varmen.<\/p>\n<h3>Ytterligere Informasjon<\/h3>\n<p>Med sin unike design og funksjonalitet er Hagen Heat Glo infrar\u00f8d p\u00e6re et must for enhver terrarieeier. Den gir ikke bare den n\u00f8dvendige varmen, men sikrer ogs\u00e5 at b\u00e5de nattlige og dagaktive rovdyr kan f\u00f8lge sine naturlige rytmer uten forstyrrelser.<\/p>","protected":false},"excerpt":{"rendered":"<h3 class=\"\">\nExo Terra Heat Glo infrar\u00f8d p\u00e6re<\/h3>\n<ul>\n<li>\u00d8ker den totale lufttemperaturen i terrariet<\/li>\n<li>Gir varme, viktig for aktivitet og ford\u00f8yelse<\/li>\n<li>Avgir infrar\u00f8de heteb\u00f8lger<\/li>\n<li>Utmerket 24 timers str\u00e5lende varmekilde<\/li>\n<li>Vil ikke forstyrre normal aktivitetssyklus<\/li>\n<li>Ideell for nattlig visning<\/li>\n<li>Kan kombineres med dagtid varmelampe eller natt varmelampe for en 24-timers syklus<\/li>\n<\/ul>","protected":false},"featured_media":21346,"comment_status":"open","ping_status":"closed","template":"","meta":{"content-type":"","_uf_show_specific_survey":0,"_uf_disable_surveys":false,"_monsterinsights_skip_tracking":false,"_monsterinsights_sitenote_active":false,"_monsterinsights_sitenote_note":"","_monsterinsights_sitenote_category":0},"pwb-brand":[659,663],"product_brand":[],"product_cat":[41,1147,2200,1804,1801,2116,1919],"product_tag":[3032,3036],"woo-feed-brand":[],"class_list":{"0":"post-10036","1":"product","2":"type-product","3":"status-publish","4":"has-post-thumbnail","6":"pwb-brand-exoterra","7":"pwb-brand-hagen","8":"product_cat-fugl","9":"product_cat-fugl-som-hobby","10":"product_cat-lys-varme-fugl","11":"product_cat-lys-varme-paerer","12":"product_cat-lys-varme-paerer-fugl","13":"product_cat-lys-varme-reptil","14":"product_cat-varme-temperatur","15":"product_tag-keramiske-varmere-og-varmelamper","16":"product_tag-terrarium-lys-og-varme","18":"first","19":"instock","20":"taxable","21":"shipping-taxable","22":"purchasable","23":"product-type-variable","24":"has-default-attributes"},"exclude_global_add_ons":[],"addons":[],"brands":[{"id":659,"name":"Exoterra","slug":"exoterra"},{"id":663,"name":"Hagen","slug":"hagen"}],"_links":{"self":[{"href":"https:\/\/fuglebutikken.no\/en\/wp-json\/wp\/v2\/product\/10036","targetHints":{"allow":["GET"]}}],"collection":[{"href":"https:\/\/fuglebutikken.no\/en\/wp-json\/wp\/v2\/product"}],"about":[{"href":"https:\/\/fuglebutikken.no\/en\/wp-json\/wp\/v2\/types\/product"}],"replies":[{"embeddable":true,"href":"https:\/\/fuglebutikken.no\/en\/wp-json\/wp\/v2\/comments?post=10036"}],"wp:featuredmedia":[{"embeddable":true,"href":"https:\/\/fuglebutikken.no\/en\/wp-json\/wp\/v2\/media\/21346"}],"wp:attachment":[{"href":"https:\/\/fuglebutikken.no\/en\/wp-json\/wp\/v2\/media?parent=10036"}],"wp:term":[{"taxonomy":"pwb-brand","embeddable":true,"href":"https:\/\/fuglebutikken.no\/en\/wp-json\/wp\/v2\/pwb-brand?post=10036"},{"taxonomy":"product_brand","embeddable":true,"href":"https:\/\/fuglebutikken.no\/en\/wp-json\/wp\/v2\/product_brand?post=10036"},{"taxonomy":"product_cat","embeddable":true,"href":"https:\/\/fuglebutikken.no\/en\/wp-json\/wp\/v2\/product_cat?post=10036"},{"taxonomy":"product_tag","embeddable":true,"href":"https:\/\/fuglebutikken.no\/en\/wp-json\/wp\/v2\/product_tag?post=10036"},{"taxonomy":"woo-feed-brand","embeddable":true,"href":"https:\/\/fuglebutikken.no\/en\/wp-json\/wp\/v2\/woo-feed-brand?post=10036"}],"curies":[{"name":"wp","href":"https:\/\/api.w.org\/{rel}","templated":true}]}}