{"id":9080,"date":"2023-03-16T21:05:42","date_gmt":"2023-03-16T20:05:42","guid":{"rendered":"https:\/\/fuglebutikken.no\/?page_id=9080"},"modified":"2024-05-07T09:52:19","modified_gmt":"2024-05-07T07:52:19","slug":"brand","status":"publish","type":"page","link":"https:\/\/fuglebutikken.no\/en\/brand\/","title":{"rendered":"Brand"},"content":{"rendered":"<div data-elementor-type=\"wp-page\" data-elementor-id=\"9080\" class=\"elementor elementor-9080\" data-elementor-post-type=\"page\">\n\t\t\t\t\t\t<section class=\"elementor-section elementor-top-section elementor-element elementor-element-80cecfb elementor-section-boxed elementor-section-height-default elementor-section-height-default\" data-id=\"80cecfb\" data-element_type=\"section\" data-e-type=\"section\">\n\t\t\t\t\t\t<div class=\"elementor-container elementor-column-gap-default\">\n\t\t\t\t\t<div class=\"elementor-column elementor-col-100 elementor-top-column elementor-element elementor-element-f8b7ab6\" data-id=\"f8b7ab6\" data-element_type=\"column\" data-e-type=\"column\">\n\t\t\t<div class=\"elementor-widget-wrap elementor-element-populated\">\n\t\t\t\t\t\t<div class=\"elementor-element elementor-element-6bf39b1 elementor-widget elementor-widget-heading\" data-id=\"6bf39b1\" data-element_type=\"widget\" data-e-type=\"widget\" data-widget_type=\"heading.default\">\n\t\t\t\t<div class=\"elementor-widget-container\">\n\t\t\t\t\t<h2 class=\"elementor-heading-title elementor-size-default\">Vi f\u00f8rer de kjente merkevarene, men ogs\u00e5 spesielle brand hvor varer er laget til spesielle form\u00e5l av idealister som utvikler varer til sin hobby.<\/h2>\t\t\t\t<\/div>\n\t\t\t\t<\/div>\n\t\t\t\t<div class=\"elementor-element elementor-element-4a50e28 elementor-widget elementor-widget-shortcode\" data-id=\"4a50e28\" data-element_type=\"widget\" data-e-type=\"widget\" data-widget_type=\"shortcode.default\">\n\t\t\t\t<div class=\"elementor-widget-container\">\n\t\t\t\t\t\t\t<div class=\"elementor-shortcode\">\n\t<div class=\"pwb-az-listing\">\n\t\t<div class=\"pwb-az-listing-header\">\n\t\t\t<ul class=\"pwb-clearfix\">\n\t\t\t\t\t\t\t\t\t<li><a href=\"#pwb-az-listing-a\">a<\/a><\/li>\n\t\t\t\t\t\t\t\t\t<li><a href=\"#pwb-az-listing-b\">b<\/a><\/li>\n\t\t\t\t\t\t\t\t\t<li><a href=\"#pwb-az-listing-c\">c<\/a><\/li>\n\t\t\t\t\t\t\t\t\t<li><a href=\"#pwb-az-listing-d\">d<\/a><\/li>\n\t\t\t\t\t\t\t\t\t<li><a href=\"#pwb-az-listing-e\">e<\/a><\/li>\n\t\t\t\t\t\t\t\t\t<li><a href=\"#pwb-az-listing-f\">f<\/a><\/li>\n\t\t\t\t\t\t\t\t\t<li><a href=\"#pwb-az-listing-g\">g<\/a><\/li>\n\t\t\t\t\t\t\t\t\t<li><a href=\"#pwb-az-listing-h\">h<\/a><\/li>\n\t\t\t\t\t\t\t\t\t<li><a href=\"#pwb-az-listing-i\">i<\/a><\/li>\n\t\t\t\t\t\t\t\t\t<li><a href=\"#pwb-az-listing-j\">j<\/a><\/li>\n\t\t\t\t\t\t\t\t\t<li><a href=\"#pwb-az-listing-k\">k<\/a><\/li>\n\t\t\t\t\t\t\t\t\t<li><a href=\"#pwb-az-listing-l\">l<\/a><\/li>\n\t\t\t\t\t\t\t\t\t<li><a href=\"#pwb-az-listing-n\">n<\/a><\/li>\n\t\t\t\t\t\t\t\t\t<li><a href=\"#pwb-az-listing-o\">o<\/a><\/li>\n\t\t\t\t\t\t\t\t\t<li><a href=\"#pwb-az-listing-p\">p<\/a><\/li>\n\t\t\t\t\t\t\t\t\t<li><a href=\"#pwb-az-listing-r\">r<\/a><\/li>\n\t\t\t\t\t\t\t\t\t<li><a href=\"#pwb-az-listing-s\">s<\/a><\/li>\n\t\t\t\t\t\t\t\t\t<li><a href=\"#pwb-az-listing-t\">t<\/a><\/li>\n\t\t\t\t\t\t\t\t\t<li><a href=\"#pwb-az-listing-v\">v<\/a><\/li>\n\t\t\t\t\t\t\t\t\t<li><a href=\"#pwb-az-listing-z\">z<\/a><\/li>\n\t\t\t\t\t\t\t<\/ul>\n\t\t<\/div>\n\t\t<div class=\"pwb-az-listing-content\">\n\t\t\t\t\t<div id=\"pwb-az-listing-a\" class=\"pwb-az-listing-row pwb-clearfix\">\n\t\t\t\t<p class=\"pwb-az-listing-title\">a<\/p>\n\t\t\t\t<div class=\"pwb-az-listing-row-in\">\n\t\t\t\t\t\t\t\t\t\t\t<div class=\"pwb-az-listing-col\">\n\t\t\t\t\t\t\t<a href=\"https:\/\/fuglebutikken.no\/en\/brand\/akudim\/\">\n\t\t\t\t\t\t\t\tAkudim\t\t\t\t\t\t\t<\/a>\n\t\t\t\t\t\t<\/div>\n\t\t\t\t\t\t\t\t\t\t\t<div class=\"pwb-az-listing-col\">\n\t\t\t\t\t\t\t<a href=\"https:\/\/fuglebutikken.no\/en\/brand\/akvastabil\/\">\n\t\t\t\t\t\t\t\tAkvastabil\t\t\t\t\t\t\t<\/a>\n\t\t\t\t\t\t<\/div>\n\t\t\t\t\t\t\t\t\t\t\t<div class=\"pwb-az-listing-col\">\n\t\t\t\t\t\t\t<a href=\"https:\/\/fuglebutikken.no\/en\/brand\/akvastabil\/akvastabil-element-akvarie\/\">\n\t\t\t\t\t\t\t\tAkvastabil Element akvarie\t\t\t\t\t\t\t<\/a>\n\t\t\t\t\t\t<\/div>\n\t\t\t\t\t\t\t\t\t\t\t<div class=\"pwb-az-listing-col\">\n\t\t\t\t\t\t\t<a href=\"https:\/\/fuglebutikken.no\/en\/brand\/alspon\/\">\n\t\t\t\t\t\t\t\tAlspon\t\t\t\t\t\t\t<\/a>\n\t\t\t\t\t\t<\/div>\n\t\t\t\t\t\t\t\t\t\t\t<div class=\"pwb-az-listing-col\">\n\t\t\t\t\t\t\t<a href=\"https:\/\/fuglebutikken.no\/en\/brand\/arcadia\/\">\n\t\t\t\t\t\t\t\tArcadia\t\t\t\t\t\t\t<\/a>\n\t\t\t\t\t\t<\/div>\n\t\t\t\t\t\t\t\t\t\t\t<div class=\"pwb-az-listing-col\">\n\t\t\t\t\t\t\t<a href=\"https:\/\/fuglebutikken.no\/en\/brand\/ferplast\/atlas\/\">\n\t\t\t\t\t\t\t\tAtlas\t\t\t\t\t\t\t<\/a>\n\t\t\t\t\t\t<\/div>\n\t\t\t\t\t\t\t\t\t<\/div>\n\t\t\t<\/div>\n\t\t\t\t\t<div id=\"pwb-az-listing-b\" class=\"pwb-az-listing-row pwb-clearfix\">\n\t\t\t\t<p class=\"pwb-az-listing-title\">b<\/p>\n\t\t\t\t<div class=\"pwb-az-listing-row-in\">\n\t\t\t\t\t\t\t\t\t\t\t<div class=\"pwb-az-listing-col\">\n\t\t\t\t\t\t\t<a href=\"https:\/\/fuglebutikken.no\/en\/brand\/beaks\/\">\n\t\t\t\t\t\t\t\tBeaks\t\t\t\t\t\t\t<\/a>\n\t\t\t\t\t\t<\/div>\n\t\t\t\t\t\t\t\t\t\t\t<div class=\"pwb-az-listing-col\">\n\t\t\t\t\t\t\t<a href=\"https:\/\/fuglebutikken.no\/en\/brand\/bello\/\">\n\t\t\t\t\t\t\t\tBello\t\t\t\t\t\t\t<\/a>\n\t\t\t\t\t\t<\/div>\n\t\t\t\t\t\t\t\t\t\t\t<div class=\"pwb-az-listing-col\">\n\t\t\t\t\t\t\t<a href=\"https:\/\/fuglebutikken.no\/en\/brand\/biolife\/\">\n\t\t\t\t\t\t\t\tBioLife\t\t\t\t\t\t\t<\/a>\n\t\t\t\t\t\t<\/div>\n\t\t\t\t\t\t\t\t\t<\/div>\n\t\t\t<\/div>\n\t\t\t\t\t<div id=\"pwb-az-listing-c\" class=\"pwb-az-listing-row pwb-clearfix\">\n\t\t\t\t<p class=\"pwb-az-listing-title\">c<\/p>\n\t\t\t\t<div class=\"pwb-az-listing-row-in\">\n\t\t\t\t\t\t\t\t\t\t\t<div class=\"pwb-az-listing-col\">\n\t\t\t\t\t\t\t<a href=\"https:\/\/fuglebutikken.no\/en\/brand\/catit\/\">\n\t\t\t\t\t\t\t\tCatit\t\t\t\t\t\t\t<\/a>\n\t\t\t\t\t\t<\/div>\n\t\t\t\t\t\t\t\t\t\t\t<div class=\"pwb-az-listing-col\">\n\t\t\t\t\t\t\t<a href=\"https:\/\/fuglebutikken.no\/en\/brand\/cede\/\">\n\t\t\t\t\t\t\t\tCeDe\t\t\t\t\t\t\t<\/a>\n\t\t\t\t\t\t<\/div>\n\t\t\t\t\t\t\t\t\t\t\t<div class=\"pwb-az-listing-col\">\n\t\t\t\t\t\t\t<a href=\"https:\/\/fuglebutikken.no\/en\/brand\/classic\/\">\n\t\t\t\t\t\t\t\tClassic\t\t\t\t\t\t\t<\/a>\n\t\t\t\t\t\t<\/div>\n\t\t\t\t\t\t\t\t\t\t\t<div class=\"pwb-az-listing-col\">\n\t\t\t\t\t\t\t<a href=\"https:\/\/fuglebutikken.no\/en\/brand\/companion\/\">\n\t\t\t\t\t\t\t\tCompanion\t\t\t\t\t\t\t<\/a>\n\t\t\t\t\t\t<\/div>\n\t\t\t\t\t\t\t\t\t<\/div>\n\t\t\t<\/div>\n\t\t\t\t\t<div id=\"pwb-az-listing-d\" class=\"pwb-az-listing-row pwb-clearfix\">\n\t\t\t\t<p class=\"pwb-az-listing-title\">d<\/p>\n\t\t\t\t<div class=\"pwb-az-listing-row-in\">\n\t\t\t\t\t\t\t\t\t\t\t<div class=\"pwb-az-listing-col\">\n\t\t\t\t\t\t\t<a href=\"https:\/\/fuglebutikken.no\/en\/brand\/dala\/\">\n\t\t\t\t\t\t\t\tDala\t\t\t\t\t\t\t<\/a>\n\t\t\t\t\t\t<\/div>\n\t\t\t\t\t\t\t\t\t\t\t<div class=\"pwb-az-listing-col\">\n\t\t\t\t\t\t\t<a href=\"https:\/\/fuglebutikken.no\/en\/brand\/akudim\/duvo\/\">\n\t\t\t\t\t\t\t\tDuvo+\t\t\t\t\t\t\t<\/a>\n\t\t\t\t\t\t<\/div>\n\t\t\t\t\t\t\t\t\t<\/div>\n\t\t\t<\/div>\n\t\t\t\t\t<div id=\"pwb-az-listing-e\" class=\"pwb-az-listing-row pwb-clearfix\">\n\t\t\t\t<p class=\"pwb-az-listing-title\">e<\/p>\n\t\t\t\t<div class=\"pwb-az-listing-row-in\">\n\t\t\t\t\t\t\t\t\t\t\t<div class=\"pwb-az-listing-col\">\n\t\t\t\t\t\t\t<a href=\"https:\/\/fuglebutikken.no\/en\/brand\/evanthia\/\">\n\t\t\t\t\t\t\t\tEvanthia\t\t\t\t\t\t\t<\/a>\n\t\t\t\t\t\t<\/div>\n\t\t\t\t\t\t\t\t\t\t\t<div class=\"pwb-az-listing-col\">\n\t\t\t\t\t\t\t<a href=\"https:\/\/fuglebutikken.no\/en\/brand\/exoterra\/\">\n\t\t\t\t\t\t\t\tExoterra\t\t\t\t\t\t\t<\/a>\n\t\t\t\t\t\t<\/div>\n\t\t\t\t\t\t\t\t\t<\/div>\n\t\t\t<\/div>\n\t\t\t\t\t<div id=\"pwb-az-listing-f\" class=\"pwb-az-listing-row pwb-clearfix\">\n\t\t\t\t<p class=\"pwb-az-listing-title\">f<\/p>\n\t\t\t\t<div class=\"pwb-az-listing-row-in\">\n\t\t\t\t\t\t\t\t\t\t\t<div class=\"pwb-az-listing-col\">\n\t\t\t\t\t\t\t<a href=\"https:\/\/fuglebutikken.no\/en\/brand\/ferplast\/\">\n\t\t\t\t\t\t\t\tFerplast\t\t\t\t\t\t\t<\/a>\n\t\t\t\t\t\t<\/div>\n\t\t\t\t\t\t\t\t\t\t\t<div class=\"pwb-az-listing-col\">\n\t\t\t\t\t\t\t<a href=\"https:\/\/fuglebutikken.no\/en\/brand\/flamingo\/\">\n\t\t\t\t\t\t\t\tFlamingo\t\t\t\t\t\t\t<\/a>\n\t\t\t\t\t\t<\/div>\n\t\t\t\t\t\t\t\t\t<\/div>\n\t\t\t<\/div>\n\t\t\t\t\t<div id=\"pwb-az-listing-g\" class=\"pwb-az-listing-row pwb-clearfix\">\n\t\t\t\t<p class=\"pwb-az-listing-title\">g<\/p>\n\t\t\t\t<div class=\"pwb-az-listing-row-in\">\n\t\t\t\t\t\t\t\t\t\t\t<div class=\"pwb-az-listing-col\">\n\t\t\t\t\t\t\t<a href=\"https:\/\/fuglebutikken.no\/en\/brand\/gd\/\">\n\t\t\t\t\t\t\t\tGD\t\t\t\t\t\t\t<\/a>\n\t\t\t\t\t\t<\/div>\n\t\t\t\t\t\t\t\t\t<\/div>\n\t\t\t<\/div>\n\t\t\t\t\t<div id=\"pwb-az-listing-h\" class=\"pwb-az-listing-row pwb-clearfix\">\n\t\t\t\t<p class=\"pwb-az-listing-title\">h<\/p>\n\t\t\t\t<div class=\"pwb-az-listing-row-in\">\n\t\t\t\t\t\t\t\t\t\t\t<div class=\"pwb-az-listing-col\">\n\t\t\t\t\t\t\t<a href=\"https:\/\/fuglebutikken.no\/en\/brand\/hagen\/\">\n\t\t\t\t\t\t\t\tHagen\t\t\t\t\t\t\t<\/a>\n\t\t\t\t\t\t<\/div>\n\t\t\t\t\t\t\t\t\t\t\t<div class=\"pwb-az-listing-col\">\n\t\t\t\t\t\t\t<a href=\"https:\/\/fuglebutikken.no\/en\/brand\/hercules\/\">\n\t\t\t\t\t\t\t\tHercules\t\t\t\t\t\t\t<\/a>\n\t\t\t\t\t\t<\/div>\n\t\t\t\t\t\t\t\t\t<\/div>\n\t\t\t<\/div>\n\t\t\t\t\t<div id=\"pwb-az-listing-i\" class=\"pwb-az-listing-row pwb-clearfix\">\n\t\t\t\t<p class=\"pwb-az-listing-title\">i<\/p>\n\t\t\t\t<div class=\"pwb-az-listing-row-in\">\n\t\t\t\t\t\t\t\t\t\t\t<div class=\"pwb-az-listing-col\">\n\t\t\t\t\t\t\t<a href=\"https:\/\/fuglebutikken.no\/en\/brand\/icrate\/\">\n\t\t\t\t\t\t\t\tIcrate\t\t\t\t\t\t\t<\/a>\n\t\t\t\t\t\t<\/div>\n\t\t\t\t\t\t\t\t\t\t\t<div class=\"pwb-az-listing-col\">\n\t\t\t\t\t\t\t<a href=\"https:\/\/fuglebutikken.no\/en\/brand\/imac\/\">\n\t\t\t\t\t\t\t\tImac\t\t\t\t\t\t\t<\/a>\n\t\t\t\t\t\t<\/div>\n\t\t\t\t\t\t\t\t\t<\/div>\n\t\t\t<\/div>\n\t\t\t\t\t<div id=\"pwb-az-listing-j\" class=\"pwb-az-listing-row pwb-clearfix\">\n\t\t\t\t<p class=\"pwb-az-listing-title\">j<\/p>\n\t\t\t\t<div class=\"pwb-az-listing-row-in\">\n\t\t\t\t\t\t\t\t\t\t\t<div class=\"pwb-az-listing-col\">\n\t\t\t\t\t\t\t<a href=\"https:\/\/fuglebutikken.no\/en\/brand\/jbl\/\">\n\t\t\t\t\t\t\t\tJBL\t\t\t\t\t\t\t<\/a>\n\t\t\t\t\t\t<\/div>\n\t\t\t\t\t\t\t\t\t\t\t<div class=\"pwb-az-listing-col\">\n\t\t\t\t\t\t\t<a href=\"https:\/\/fuglebutikken.no\/en\/brand\/jollypaw\/\">\n\t\t\t\t\t\t\t\tJollyPaw\t\t\t\t\t\t\t<\/a>\n\t\t\t\t\t\t<\/div>\n\t\t\t\t\t\t\t\t\t\t\t<div class=\"pwb-az-listing-col\">\n\t\t\t\t\t\t\t<a href=\"https:\/\/fuglebutikken.no\/en\/brand\/jrfarm\/\">\n\t\t\t\t\t\t\t\tJRFarm\t\t\t\t\t\t\t<\/a>\n\t\t\t\t\t\t<\/div>\n\t\t\t\t\t\t\t\t\t<\/div>\n\t\t\t<\/div>\n\t\t\t\t\t<div id=\"pwb-az-listing-k\" class=\"pwb-az-listing-row pwb-clearfix\">\n\t\t\t\t<p class=\"pwb-az-listing-title\">k<\/p>\n\t\t\t\t<div class=\"pwb-az-listing-row-in\">\n\t\t\t\t\t\t\t\t\t\t\t<div class=\"pwb-az-listing-col\">\n\t\t\t\t\t\t\t<a href=\"https:\/\/fuglebutikken.no\/en\/brand\/karlie\/\">\n\t\t\t\t\t\t\t\tKARLIE\t\t\t\t\t\t\t<\/a>\n\t\t\t\t\t\t<\/div>\n\t\t\t\t\t\t\t\t\t\t\t<div class=\"pwb-az-listing-col\">\n\t\t\t\t\t\t\t<a href=\"https:\/\/fuglebutikken.no\/en\/brand\/karlie-flamingo\/\">\n\t\t\t\t\t\t\t\tKarlie Flamingo\t\t\t\t\t\t\t<\/a>\n\t\t\t\t\t\t<\/div>\n\t\t\t\t\t\t\t\t\t\t\t<div class=\"pwb-az-listing-col\">\n\t\t\t\t\t\t\t<a href=\"https:\/\/fuglebutikken.no\/en\/brand\/kule-sokker\/\">\n\t\t\t\t\t\t\t\tKule-Sokker\t\t\t\t\t\t\t<\/a>\n\t\t\t\t\t\t<\/div>\n\t\t\t\t\t\t\t\t\t<\/div>\n\t\t\t<\/div>\n\t\t\t\t\t<div id=\"pwb-az-listing-l\" class=\"pwb-az-listing-row pwb-clearfix\">\n\t\t\t\t<p class=\"pwb-az-listing-title\">l<\/p>\n\t\t\t\t<div class=\"pwb-az-listing-row-in\">\n\t\t\t\t\t\t\t\t\t\t\t<div class=\"pwb-az-listing-col\">\n\t\t\t\t\t\t\t<a href=\"https:\/\/fuglebutikken.no\/en\/brand\/hagen\/living-world\/\">\n\t\t\t\t\t\t\t\tLiving World\t\t\t\t\t\t\t<\/a>\n\t\t\t\t\t\t<\/div>\n\t\t\t\t\t\t\t\t\t\t\t<div class=\"pwb-az-listing-col\">\n\t\t\t\t\t\t\t<a href=\"https:\/\/fuglebutikken.no\/en\/brand\/lolopets\/\">\n\t\t\t\t\t\t\t\tLoloPets\t\t\t\t\t\t\t<\/a>\n\t\t\t\t\t\t<\/div>\n\t\t\t\t\t\t\t\t\t\t\t<div class=\"pwb-az-listing-col\">\n\t\t\t\t\t\t\t<a href=\"https:\/\/fuglebutikken.no\/en\/brand\/lucky-reptile\/\">\n\t\t\t\t\t\t\t\tLucky Reptile\t\t\t\t\t\t\t<\/a>\n\t\t\t\t\t\t<\/div>\n\t\t\t\t\t\t\t\t\t<\/div>\n\t\t\t<\/div>\n\t\t\t\t\t<div id=\"pwb-az-listing-n\" class=\"pwb-az-listing-row pwb-clearfix\">\n\t\t\t\t<p class=\"pwb-az-listing-title\">n<\/p>\n\t\t\t\t<div class=\"pwb-az-listing-row-in\">\n\t\t\t\t\t\t\t\t\t\t\t<div class=\"pwb-az-listing-col\">\n\t\t\t\t\t\t\t<a href=\"https:\/\/fuglebutikken.no\/en\/brand\/nature\/\">\n\t\t\t\t\t\t\t\tNature\t\t\t\t\t\t\t<\/a>\n\t\t\t\t\t\t<\/div>\n\t\t\t\t\t\t\t\t\t\t\t<div class=\"pwb-az-listing-col\">\n\t\t\t\t\t\t\t<a href=\"https:\/\/fuglebutikken.no\/en\/brand\/naturligt-rent\/\">\n\t\t\t\t\t\t\t\tNaturligt rent\t\t\t\t\t\t\t<\/a>\n\t\t\t\t\t\t<\/div>\n\t\t\t\t\t\t\t\t\t\t\t<div class=\"pwb-az-listing-col\">\n\t\t\t\t\t\t\t<a href=\"https:\/\/fuglebutikken.no\/en\/brand\/nekton\/\">\n\t\t\t\t\t\t\t\tNekton\t\t\t\t\t\t\t<\/a>\n\t\t\t\t\t\t<\/div>\n\t\t\t\t\t\t\t\t\t\t\t<div class=\"pwb-az-listing-col\">\n\t\t\t\t\t\t\t<a href=\"https:\/\/fuglebutikken.no\/en\/brand\/norsk-dyrehelse\/\">\n\t\t\t\t\t\t\t\tNorsk Dyrehelse\t\t\t\t\t\t\t<\/a>\n\t\t\t\t\t\t<\/div>\n\t\t\t\t\t\t\t\t\t\t\t<div class=\"pwb-az-listing-col\">\n\t\t\t\t\t\t\t<a href=\"https:\/\/fuglebutikken.no\/en\/brand\/nutribird\/\">\n\t\t\t\t\t\t\t\tNUTRIBIRD\t\t\t\t\t\t\t<\/a>\n\t\t\t\t\t\t<\/div>\n\t\t\t\t\t\t\t\t\t<\/div>\n\t\t\t<\/div>\n\t\t\t\t\t<div id=\"pwb-az-listing-o\" class=\"pwb-az-listing-row pwb-clearfix\">\n\t\t\t\t<p class=\"pwb-az-listing-title\">o<\/p>\n\t\t\t\t<div class=\"pwb-az-listing-row-in\">\n\t\t\t\t\t\t\t\t\t\t\t<div class=\"pwb-az-listing-col\">\n\t\t\t\t\t\t\t<a href=\"https:\/\/fuglebutikken.no\/en\/brand\/versele-laga\/orlux\/\">\n\t\t\t\t\t\t\t\tOrlux\t\t\t\t\t\t\t<\/a>\n\t\t\t\t\t\t<\/div>\n\t\t\t\t\t\t\t\t\t\t\t<div class=\"pwb-az-listing-col\">\n\t\t\t\t\t\t\t<a href=\"https:\/\/fuglebutikken.no\/en\/brand\/ozami\/\">\n\t\t\t\t\t\t\t\tOzami\t\t\t\t\t\t\t<\/a>\n\t\t\t\t\t\t<\/div>\n\t\t\t\t\t\t\t\t\t\t\t<div class=\"pwb-az-listing-col\">\n\t\t\t\t\t\t\t<a href=\"https:\/\/fuglebutikken.no\/en\/brand\/ozami\/ozami-fugl\/\">\n\t\t\t\t\t\t\t\tOzami fugl\t\t\t\t\t\t\t<\/a>\n\t\t\t\t\t\t<\/div>\n\t\t\t\t\t\t\t\t\t<\/div>\n\t\t\t<\/div>\n\t\t\t\t\t<div id=\"pwb-az-listing-p\" class=\"pwb-az-listing-row pwb-clearfix\">\n\t\t\t\t<p class=\"pwb-az-listing-title\">p<\/p>\n\t\t\t\t<div class=\"pwb-az-listing-row-in\">\n\t\t\t\t\t\t\t\t\t\t\t<div class=\"pwb-az-listing-col\">\n\t\t\t\t\t\t\t<a href=\"https:\/\/fuglebutikken.no\/en\/brand\/pawise\/\">\n\t\t\t\t\t\t\t\tPawise\t\t\t\t\t\t\t<\/a>\n\t\t\t\t\t\t<\/div>\n\t\t\t\t\t\t\t\t\t\t\t<div class=\"pwb-az-listing-col\">\n\t\t\t\t\t\t\t<a href=\"https:\/\/fuglebutikken.no\/en\/brand\/peewee\/\">\n\t\t\t\t\t\t\t\tPeeWee\t\t\t\t\t\t\t<\/a>\n\t\t\t\t\t\t<\/div>\n\t\t\t\t\t\t\t\t\t\t\t<div class=\"pwb-az-listing-col\">\n\t\t\t\t\t\t\t<a href=\"https:\/\/fuglebutikken.no\/en\/brand\/pharmaxim\/\">\n\t\t\t\t\t\t\t\tPharmaxim\t\t\t\t\t\t\t<\/a>\n\t\t\t\t\t\t<\/div>\n\t\t\t\t\t\t\t\t\t<\/div>\n\t\t\t<\/div>\n\t\t\t\t\t<div id=\"pwb-az-listing-r\" class=\"pwb-az-listing-row pwb-clearfix\">\n\t\t\t\t<p class=\"pwb-az-listing-title\">r<\/p>\n\t\t\t\t<div class=\"pwb-az-listing-row-in\">\n\t\t\t\t\t\t\t\t\t\t\t<div class=\"pwb-az-listing-col\">\n\t\t\t\t\t\t\t<a href=\"https:\/\/fuglebutikken.no\/en\/brand\/rc\/\">\n\t\t\t\t\t\t\t\tRC\t\t\t\t\t\t\t<\/a>\n\t\t\t\t\t\t<\/div>\n\t\t\t\t\t\t\t\t\t\t\t<div class=\"pwb-az-listing-col\">\n\t\t\t\t\t\t\t<a href=\"https:\/\/fuglebutikken.no\/en\/brand\/trixie\/reptilland\/\">\n\t\t\t\t\t\t\t\tReptilland\t\t\t\t\t\t\t<\/a>\n\t\t\t\t\t\t<\/div>\n\t\t\t\t\t\t\t\t\t\t\t<div class=\"pwb-az-listing-col\">\n\t\t\t\t\t\t\t<a href=\"https:\/\/fuglebutikken.no\/en\/brand\/revira\/\">\n\t\t\t\t\t\t\t\tRevira\t\t\t\t\t\t\t<\/a>\n\t\t\t\t\t\t<\/div>\n\t\t\t\t\t\t\t\t\t<\/div>\n\t\t\t<\/div>\n\t\t\t\t\t<div id=\"pwb-az-listing-s\" class=\"pwb-az-listing-row pwb-clearfix\">\n\t\t\t\t<p class=\"pwb-az-listing-title\">s<\/p>\n\t\t\t\t<div class=\"pwb-az-listing-row-in\">\n\t\t\t\t\t\t\t\t\t\t\t<div class=\"pwb-az-listing-col\">\n\t\t\t\t\t\t\t<a href=\"https:\/\/fuglebutikken.no\/en\/brand\/savic\/\">\n\t\t\t\t\t\t\t\tSavic\t\t\t\t\t\t\t<\/a>\n\t\t\t\t\t\t<\/div>\n\t\t\t\t\t\t\t\t\t\t\t<div class=\"pwb-az-listing-col\">\n\t\t\t\t\t\t\t<a href=\"https:\/\/fuglebutikken.no\/en\/brand\/sherpa\/\">\n\t\t\t\t\t\t\t\tSherpa\t\t\t\t\t\t\t<\/a>\n\t\t\t\t\t\t<\/div>\n\t\t\t\t\t\t\t\t\t\t\t<div class=\"pwb-az-listing-col\">\n\t\t\t\t\t\t\t<a href=\"https:\/\/fuglebutikken.no\/en\/brand\/simple-solution\/\">\n\t\t\t\t\t\t\t\tSimple Solution\t\t\t\t\t\t\t<\/a>\n\t\t\t\t\t\t<\/div>\n\t\t\t\t\t\t\t\t\t\t\t<div class=\"pwb-az-listing-col\">\n\t\t\t\t\t\t\t<a href=\"https:\/\/fuglebutikken.no\/en\/brand\/skudo\/\">\n\t\t\t\t\t\t\t\tSkudo\t\t\t\t\t\t\t<\/a>\n\t\t\t\t\t\t<\/div>\n\t\t\t\t\t\t\t\t\t\t\t<div class=\"pwb-az-listing-col\">\n\t\t\t\t\t\t\t<a href=\"https:\/\/fuglebutikken.no\/en\/brand\/strandbodarna\/\">\n\t\t\t\t\t\t\t\tStrandbodarna\t\t\t\t\t\t\t<\/a>\n\t\t\t\t\t\t<\/div>\n\t\t\t\t\t\t\t\t\t\t\t<div class=\"pwb-az-listing-col\">\n\t\t\t\t\t\t\t<a href=\"https:\/\/fuglebutikken.no\/en\/brand\/trixie\/sunny\/\">\n\t\t\t\t\t\t\t\tSunny\t\t\t\t\t\t\t<\/a>\n\t\t\t\t\t\t<\/div>\n\t\t\t\t\t\t\t\t\t<\/div>\n\t\t\t<\/div>\n\t\t\t\t\t<div id=\"pwb-az-listing-t\" class=\"pwb-az-listing-row pwb-clearfix\">\n\t\t\t\t<p class=\"pwb-az-listing-title\">t<\/p>\n\t\t\t\t<div class=\"pwb-az-listing-row-in\">\n\t\t\t\t\t\t\t\t\t\t\t<div class=\"pwb-az-listing-col\">\n\t\t\t\t\t\t\t<a href=\"https:\/\/fuglebutikken.no\/en\/brand\/tetra\/\">\n\t\t\t\t\t\t\t\tTetra\t\t\t\t\t\t\t<\/a>\n\t\t\t\t\t\t<\/div>\n\t\t\t\t\t\t\t\t\t\t\t<div class=\"pwb-az-listing-col\">\n\t\t\t\t\t\t\t<a href=\"https:\/\/fuglebutikken.no\/en\/brand\/tickless\/\">\n\t\t\t\t\t\t\t\tTickless\t\t\t\t\t\t\t<\/a>\n\t\t\t\t\t\t<\/div>\n\t\t\t\t\t\t\t\t\t\t\t<div class=\"pwb-az-listing-col\">\n\t\t\t\t\t\t\t<a href=\"https:\/\/fuglebutikken.no\/en\/brand\/to-gode-naboer\/\">\n\t\t\t\t\t\t\t\tTo gode naboer\t\t\t\t\t\t\t<\/a>\n\t\t\t\t\t\t<\/div>\n\t\t\t\t\t\t\t\t\t\t\t<div class=\"pwb-az-listing-col\">\n\t\t\t\t\t\t\t<a href=\"https:\/\/fuglebutikken.no\/en\/brand\/trixie\/\">\n\t\t\t\t\t\t\t\tTrixie\t\t\t\t\t\t\t<\/a>\n\t\t\t\t\t\t<\/div>\n\t\t\t\t\t\t\t\t\t\t\t<div class=\"pwb-az-listing-col\">\n\t\t\t\t\t\t\t<a href=\"https:\/\/fuglebutikken.no\/en\/brand\/tropehagen-no\/\">\n\t\t\t\t\t\t\t\tTropehagen.no\t\t\t\t\t\t\t<\/a>\n\t\t\t\t\t\t<\/div>\n\t\t\t\t\t\t\t\t\t\t\t<div class=\"pwb-az-listing-col\">\n\t\t\t\t\t\t\t<a href=\"https:\/\/fuglebutikken.no\/en\/brand\/tropican\/\">\n\t\t\t\t\t\t\t\tTropican\t\t\t\t\t\t\t<\/a>\n\t\t\t\t\t\t<\/div>\n\t\t\t\t\t\t\t\t\t\t\t<div class=\"pwb-az-listing-col\">\n\t\t\t\t\t\t\t<a href=\"https:\/\/fuglebutikken.no\/en\/brand\/tyrol\/\">\n\t\t\t\t\t\t\t\tTyrol\t\t\t\t\t\t\t<\/a>\n\t\t\t\t\t\t<\/div>\n\t\t\t\t\t\t\t\t\t<\/div>\n\t\t\t<\/div>\n\t\t\t\t\t<div id=\"pwb-az-listing-v\" class=\"pwb-az-listing-row pwb-clearfix\">\n\t\t\t\t<p class=\"pwb-az-listing-title\">v<\/p>\n\t\t\t\t<div class=\"pwb-az-listing-row-in\">\n\t\t\t\t\t\t\t\t\t\t\t<div class=\"pwb-az-listing-col\">\n\t\t\t\t\t\t\t<a href=\"https:\/\/fuglebutikken.no\/en\/brand\/vadigran\/\">\n\t\t\t\t\t\t\t\tVadigran\t\t\t\t\t\t\t<\/a>\n\t\t\t\t\t\t<\/div>\n\t\t\t\t\t\t\t\t\t\t\t<div class=\"pwb-az-listing-col\">\n\t\t\t\t\t\t\t<a href=\"https:\/\/fuglebutikken.no\/en\/brand\/varta\/\">\n\t\t\t\t\t\t\t\tVarta\t\t\t\t\t\t\t<\/a>\n\t\t\t\t\t\t<\/div>\n\t\t\t\t\t\t\t\t\t\t\t<div class=\"pwb-az-listing-col\">\n\t\t\t\t\t\t\t<a href=\"https:\/\/fuglebutikken.no\/en\/brand\/versele-laga\/\">\n\t\t\t\t\t\t\t\tVersele-Laga\t\t\t\t\t\t\t<\/a>\n\t\t\t\t\t\t<\/div>\n\t\t\t\t\t\t\t\t\t\t\t<div class=\"pwb-az-listing-col\">\n\t\t\t\t\t\t\t<a href=\"https:\/\/fuglebutikken.no\/en\/brand\/vitapol\/\">\n\t\t\t\t\t\t\t\tVitapol\t\t\t\t\t\t\t<\/a>\n\t\t\t\t\t\t<\/div>\n\t\t\t\t\t\t\t\t\t\t\t<div class=\"pwb-az-listing-col\">\n\t\t\t\t\t\t\t<a href=\"https:\/\/fuglebutikken.no\/en\/brand\/vstarcam\/\">\n\t\t\t\t\t\t\t\tVstarcam\t\t\t\t\t\t\t<\/a>\n\t\t\t\t\t\t<\/div>\n\t\t\t\t\t\t\t\t\t<\/div>\n\t\t\t<\/div>\n\t\t\t\t\t<div id=\"pwb-az-listing-z\" class=\"pwb-az-listing-row pwb-clearfix\">\n\t\t\t\t<p class=\"pwb-az-listing-title\">z<\/p>\n\t\t\t\t<div class=\"pwb-az-listing-row-in\">\n\t\t\t\t\t\t\t\t\t\t\t<div class=\"pwb-az-listing-col\">\n\t\t\t\t\t\t\t<a href=\"https:\/\/fuglebutikken.no\/en\/brand\/zolux\/\">\n\t\t\t\t\t\t\t\tZolux\t\t\t\t\t\t\t<\/a>\n\t\t\t\t\t\t<\/div>\n\t\t\t\t\t\t\t\t\t\t\t<div class=\"pwb-az-listing-col\">\n\t\t\t\t\t\t\t<a href=\"https:\/\/fuglebutikken.no\/en\/brand\/zoo-med\/\">\n\t\t\t\t\t\t\t\tZoo Med\t\t\t\t\t\t\t<\/a>\n\t\t\t\t\t\t<\/div>\n\t\t\t\t\t\t\t\t\t<\/div>\n\t\t\t<\/div>\n\t\t\t\t<\/div>\n\t<\/div>\n<\/div>\n\t\t\t\t\t\t<\/div>\n\t\t\t\t<\/div>\n\t\t\t\t\t<\/div>\n\t\t<\/div>\n\t\t\t\t\t<\/div>\n\t\t<\/section>\n\t\t\t\t<\/div>","protected":false},"excerpt":{"rendered":"<p>Vi f\u00f8rer de kjente merkevarene, men ogs\u00e5 spesielle brand hvor varer er laget til spesielle form\u00e5l av idealister som utvikler varer til sin hobby.<\/p>","protected":false},"author":2,"featured_media":0,"parent":0,"menu_order":0,"comment_status":"closed","ping_status":"closed","template":"","meta":{"content-type":"","_uf_show_specific_survey":0,"_uf_disable_surveys":false,"_monsterinsights_skip_tracking":false,"_monsterinsights_sitenote_active":false,"_monsterinsights_sitenote_note":"","_monsterinsights_sitenote_category":0,"footnotes":""},"class_list":["post-9080","page","type-page","status-publish","hentry"],"_links":{"self":[{"href":"https:\/\/fuglebutikken.no\/en\/wp-json\/wp\/v2\/pages\/9080","targetHints":{"allow":["GET"]}}],"collection":[{"href":"https:\/\/fuglebutikken.no\/en\/wp-json\/wp\/v2\/pages"}],"about":[{"href":"https:\/\/fuglebutikken.no\/en\/wp-json\/wp\/v2\/types\/page"}],"author":[{"embeddable":true,"href":"https:\/\/fuglebutikken.no\/en\/wp-json\/wp\/v2\/users\/2"}],"replies":[{"embeddable":true,"href":"https:\/\/fuglebutikken.no\/en\/wp-json\/wp\/v2\/comments?post=9080"}],"version-history":[{"count":0,"href":"https:\/\/fuglebutikken.no\/en\/wp-json\/wp\/v2\/pages\/9080\/revisions"}],"wp:attachment":[{"href":"https:\/\/fuglebutikken.no\/en\/wp-json\/wp\/v2\/media?parent=9080"}],"curies":[{"name":"wp","href":"https:\/\/api.w.org\/{rel}","templated":true}]}}