{"id":4796,"date":"2021-06-21T00:43:19","date_gmt":"2021-06-20T22:43:19","guid":{"rendered":"https:\/\/fuglebutikken.no\/?page_id=4796"},"modified":"2022-02-23T23:56:56","modified_gmt":"2022-02-23T22:56:56","slug":"retur-og-refusjon","status":"publish","type":"page","link":"https:\/\/fuglebutikken.no\/en\/retur-og-refusjon\/","title":{"rendered":"Retur og refusjon"},"content":{"rendered":"<h2 class=\"has-text-align-center wp-block-heading\"><strong>RETURSKJEMA-BESTILLING AV RETURFRAKT<\/strong><\/h2>\n\n\n\n<h4 class=\"has-text-align-center wp-block-heading\">1.&nbsp;Fyll ut skjema p\u00e5 denne siden og send det til oss.&nbsp;<\/h4>\n\n\n\n<h4 class=\"has-text-align-center wp-block-heading\">2.&nbsp;N\u00e5r du har fylt ut skjemaet og bruker returfrakt etikett laget p\u00e5 denne siden klarer vi \u00e5 identifisere pakken din n\u00e5r den kommer&nbsp;<br><strong>&nbsp; &nbsp; i&nbsp;retur.&nbsp;<\/strong><\/h4>\n\n\n\n<h4 class=\"has-text-align-center wp-block-heading\">Bruk gjerne emballasjen varene ble levert i.<br>Du kan ogs\u00e5 returnere produktet i v\u00e5r butikk p\u00e5 Lade Arena i Trondheim, dette er kostnadsfritt for deg.<\/h4>\n\n\n\n<h2 class=\"has-text-align-center wp-block-heading\"><strong>ANGRE-RETURSKJEMA<\/strong>&nbsp;\u2013 Fyll ut med blokkbokstaver<br><\/h2>\n\n\n\n\t\t\t\t\t\t<script>\n\t\t\t\t\t\t\twindow.hsFormsOnReady = window.hsFormsOnReady || [];\n\t\t\t\t\t\t\twindow.hsFormsOnReady.push(()=>{\n\t\t\t\t\t\t\t\thbspt.forms.create({\n\t\t\t\t\t\t\t\t\tportalId: 7790553,\n\t\t\t\t\t\t\t\t\tformId: \"d7b304bc-e5a4-4dd2-aae5-1e6389edcfb4\",\n\t\t\t\t\t\t\t\t\ttarget: \"#hbspt-form-1775767004000-4636630765\",\n\t\t\t\t\t\t\t\t\tregion: \"na1\",\n\t\t\t\t\t\t\t\t\t\n\t\t\t\t\t\t\t})});\n\t\t\t\t\t\t<\/script>\n\t\t\t\t\t\t<div class=\"hbspt-form\" id=\"hbspt-form-1775767004000-4636630765\"><\/div>\n\n\n\n<div class=\"wp-block-image\"><figure class=\"alignright\"><a href=\"https:\/\/return.shipmondo.com\/fuglebutikken\" target=\"_blank\" rel=\"noreferrer noopener\"><img decoding=\"async\" src=\"https:\/\/gnagerbutikken.no\/wp-content\/uploads\/sites\/2\/2021\/07\/1280px-PostNord.svg-300x57.png\" alt=\"\" class=\"wp-image-6806\"\/><\/a><\/figure><\/div>\n\n\n\n<h4 class=\"has-text-align-center wp-block-heading\">3.\u00a0Dersom du angrer p\u00e5 kj\u00f8pet st\u00e5r du selv for alle kostnader knyttet til frakt for returen. Er det reklamasjon dekker vi kostnadene med retur.<br>\u00a0 \u00a0 \u00a0Returfrakt bestiller du <a href=\"https:\/\/return.shipmondo.com\/fuglebutikken\" target=\"_blank\" rel=\"noopener\">HER\u00a0\u00a0<\/a><\/h4>\n\n\n\n<div class=\"wp-block-buttons alignwide is-content-justification-center is-layout-flex wp-container-core-buttons-is-layout-a89b3969 wp-block-buttons-is-layout-flex\">\n<div class=\"wp-block-button\"><a class=\"wp-block-button__link\" href=\"https:\/\/return.shipmondo.com\/fuglebutikken\" target=\"_blank\" rel=\"noopener\">Bestill returfrakt her<\/a><\/div>\n<\/div>\n\n\n\n<h4 class=\"has-text-align-center wp-block-heading\">For at det skal v\u00e6re s\u00e5 enkelt som mulig for deg s\u00e5 legger vi ut for returfrakt, og trekker det ifra tilbakebetalingen til deg.<\/h4>\n\n\n\n<h4 class=\"has-text-align-center wp-block-heading\">Vi sender en bekreftelse s\u00e5 fort vi har mottatt returen. Pengene refunderes der du valgte \u00e5 betale, PayPal, Klarna, Dintero, Nets eller til Vipps.<\/h4>\n\n\n\n<h4 class=\"has-text-align-center wp-block-heading\">Vi sender en bekreftelse s\u00e5 fort vi har mottatt returen, vanligvis i l\u00f8pet av 7-10 virkedager.<\/h4>\n\n\n\n<h1 class=\"has-text-align-center wp-block-heading\"><strong>VILK\u00c5R<\/strong><\/h1>\n\n\n\n<h4 class=\"has-text-align-center wp-block-heading\">For \u00e5 f\u00e5 tilbakebetalt hele bel\u00f8pet ved retur\/angrerett, skal varen returneres i samme stand som da du mottok den. Varen m\u00e5 v\u00e6re i originalemballasjen og med eventuelle merkelapper p\u00e5. Dersom originalemballasjen er \u00f8delagt vil varen anses som brukt og vi vil ikke refundere hele bel\u00f8pet.<\/h4>\n\n\n\n<h4 class=\"has-text-align-center wp-block-heading\">Du trenger ikke fylle ut noe skjema for retur etter angrefristloven, det holder at du har returnert varen til oss innen 14 dager og fyller ut skjema under her.<br>Varer som er skadet av transport\u00f8r m\u00e5 varsles transport\u00f8r samme dag som varen er mottatt. <strong>Varsle skriftlig da vi ikke f\u00e5r dekt kostnadene fra transport\u00f8r derom vi ikke kan dokumentere at du har varslet skaden.<\/strong><\/h4>\n\n\n\n<h3 class=\"has-text-align-center wp-block-heading\">TRENGER DU MER HJELP?<\/h3>\n\n\n\n<h4 class=\"has-text-align-center wp-block-heading\">Bruk gjerne &#8220;chatteboblen&#8221; nede i hj\u00f8rnet p\u00e5 denne siden, s\u00e5 svarer vi s\u00e5 fort vi rekker p\u00e5 det du m\u00e5tte trenge v\u00e5r hjelp til.<\/h4>\n\n\n\n<h4 class=\"has-text-align-center wp-block-heading\">Takk for at du er kunde hos oss.<\/h4>\n\n\n\n<p> <\/p>","protected":false},"excerpt":{"rendered":"<p>RETURSKJEMA-BESTILLING AV RETURFRAKT 1.&nbsp;Fyll ut skjema p\u00e5 denne siden og send det til oss.&nbsp; 2.&nbsp;N\u00e5r du har fylt ut skjemaet og bruker returfrakt etikett laget p\u00e5 denne siden klarer vi \u00e5 identifisere pakken din n\u00e5r den kommer&nbsp;&nbsp; &nbsp; i&nbsp;retur.&nbsp; Bruk gjerne emballasjen varene ble levert i.Du kan ogs\u00e5 returnere produktet i v\u00e5r butikk p\u00e5 Lade [&hellip;]<\/p>\n","protected":false},"author":2,"featured_media":0,"parent":0,"menu_order":0,"comment_status":"closed","ping_status":"closed","template":"","meta":{"content-type":"","_uf_show_specific_survey":0,"_uf_disable_surveys":false,"_monsterinsights_skip_tracking":false,"_monsterinsights_sitenote_active":false,"_monsterinsights_sitenote_note":"","_monsterinsights_sitenote_category":0,"footnotes":""},"class_list":["post-4796","page","type-page","status-publish","hentry"],"_links":{"self":[{"href":"https:\/\/fuglebutikken.no\/en\/wp-json\/wp\/v2\/pages\/4796","targetHints":{"allow":["GET"]}}],"collection":[{"href":"https:\/\/fuglebutikken.no\/en\/wp-json\/wp\/v2\/pages"}],"about":[{"href":"https:\/\/fuglebutikken.no\/en\/wp-json\/wp\/v2\/types\/page"}],"author":[{"embeddable":true,"href":"https:\/\/fuglebutikken.no\/en\/wp-json\/wp\/v2\/users\/2"}],"replies":[{"embeddable":true,"href":"https:\/\/fuglebutikken.no\/en\/wp-json\/wp\/v2\/comments?post=4796"}],"version-history":[{"count":0,"href":"https:\/\/fuglebutikken.no\/en\/wp-json\/wp\/v2\/pages\/4796\/revisions"}],"wp:attachment":[{"href":"https:\/\/fuglebutikken.no\/en\/wp-json\/wp\/v2\/media?parent=4796"}],"curies":[{"name":"wp","href":"https:\/\/api.w.org\/{rel}","templated":true}]}}