{"id":380,"date":"2020-03-03T22:23:33","date_gmt":"2020-03-03T21:23:33","guid":{"rendered":"https:\/\/274105-www.web.tornado-node.net\/fugl\/min-konto\/"},"modified":"2021-07-27T01:02:10","modified_gmt":"2021-07-26T23:02:10","slug":"min-konto","status":"publish","type":"page","link":"https:\/\/fuglebutikken.no\/en\/min-konto\/","title":{"rendered":"Min konto"},"content":{"rendered":"<div class=\"tinv-wishlist woocommerce tinvwl-login-wrap\">\r\n\t\t<div class=\"tinv-login tinv-wrapped-block\">\r\n\t\t\t<div class=\"tinv-txt\">\r\n\t\t\t\t<i class=\"ftinvwl ftinvwl-key\"><\/i>\r\n\t\t\t\tPlease login or register to use all wishlist features\t\t\t\t<a href=\"https:\/\/fuglebutikken.no\/en\/min-konto\/?tinvwl_redirect=https:\/\/fuglebutikken.no\/en\/min-konto\/\">Click here to login<\/a>\t\t\t<\/div>\r\n\t\t<\/div>\r\n\t<\/div>\r\n\n\n\n<div class=\"woocommerce\"><\/div>\n\n\n<style>\r\n    #pwgc-balance-container {\r\n        text-align: center;\r\n    }\r\n\r\n    #pwgc-balance-title {\r\n        font-size: 150%;\r\n        margin-bottom: 16px;\r\n    }\r\n\r\n    #pwgc-balance-error {\r\n        color: red;\r\n        font-weight: 600;\r\n    }\r\n\r\n    #pwgc-balance-message {\r\n        color: blue;\r\n        font-weight: 600;\r\n    }\r\n\r\n    #pwgc-balance-amount-value {\r\n        font-size: 200%;\r\n        font-weight: 600;\r\n        color: #329926;\r\n    }\r\n\r\n    #pwgc-balance-expiration-date-container {\r\n        font-size: 80%;\r\n        color: #999999;\r\n        display: none;\r\n    }\r\n\r\n    #pwgc-balance-number-container {\r\n        text-align: center;\r\n        margin: 32px auto;\r\n    }\r\n\r\n    #pwgc-balance-number {\r\n        width: 300px;\r\n        margin-bottom: 10px;\r\n        display: inline-block;\r\n    }\r\n\r\n    #pwgc-balance-reload, #pwgc-manual-debit {\r\n        display: none;\r\n    }\r\n\r\n    #pwgc-balance-activity {\r\n        margin-top: 24px;\r\n        overflow-x: auto;\r\n    }\r\n\r\n    #pwgc-balance-buttons {\r\n        margin-top: 24px;\r\n    }\r\n\r\n<\/style>\r\n<form id=\"pwgc-balance-form\" action=\"\">\r\n<div id=\"pwgc-balance-container\">\r\n                <i class=\"fas fa-gift fa-7x\"><\/i>\r\n                <div id=\"pwgc-balance-title\">Check Gift Card Balance<\/div>\r\n\r\n    <div id=\"pwgc-balance-number-container\">\r\n        <input type=\"text\" id=\"pwgc-balance-number\" name=\"card_number\" autocomplete=\"off\" placeholder=\"Gift Card Number\" value=\"\" required>\r\n        <input type=\"submit\" id=\"pwgc-balance-button\" value=\"Check Balance\">\r\n    <\/div>\r\n\r\n    <div id=\"pwgc-balance-error\"><\/div>\r\n    <div id=\"pwgc-balance-message\"><\/div>\r\n    <div id=\"pwgc-balance-amount\"><\/div>\r\n\r\n                <div id=\"pwgc-balance-expiration-date-container\">\r\n                Expires <span id=\"pwgc-balance-expiration-date\"><\/span>\r\n            <\/div>\r\n                <div id=\"pwgc-balance-buttons\">\r\n                            <input type=\"button\" id=\"pwgc-balance-reload\" data-url=\"https:\/\/fuglebutikken.no\/en\/butikk\/dyreeier\/gavekort\/gavekort-fuglebutikken\/\" data-card-number=\"\" value=\"Add more funds to this gift card.\">\r\n                                    <input type=\"button\" id=\"pwgc-manual-debit\" value=\"Debit Balance\">\r\n                    <\/div>\r\n\r\n    <div id=\"pwgc-balance-activity\"><\/div>\r\n<\/div>\r\n<input type=\"hidden\" name=\"trp-form-language\" value=\"en\"\/><\/form>\r\n\n\n\n<div data-block-name=\"woocommerce\/featured-product\" data-edit-mode=\"false\" data-product-id=\"4711\" class=\"wc-block-featured-product alignnone has-background-dim wp-block-woocommerce-featured-product\" style=\"min-height:500px;\"><div class=\"wc-block-featured-product__wrapper\"><div class=\"background-dim__overlay\" style=\"background-color: #000000\"><\/div><img decoding=\"async\" alt=\"Gavekort Fuglebutikken\" class=\"wc-block-featured-product__background-image\" src=\"https:\/\/fuglebutikken.no\/wp-content\/uploads\/sites\/5\/2021\/06\/Gavekort-4.png\" style=\"object-fit: none;object-position: 50% 50%;\" \/><h2 class=\"wc-block-featured-product__title\">Gavekort Fuglebutikken<\/h2><div class=\"wc-block-featured-product__description\"><p>Gavekort Fuglebutikken er en herlig p\u00e5skj\u00f8nnelse ved bursdager, f\u00f8dsler, bes\u00f8k, vertinnegave o.s.v.<br \/>\nV\u00e5re gavekort er gyldige i 3 \u00e5r, og mottakeren har full kontroll inne p\u00e5 &#8220;min konto&#8221; over saldo p\u00e5 gavekortet, hvor det er brukt og hva det er brukt til.<\/p>\n<\/div><div class=\"wc-block-featured-product__price\"><span class=\"woocommerce-Price-amount amount\" aria-hidden=\"true\"><bdi><span class=\"woocommerce-Price-currencySymbol\">&#107;&#114;<\/span>5.00<\/bdi><\/span> <span aria-hidden=\"true\">&ndash;<\/span> <span class=\"woocommerce-Price-amount amount\" aria-hidden=\"true\"><bdi><span class=\"woocommerce-Price-currencySymbol\">&#107;&#114;<\/span>10,000.00<\/bdi><\/span><span class=\"screen-reader-text\" data-no-translation=\"\" data-trp-gettext=\"\">Price range: &#107;&#114;5.00 through &#107;&#114;10,000.00<\/span><\/div><div class=\"wc-block-featured-product__inner-blocks\">\n\n<div class=\"wp-block-button aligncenter\"><a class=\"wp-block-button__link\" href=\"https:\/\/fuglebutikken.no\/en\/butikk\/dyreeier\/gavekort\/gift-card\/\">Handle mer<\/a><\/div>\n\n<\/div><\/div><\/div>","protected":false},"excerpt":{"rendered":"","protected":false},"author":1,"featured_media":0,"parent":0,"menu_order":0,"comment_status":"closed","ping_status":"closed","template":"","meta":{"content-type":"","_uf_show_specific_survey":0,"_uf_disable_surveys":false,"_monsterinsights_skip_tracking":false,"_monsterinsights_sitenote_active":false,"_monsterinsights_sitenote_note":"","_monsterinsights_sitenote_category":0,"footnotes":""},"class_list":["post-380","page","type-page","status-publish","hentry"],"_links":{"self":[{"href":"https:\/\/fuglebutikken.no\/en\/wp-json\/wp\/v2\/pages\/380","targetHints":{"allow":["GET"]}}],"collection":[{"href":"https:\/\/fuglebutikken.no\/en\/wp-json\/wp\/v2\/pages"}],"about":[{"href":"https:\/\/fuglebutikken.no\/en\/wp-json\/wp\/v2\/types\/page"}],"author":[{"embeddable":true,"href":"https:\/\/fuglebutikken.no\/en\/wp-json\/wp\/v2\/users\/1"}],"replies":[{"embeddable":true,"href":"https:\/\/fuglebutikken.no\/en\/wp-json\/wp\/v2\/comments?post=380"}],"version-history":[{"count":0,"href":"https:\/\/fuglebutikken.no\/en\/wp-json\/wp\/v2\/pages\/380\/revisions"}],"wp:attachment":[{"href":"https:\/\/fuglebutikken.no\/en\/wp-json\/wp\/v2\/media?parent=380"}],"curies":[{"name":"wp","href":"https:\/\/api.w.org\/{rel}","templated":true}]}}