{"id":27,"date":"2020-03-03T11:41:29","date_gmt":"2020-03-03T10:41:29","guid":{"rendered":"https:\/\/274105-www.web.tornado-node.net\/fugl\/?page_id=27"},"modified":"2025-08-12T18:09:53","modified_gmt":"2025-08-12T16:09:53","slug":"databehandling","status":"publish","type":"page","link":"https:\/\/fuglebutikken.no\/en\/databehandling\/","title":{"rendered":"Databehandling"},"content":{"rendered":"\t\t<div data-elementor-type=\"wp-page\" data-elementor-id=\"27\" class=\"elementor elementor-27\" data-elementor-post-type=\"page\">\n\t\t\t\t\t\t<section class=\"elementor-section elementor-top-section elementor-element elementor-element-6702abf3 elementor-section-boxed elementor-section-height-default elementor-section-height-default\" data-id=\"6702abf3\" data-element_type=\"section\" data-e-type=\"section\">\n\t\t\t\t\t\t<div class=\"elementor-container elementor-column-gap-default\">\n\t\t\t\t\t<div class=\"elementor-column elementor-col-100 elementor-top-column elementor-element elementor-element-3e7d8970\" data-id=\"3e7d8970\" data-element_type=\"column\" data-e-type=\"column\">\n\t\t\t<div class=\"elementor-widget-wrap elementor-element-populated\">\n\t\t\t\t\t\t<div class=\"elementor-element elementor-element-3d4f4f4d elementor-widget elementor-widget-text-editor\" data-id=\"3d4f4f4d\" data-element_type=\"widget\" data-e-type=\"widget\" data-widget_type=\"text-editor.default\">\n\t\t\t\t<div class=\"elementor-widget-container\">\n\t\t\t\t\t\t\t\t\t<h2 id=\"personvern-og-databehandling\" class=\"mb-2 mt-4 text-base font-[500] first:mt-0 md:text-lg dark:font-[475] [hr+&amp;]:mt-4\">Personvern og databehandling<\/h2>\n<h2 class=\"mb-2 mt-4 text-base font-[500] first:mt-0 dark:font-[475]\">1. Innledning<\/h2>\n<p class=\"my-2 [&amp;_strong:has(+br)]:inline-block [&amp;_strong:has(+br)]:pb-2\">Vi i\u00a0<b>Fuglebutikken <\/b>tar ditt personvern p\u00e5 alvor. Denne personvernerkl\u00e6ringen forklarer hvordan vi samler inn, bruker, lagrer og beskytter dine personopplysninger i tr\u00e5d med personopplysningsloven og EUs personvernforordning (GDPR).<\/p>\n<hr class=\"bg-offsetPlus h-px border-0\" \/>\n<h2 class=\"mb-2 mt-4 text-base font-[500] first:mt-0 dark:font-[475]\">2. Behandlingsansvarlig<\/h2>\n<p class=\"my-2 [&amp;_strong:has(+br)]:inline-block [&amp;_strong:has(+br)]:pb-2\">Behandlingsansvarlig for personopplysningene er:<br \/><strong>Taram AS<\/strong><br \/>Org.nr: NO991783466MVA<br \/>Adresse: Haakon VII\u2019s gate 12, 7041 Trondheim<br \/>Telefon: 98297121<br \/>E-post:\u00a0<strong>post@fuglebutikken.no<\/strong><\/p>\n<hr class=\"bg-offsetPlus h-px border-0\" \/>\n<h2 class=\"mb-2 mt-4 text-base font-[500] first:mt-0 dark:font-[475]\">3. Hvilke opplysninger vi samler inn<\/h2>\n<ul class=\"marker:text-quiet list-disc\">\n<li class=\"py-0 my-0 prose-p:pt-0 prose-p:mb-2 prose-p:my-0 [&amp;&gt;p]:pt-0 [&amp;&gt;p]:mb-2 [&amp;&gt;p]:my-0\">\n<p class=\"my-2 [&amp;_strong:has(+br)]:inline-block [&amp;_strong:has(+br)]:pb-2\">Navn og kontaktinformasjon (adresse, telefon, e-post)<\/p>\n<\/li>\n<li class=\"py-0 my-0 prose-p:pt-0 prose-p:mb-2 prose-p:my-0 [&amp;&gt;p]:pt-0 [&amp;&gt;p]:mb-2 [&amp;&gt;p]:my-0\">\n<p class=\"my-2 [&amp;_strong:has(+br)]:inline-block [&amp;_strong:has(+br)]:pb-2\">Betalingsopplysninger (kortinformasjon behandles kun av v\u00e5r betalingsleverand\u00f8r)<\/p>\n<\/li>\n<li class=\"py-0 my-0 prose-p:pt-0 prose-p:mb-2 prose-p:my-0 [&amp;&gt;p]:pt-0 [&amp;&gt;p]:mb-2 [&amp;&gt;p]:my-0\">\n<p class=\"my-2 [&amp;_strong:has(+br)]:inline-block [&amp;_strong:has(+br)]:pb-2\">Bestillingshistorikk og leveringsinformasjon<\/p>\n<\/li>\n<li class=\"py-0 my-0 prose-p:pt-0 prose-p:mb-2 prose-p:my-0 [&amp;&gt;p]:pt-0 [&amp;&gt;p]:mb-2 [&amp;&gt;p]:my-0\">\n<p class=\"my-2 [&amp;_strong:has(+br)]:inline-block [&amp;_strong:has(+br)]:pb-2\">Henvendelser via e-post, kontaktskjema eller telefon<\/p>\n<\/li>\n<li class=\"py-0 my-0 prose-p:pt-0 prose-p:mb-2 prose-p:my-0 [&amp;&gt;p]:pt-0 [&amp;&gt;p]:mb-2 [&amp;&gt;p]:my-0\">\n<p class=\"my-2 [&amp;_strong:has(+br)]:inline-block [&amp;_strong:has(+br)]:pb-2\">Brukerdata og informasjonskapsler (cookies)<\/p>\n<\/li>\n<\/ul>\n<hr class=\"bg-offsetPlus h-px border-0\" \/>\n<h2 class=\"mb-2 mt-4 text-base font-[500] first:mt-0 dark:font-[475]\">4. Form\u00e5l med behandlingen<\/h2>\n<p class=\"my-2 [&amp;_strong:has(+br)]:inline-block [&amp;_strong:has(+br)]:pb-2\">Vi bruker opplysningene dine til:<\/p>\n<ul class=\"marker:text-quiet list-disc\">\n<li class=\"py-0 my-0 prose-p:pt-0 prose-p:mb-2 prose-p:my-0 [&amp;&gt;p]:pt-0 [&amp;&gt;p]:mb-2 [&amp;&gt;p]:my-0\">\n<p class=\"my-2 [&amp;_strong:has(+br)]:inline-block [&amp;_strong:has(+br)]:pb-2\">Behandling og levering av ordre<\/p>\n<\/li>\n<li class=\"py-0 my-0 prose-p:pt-0 prose-p:mb-2 prose-p:my-0 [&amp;&gt;p]:pt-0 [&amp;&gt;p]:mb-2 [&amp;&gt;p]:my-0\">\n<p class=\"my-2 [&amp;_strong:has(+br)]:inline-block [&amp;_strong:has(+br)]:pb-2\">Kundeservice og besvare henvendelser<\/p>\n<\/li>\n<li class=\"py-0 my-0 prose-p:pt-0 prose-p:mb-2 prose-p:my-0 [&amp;&gt;p]:pt-0 [&amp;&gt;p]:mb-2 [&amp;&gt;p]:my-0\">\n<p class=\"my-2 [&amp;_strong:has(+br)]:inline-block [&amp;_strong:has(+br)]:pb-2\">Administrere retur, bytte og reklamasjon<\/p>\n<\/li>\n<li class=\"py-0 my-0 prose-p:pt-0 prose-p:mb-2 prose-p:my-0 [&amp;&gt;p]:pt-0 [&amp;&gt;p]:mb-2 [&amp;&gt;p]:my-0\">\n<p class=\"my-2 [&amp;_strong:has(+br)]:inline-block [&amp;_strong:has(+br)]:pb-2\">Sende informasjon og markedsf\u00f8ring (med samtykke)<\/p>\n<\/li>\n<li class=\"py-0 my-0 prose-p:pt-0 prose-p:mb-2 prose-p:my-0 [&amp;&gt;p]:pt-0 [&amp;&gt;p]:mb-2 [&amp;&gt;p]:my-0\">\n<p class=\"my-2 [&amp;_strong:has(+br)]:inline-block [&amp;_strong:has(+br)]:pb-2\">Forbedre nettsted og kundeservice<\/p>\n<\/li>\n<\/ul>\n<hr class=\"bg-offsetPlus h-px border-0\" \/>\n<h2 class=\"mb-2 mt-4 text-base font-[500] first:mt-0 dark:font-[475]\">5. Deling av personopplysninger<\/h2>\n<p class=\"my-2 [&amp;_strong:has(+br)]:inline-block [&amp;_strong:has(+br)]:pb-2\">Opplysninger deles kun med n\u00f8dvendige tredjeparter:<\/p>\n<ul class=\"marker:text-quiet list-disc\">\n<li class=\"py-0 my-0 prose-p:pt-0 prose-p:mb-2 prose-p:my-0 [&amp;&gt;p]:pt-0 [&amp;&gt;p]:mb-2 [&amp;&gt;p]:my-0\">\n<p class=\"my-2 [&amp;_strong:has(+br)]:inline-block [&amp;_strong:has(+br)]:pb-2\">Betalingsleverand\u00f8rer (f.eks. Klarna, Vipps)<\/p>\n<\/li>\n<li class=\"py-0 my-0 prose-p:pt-0 prose-p:mb-2 prose-p:my-0 [&amp;&gt;p]:pt-0 [&amp;&gt;p]:mb-2 [&amp;&gt;p]:my-0\">\n<p class=\"my-2 [&amp;_strong:has(+br)]:inline-block [&amp;_strong:has(+br)]:pb-2\">Fraktselskaper (Bring, PostNord)<\/p>\n<\/li>\n<li class=\"py-0 my-0 prose-p:pt-0 prose-p:mb-2 prose-p:my-0 [&amp;&gt;p]:pt-0 [&amp;&gt;p]:mb-2 [&amp;&gt;p]:my-0\">\n<p class=\"my-2 [&amp;_strong:has(+br)]:inline-block [&amp;_strong:has(+br)]:pb-2\">IT- og driftspartnere for nettbutikken<\/p>\n<\/li>\n<li class=\"py-0 my-0 prose-p:pt-0 prose-p:mb-2 prose-p:my-0 [&amp;&gt;p]:pt-0 [&amp;&gt;p]:mb-2 [&amp;&gt;p]:my-0\">\n<p class=\"my-2 [&amp;_strong:has(+br)]:inline-block [&amp;_strong:has(+br)]:pb-2\">Myndigheter dersom lovp\u00e5lagt<\/p>\n<\/li>\n<\/ul>\n<hr class=\"bg-offsetPlus h-px border-0\" \/>\n<h2 class=\"mb-2 mt-4 text-base font-[500] first:mt-0 dark:font-[475]\">6. Lagringstid<\/h2>\n<p class=\"my-2 [&amp;_strong:has(+br)]:inline-block [&amp;_strong:has(+br)]:pb-2\">Vi lagrer personopplysningene dine s\u00e5 lenge det er n\u00f8dvendig for form\u00e5let, eller som loven krever (regnskapsdata i 5 \u00e5r).<\/p>\n<hr class=\"bg-offsetPlus h-px border-0\" \/>\n<h2 class=\"mb-2 mt-4 text-base font-[500] first:mt-0 dark:font-[475]\">7. Dine rettigheter<\/h2>\n<p class=\"my-2 [&amp;_strong:has(+br)]:inline-block [&amp;_strong:has(+br)]:pb-2\">Du har rett til:<\/p>\n<ul class=\"marker:text-quiet list-disc\">\n<li class=\"py-0 my-0 prose-p:pt-0 prose-p:mb-2 prose-p:my-0 [&amp;&gt;p]:pt-0 [&amp;&gt;p]:mb-2 [&amp;&gt;p]:my-0\">\n<p class=\"my-2 [&amp;_strong:has(+br)]:inline-block [&amp;_strong:has(+br)]:pb-2\">Innsyn i, retting, sletting og begrensning av personopplysninger<\/p>\n<\/li>\n<li class=\"py-0 my-0 prose-p:pt-0 prose-p:mb-2 prose-p:my-0 [&amp;&gt;p]:pt-0 [&amp;&gt;p]:mb-2 [&amp;&gt;p]:my-0\">\n<p class=\"my-2 [&amp;_strong:has(+br)]:inline-block [&amp;_strong:has(+br)]:pb-2\">\u00c5 motta dine data (dataportabilitet)<\/p>\n<\/li>\n<li class=\"py-0 my-0 prose-p:pt-0 prose-p:mb-2 prose-p:my-0 [&amp;&gt;p]:pt-0 [&amp;&gt;p]:mb-2 [&amp;&gt;p]:my-0\">\n<p class=\"my-2 [&amp;_strong:has(+br)]:inline-block [&amp;_strong:has(+br)]:pb-2\">\u00c5 protestere mot behandlingen<\/p>\n<\/li>\n<li class=\"py-0 my-0 prose-p:pt-0 prose-p:mb-2 prose-p:my-0 [&amp;&gt;p]:pt-0 [&amp;&gt;p]:mb-2 [&amp;&gt;p]:my-0\">\n<p class=\"my-2 [&amp;_strong:has(+br)]:inline-block [&amp;_strong:has(+br)]:pb-2\">\u00c5 trekke tilbake samtykke til markedsf\u00f8ring<\/p>\n<\/li>\n<\/ul>\n<p class=\"my-2 [&amp;_strong:has(+br)]:inline-block [&amp;_strong:has(+br)]:pb-2\">Ta kontakt via e-post:\u00a0<strong>post@fuglebutikken.no<\/strong><\/p>\n<hr class=\"bg-offsetPlus h-px border-0\" \/>\n<h2 class=\"mb-2 mt-4 text-base font-[500] first:mt-0 dark:font-[475]\">8. Cookies og analyse<\/h2>\n<p class=\"my-2 [&amp;_strong:has(+br)]:inline-block [&amp;_strong:has(+br)]:pb-2\">Vi bruker cookies for bedre brukeropplevelse og analyse. Du kan endre samtykkeinnstillinger via v\u00e5rt Complianz-samtykkebanner nederst p\u00e5 siden.<\/p>\n<hr class=\"bg-offsetPlus h-px border-0\" \/>\n<h2 class=\"mb-2 mt-4 text-base font-[500] first:mt-0 dark:font-[475]\">9. Sikkerhet<\/h2>\n<p class=\"my-2 [&amp;_strong:has(+br)]:inline-block [&amp;_strong:has(+br)]:pb-2\">Vi beskytter dine opplysninger med tekniske og organisatoriske tiltak mot uautorisert tilgang, endring eller sletting.<\/p>\n<hr class=\"bg-offsetPlus h-px border-0\" \/>\n<h2 class=\"mb-2 mt-4 text-base font-[500] first:mt-0 dark:font-[475]\">10. Endringer<\/h2>\n<p class=\"my-2 [&amp;_strong:has(+br)]:inline-block [&amp;_strong:has(+br)]:pb-2\">Vi kan oppdatere erkl\u00e6ringen ved behov. Ny versjon publiseres alltid her.<\/p>\n<hr class=\"bg-offsetPlus h-px border-0\" \/>\n<p class=\"my-2 [&amp;_strong:has(+br)]:inline-block [&amp;_strong:has(+br)]:pb-2\"><strong>Taram AS<\/strong> \u2013 for Fuglebutikken<br \/>Org.nr: NO991783466MVA<br \/>Adresse: Haakon VII\u2019s gate 12, 7041 Trondheim<br \/>E-post: post@fuglebutikken.no<br \/>Telefon: 98297121<\/p>\t\t\t\t\t\t\t\t<\/div>\n\t\t\t\t<\/div>\n\t\t\t\t<div class=\"elementor-element elementor-element-1e02021 elementor-widget elementor-widget-image\" data-id=\"1e02021\" data-element_type=\"widget\" data-e-type=\"widget\" data-widget_type=\"image.default\">\n\t\t\t\t<div class=\"elementor-widget-container\">\n\t\t\t\t\t\t\t\t\t\t\t\t<figure class=\"wp-caption\">\n\t\t\t\t\t\t\t\t\t\t\t<a href=\"https:\/\/fuglebutikken.no\/\" target=\"_blank\">\n\t\t\t\t\t\t\t<img decoding=\"async\" width=\"1650\" height=\"863\" src=\"https:\/\/fuglebutikken.no\/wp-content\/uploads\/sites\/5\/2025\/08\/Fuglebutikken.png\" class=\"attachment-full size-full wp-image-20728\" alt=\"Fuglebutikken\" srcset=\"https:\/\/fuglebutikken.no\/wp-content\/uploads\/sites\/5\/2025\/08\/Fuglebutikken.png 1650w, https:\/\/fuglebutikken.no\/wp-content\/uploads\/sites\/5\/2025\/08\/Fuglebutikken-300x157.png 300w, https:\/\/fuglebutikken.no\/wp-content\/uploads\/sites\/5\/2025\/08\/Fuglebutikken-1024x536.png 1024w, https:\/\/fuglebutikken.no\/wp-content\/uploads\/sites\/5\/2025\/08\/Fuglebutikken-768x402.png 768w, https:\/\/fuglebutikken.no\/wp-content\/uploads\/sites\/5\/2025\/08\/Fuglebutikken-1536x803.png 1536w, https:\/\/fuglebutikken.no\/wp-content\/uploads\/sites\/5\/2025\/08\/Fuglebutikken-1320x690.png 1320w, https:\/\/fuglebutikken.no\/wp-content\/uploads\/sites\/5\/2025\/08\/Fuglebutikken-600x314.png 600w, https:\/\/fuglebutikken.no\/wp-content\/uploads\/sites\/5\/2025\/08\/Fuglebutikken-64x33.png 64w\" sizes=\"(max-width: 1650px) 100vw, 1650px\" \/>\t\t\t\t\t\t\t\t<\/a>\n\t\t\t\t\t\t\t\t\t\t\t<figcaption class=\"widget-image-caption wp-caption-text\">Fuglebutikken<\/figcaption>\n\t\t\t\t\t\t\t\t\t\t<\/figure>\n\t\t\t\t\t\t\t\t\t<\/div>\n\t\t\t\t<\/div>\n\t\t\t\t\t<\/div>\n\t\t<\/div>\n\t\t\t\t\t<\/div>\n\t\t<\/section>\n\t\t\t\t<\/div>\n\t\t","protected":false},"excerpt":{"rendered":"<p>Personvern og databehandling 1. Innledning Vi i\u00a0Fuglebutikken tar ditt personvern p\u00e5 alvor. Denne personvernerkl\u00e6ringen forklarer hvordan vi samler inn, bruker, lagrer og beskytter dine personopplysninger i tr\u00e5d med personopplysningsloven og EUs personvernforordning (GDPR). 2. Behandlingsansvarlig Behandlingsansvarlig for personopplysningene er:Taram ASOrg.nr: NO991783466MVAAdresse: Haakon VII\u2019s gate 12, 7041 TrondheimTelefon: 98297121E-post:\u00a0post@fuglebutikken.no 3. Hvilke opplysninger vi samler inn Navn [&hellip;]<\/p>\n","protected":false},"author":2,"featured_media":0,"parent":0,"menu_order":0,"comment_status":"closed","ping_status":"closed","template":"","meta":{"content-type":"","_uf_show_specific_survey":0,"_uf_disable_surveys":false,"_monsterinsights_skip_tracking":false,"_monsterinsights_sitenote_active":false,"_monsterinsights_sitenote_note":"","_monsterinsights_sitenote_category":0,"footnotes":""},"class_list":["post-27","page","type-page","status-publish","hentry"],"_links":{"self":[{"href":"https:\/\/fuglebutikken.no\/en\/wp-json\/wp\/v2\/pages\/27","targetHints":{"allow":["GET"]}}],"collection":[{"href":"https:\/\/fuglebutikken.no\/en\/wp-json\/wp\/v2\/pages"}],"about":[{"href":"https:\/\/fuglebutikken.no\/en\/wp-json\/wp\/v2\/types\/page"}],"author":[{"embeddable":true,"href":"https:\/\/fuglebutikken.no\/en\/wp-json\/wp\/v2\/users\/2"}],"replies":[{"embeddable":true,"href":"https:\/\/fuglebutikken.no\/en\/wp-json\/wp\/v2\/comments?post=27"}],"version-history":[{"count":0,"href":"https:\/\/fuglebutikken.no\/en\/wp-json\/wp\/v2\/pages\/27\/revisions"}],"wp:attachment":[{"href":"https:\/\/fuglebutikken.no\/en\/wp-json\/wp\/v2\/media?parent=27"}],"curies":[{"name":"wp","href":"https:\/\/api.w.org\/{rel}","templated":true}]}}