{"id":11876,"date":"2024-07-24T06:20:42","date_gmt":"2024-07-24T04:20:42","guid":{"rendered":"https:\/\/fuglebutikken.no\/?page_id=11876"},"modified":"2024-07-24T06:37:19","modified_gmt":"2024-07-24T04:37:19","slug":"nymfekakadu-hjemme","status":"publish","type":"page","link":"https:\/\/fuglebutikken.no\/en\/nymfekakadu-hjemme\/","title":{"rendered":"Nymfekakadu\u00a0hjemme, guide om hold av nymfeparakitt"},"content":{"rendered":"<div data-elementor-type=\"wp-page\" data-elementor-id=\"11876\" class=\"elementor elementor-11876\" data-elementor-post-type=\"page\">\n\t\t\t\t\t\t<section class=\"elementor-section elementor-top-section elementor-element elementor-element-0969bf5 elementor-section-boxed elementor-section-height-default elementor-section-height-default\" data-id=\"0969bf5\" data-element_type=\"section\" data-e-type=\"section\">\n\t\t\t\t\t\t<div class=\"elementor-container elementor-column-gap-default\">\n\t\t\t\t\t<div class=\"elementor-column elementor-col-100 elementor-top-column elementor-element elementor-element-c61f336\" data-id=\"c61f336\" data-element_type=\"column\" data-e-type=\"column\">\n\t\t\t<div class=\"elementor-widget-wrap elementor-element-populated\">\n\t\t\t\t\t\t<div class=\"elementor-element elementor-element-4fc7d75 elementor-widget elementor-widget-heading\" data-id=\"4fc7d75\" data-element_type=\"widget\" data-e-type=\"widget\" data-widget_type=\"heading.default\">\n\t\t\t\t<div class=\"elementor-widget-container\">\n\t\t\t\t\t<h2 class=\"elementor-heading-title elementor-size-default\">Nymfekakadu\u00a0hjemme, guide om hold av nymfeparakitt<\/h2>\t\t\t\t<\/div>\n\t\t\t\t<\/div>\n\t\t\t\t<div class=\"elementor-element elementor-element-99f8e21 elementor-widget elementor-widget-theme-post-featured-image elementor-widget-image\" data-id=\"99f8e21\" data-element_type=\"widget\" data-e-type=\"widget\" data-widget_type=\"theme-post-featured-image.default\">\n\t\t\t\t<div class=\"elementor-widget-container\">\n\t\t\t\t\t\t\t\t\t\t\t\t<figure class=\"wp-caption\">\n\t\t\t\t\t\t\t\t\t\t<img decoding=\"async\" width=\"1200\" height=\"826\" src=\"https:\/\/fuglebutikken.no\/wp-content\/uploads\/sites\/5\/2024\/07\/Nymfekakadu-hjemme-guide-om-hold-av-nymfeparakitt.jpg\" class=\"attachment-full size-full wp-image-11877\" alt=\"Nymfekakadu\u00a0hjemme, guide om hold av nymfeparakitt\" srcset=\"https:\/\/fuglebutikken.no\/wp-content\/uploads\/sites\/5\/2024\/07\/Nymfekakadu-hjemme-guide-om-hold-av-nymfeparakitt.jpg 1200w, https:\/\/fuglebutikken.no\/wp-content\/uploads\/sites\/5\/2024\/07\/Nymfekakadu-hjemme-guide-om-hold-av-nymfeparakitt-300x207.jpg 300w, https:\/\/fuglebutikken.no\/wp-content\/uploads\/sites\/5\/2024\/07\/Nymfekakadu-hjemme-guide-om-hold-av-nymfeparakitt-1024x705.jpg 1024w, https:\/\/fuglebutikken.no\/wp-content\/uploads\/sites\/5\/2024\/07\/Nymfekakadu-hjemme-guide-om-hold-av-nymfeparakitt-768x529.jpg 768w, https:\/\/fuglebutikken.no\/wp-content\/uploads\/sites\/5\/2024\/07\/Nymfekakadu-hjemme-guide-om-hold-av-nymfeparakitt-600x413.jpg 600w, https:\/\/fuglebutikken.no\/wp-content\/uploads\/sites\/5\/2024\/07\/Nymfekakadu-hjemme-guide-om-hold-av-nymfeparakitt-64x44.jpg 64w\" sizes=\"(max-width: 1200px) 100vw, 1200px\" \/>\t\t\t\t\t\t\t\t\t\t\t<figcaption class=\"widget-image-caption wp-caption-text\">Nymfekakadu\u00a0hjemme, guide om hold av nymfeparakitt<\/figcaption>\n\t\t\t\t\t\t\t\t\t\t<\/figure>\n\t\t\t\t\t\t\t\t\t<\/div>\n\t\t\t\t<\/div>\n\t\t\t\t<div class=\"elementor-element elementor-element-8da31cd elementor-widget elementor-widget-text-editor\" data-id=\"8da31cd\" data-element_type=\"widget\" data-e-type=\"widget\" data-widget_type=\"text-editor.default\">\n\t\t\t\t<div class=\"elementor-widget-container\">\n\t\t\t\t\t\t\t\t\t<div><div><div><div><h3>Nymfekakadu\u00a0hjemme, En Perfekt Begynnerpapeg\u00f8ye<\/h3><\/div><\/div><\/div><\/div><div><div><div><div dir=\"auto\" data-message-author-role=\"assistant\" data-message-id=\"0e3bfb48-5a04-4109-8513-958dce766971\"><div><div><p>Nymfekakaduen (Nymphicus hollandicus) er verdens minste papeg\u00f8yeart. Denne fuglen, som bare er noen f\u00e5 hakk st\u00f8rre enn en undulat, er faktisk en fullblods papeg\u00f8ye. Til tross for dette regnes nymfekakaduen som mye enklere og mindre kravstor enn de st\u00f8rre papeg\u00f8yene, og er et perfekt valg for deg som \u00f8nsker deg en intelligent og sosial fugl, men som ikke har muligheten til \u00e5 kj\u00f8pe deg en stor papeg\u00f8ye.<\/p><h3>Historie og Navneendring<\/h3><p>Tidligere ble nymfekakaduen kalt nymfeparakitt. Dette navnet ble endret ettersom den faktisk er en kakadu, ikke en parakitt. Det gamle navnet var derfor feilaktig. Tips for \u00e5 ha\u00a0Nymfekakadu\u00a0hjemme.<\/p><h3>Stell og Behov<\/h3><h4>Bur og Plass<\/h4><ul><li><strong>St\u00f8rrelse<\/strong>: Selv om nymfekakaduen er liten, trenger den et romslig bur for \u00e5 kunne bevege seg fritt. Et bur med minimumsm\u00e5l p\u00e5 60x60x90 cm er anbefalt.<\/li><li><strong>Design<\/strong>: Velg bur med horisontale stenger for klatring, og s\u00f8rg for at stengene er laget av rustfritt st\u00e5l for \u00e5 unng\u00e5 rust og forgiftning.<\/li><li><strong>Plassering<\/strong>: Buret b\u00f8r plasseres p\u00e5 et trekkfritt sted, uten direkte sollys, og utenfor rekkevidde for potensielt farlige dyr.<\/li><\/ul><h4>Innredning<\/h4><ul><li><strong>Sittepinner<\/strong>: Varier tykkelsen og materialet p\u00e5 sittepinnene for \u00e5 fremme god fothelse. Naturlige trepinner er ideelle.<\/li><li><strong>Leker<\/strong>: Nymfekakaduen trenger mental stimulering. Tilby leker som kan tygges, puslespill, tau, og svinger. Roter lekene regelmessig for \u00e5 holde fuglen interessert.<\/li><li><strong>Mat- og vannbeholdere<\/strong>: Plasser sk\u00e5lene i ulike h\u00f8yder for \u00e5 oppmuntre til aktivitet. Bytt vann daglig og s\u00f8rg for at mat alltid er tilgjengelig.<\/li><li><strong>Bunnmateriale<\/strong>: Bruk avis, maiskornstr\u00f8 eller sandpapir for enkel rengj\u00f8ring og for \u00e5 absorbere avf\u00f8ring.<\/li><\/ul><h4>Ern\u00e6ring og F\u00f4ring<\/h4><ul><li><strong>Hovedf\u00f4r<\/strong>: En balansert fr\u00f8blanding eller pellets er viktig for et sunt kosthold.<\/li><li><strong>Tilskudd<\/strong>: Tilby et utvalg av ferske frukter og gr\u00f8nnsaker daglig. Gr\u00f8nnsaker som brokkoli, spinat og gulr\u00f8tter er utmerket. Unng\u00e5 giftige matvarer som avokado, sjokolade og koffein.<\/li><li><strong>Protein<\/strong>: Sm\u00e5 mengder kokt egg eller kylling kan gis som proteintilskudd.<\/li><li><strong>Mineraler<\/strong>: Gi tilgang til en sepia eller mineralstein for \u00e5 sikre at fuglen f\u00e5r n\u00f8dvendige mineraler.<\/li><\/ul><h4>Sosiale Behov og Aktivitet<\/h4><ul><li><strong>Interaksjon<\/strong>: Nymfekakaduen er sv\u00e6rt sosial og trives med interaksjon. Tilbring tid med fuglen daglig, snakk til den, og la den v\u00e6re ute av buret for \u00e5 utforske og leke.<\/li><li><strong>Flymulighet<\/strong>: La nymfekakaduen fly fritt i et sikkert rom daglig for fysisk og mental stimulering.<\/li><li><strong>Trening og Stimulering<\/strong>: Bruk puslespill og l\u00e6ringsleker for \u00e5 holde fuglen engasjert. Trening som triks og kommandoer gir mental stimulering.<\/li><\/ul><h4>Helse og Vedlikehold<\/h4><ul><li><strong>Rengj\u00f8ring<\/strong>: Fjern matrester, bytt vann, og fjern synlig skitt fra buret daglig. Bytt bunnmateriale og vask mat- og vannsk\u00e5ler ukentlig. Gj\u00f8r en grundig rengj\u00f8ring av buret og desinfiser alle flater m\u00e5nedlig.<\/li><li><strong>Helsekontroll<\/strong>: V\u00e6r oppmerksom p\u00e5 endringer i adferd, appetitt, eller utseende. Regelmessige bes\u00f8k hos en fugleveterin\u00e6r er viktig for forebyggende helsepleie.<\/li><\/ul><h3>Oppsummering<\/h3><p>Nymfekakaduen er en ideell begynnerpapeg\u00f8ye for de som \u00f8nsker en intelligent, sosial og relativt enkel fugl \u00e5 ta vare p\u00e5. Med riktig bur, ern\u00e6ring, sosial interaksjon, og helsepleie, kan du sikre at din nymfekakadu lever et langt, sunt og lykkelig liv. For alt du trenger til dine fugler, bes\u00f8k Fuglebutikken.no.<\/p><\/div><\/div><\/div><\/div><\/div><\/div>\t\t\t\t\t\t\t\t<\/div>\n\t\t\t\t<\/div>\n\t\t\t\t\t<\/div>\n\t\t<\/div>\n\t\t\t\t\t<\/div>\n\t\t<\/section>\n\t\t\t\t<section class=\"elementor-section elementor-top-section elementor-element elementor-element-bfe0d76 elementor-section-boxed elementor-section-height-default elementor-section-height-default\" data-id=\"bfe0d76\" data-element_type=\"section\" data-e-type=\"section\">\n\t\t\t\t\t\t<div class=\"elementor-container elementor-column-gap-default\">\n\t\t\t\t\t<div class=\"elementor-column elementor-col-100 elementor-top-column elementor-element elementor-element-2e21420\" data-id=\"2e21420\" data-element_type=\"column\" data-e-type=\"column\">\n\t\t\t<div class=\"elementor-widget-wrap elementor-element-populated\">\n\t\t\t\t\t\t<div class=\"elementor-element elementor-element-20aff57 elementor-widget elementor-widget-image\" data-id=\"20aff57\" data-element_type=\"widget\" data-e-type=\"widget\" data-widget_type=\"image.default\">\n\t\t\t\t<div class=\"elementor-widget-container\">\n\t\t\t\t\t\t\t\t\t\t\t\t<figure class=\"wp-caption\">\n\t\t\t\t\t\t\t\t\t\t<img decoding=\"async\" width=\"600\" height=\"600\" src=\"https:\/\/fuglebutikken.no\/wp-content\/uploads\/sites\/5\/2024\/07\/Nymfekakadu-hjemme-guide-om-hold-av-nymfeparakitt-1.jpg\" class=\"attachment-full size-full wp-image-11880\" alt=\"Nymfekakadu\u00a0hjemme, guide om hold av nymfeparakitt\" srcset=\"https:\/\/fuglebutikken.no\/wp-content\/uploads\/sites\/5\/2024\/07\/Nymfekakadu-hjemme-guide-om-hold-av-nymfeparakitt-1.jpg 600w, https:\/\/fuglebutikken.no\/wp-content\/uploads\/sites\/5\/2024\/07\/Nymfekakadu-hjemme-guide-om-hold-av-nymfeparakitt-1-300x300.jpg 300w, https:\/\/fuglebutikken.no\/wp-content\/uploads\/sites\/5\/2024\/07\/Nymfekakadu-hjemme-guide-om-hold-av-nymfeparakitt-1-150x150.jpg 150w, https:\/\/fuglebutikken.no\/wp-content\/uploads\/sites\/5\/2024\/07\/Nymfekakadu-hjemme-guide-om-hold-av-nymfeparakitt-1-100x100.jpg 100w, https:\/\/fuglebutikken.no\/wp-content\/uploads\/sites\/5\/2024\/07\/Nymfekakadu-hjemme-guide-om-hold-av-nymfeparakitt-1-64x64.jpg 64w\" sizes=\"(max-width: 600px) 100vw, 600px\" \/>\t\t\t\t\t\t\t\t\t\t\t<figcaption class=\"widget-image-caption wp-caption-text\">Nymfekakadu\u00a0hjemme, guide om hold av nymfeparakitt<\/figcaption>\n\t\t\t\t\t\t\t\t\t\t<\/figure>\n\t\t\t\t\t\t\t\t\t<\/div>\n\t\t\t\t<\/div>\n\t\t\t\t\t<\/div>\n\t\t<\/div>\n\t\t\t\t\t<\/div>\n\t\t<\/section>\n\t\t\t\t<\/div>","protected":false},"excerpt":{"rendered":"<p>Nymfekakadu\u00a0hjemme, guide om hold av nymfeparakitt Nymfekakadu\u00a0hjemme, En Perfekt Begynnerpapeg\u00f8ye Nymfekakaduen (Nymphicus hollandicus) er verdens minste papeg\u00f8yeart. Denne fuglen, som bare er noen f\u00e5 hakk st\u00f8rre enn en undulat, er faktisk en fullblods papeg\u00f8ye. Til tross for dette regnes nymfekakaduen som mye enklere og mindre kravstor enn de st\u00f8rre papeg\u00f8yene, og er et perfekt valg [&hellip;]<\/p>\n","protected":false},"author":2,"featured_media":11877,"parent":0,"menu_order":0,"comment_status":"closed","ping_status":"closed","template":"","meta":{"content-type":"","_uf_show_specific_survey":0,"_uf_disable_surveys":false,"_monsterinsights_skip_tracking":false,"_monsterinsights_sitenote_active":false,"_monsterinsights_sitenote_note":"","_monsterinsights_sitenote_category":0,"footnotes":""},"class_list":["post-11876","page","type-page","status-publish","has-post-thumbnail","hentry"],"_links":{"self":[{"href":"https:\/\/fuglebutikken.no\/en\/wp-json\/wp\/v2\/pages\/11876","targetHints":{"allow":["GET"]}}],"collection":[{"href":"https:\/\/fuglebutikken.no\/en\/wp-json\/wp\/v2\/pages"}],"about":[{"href":"https:\/\/fuglebutikken.no\/en\/wp-json\/wp\/v2\/types\/page"}],"author":[{"embeddable":true,"href":"https:\/\/fuglebutikken.no\/en\/wp-json\/wp\/v2\/users\/2"}],"replies":[{"embeddable":true,"href":"https:\/\/fuglebutikken.no\/en\/wp-json\/wp\/v2\/comments?post=11876"}],"version-history":[{"count":0,"href":"https:\/\/fuglebutikken.no\/en\/wp-json\/wp\/v2\/pages\/11876\/revisions"}],"wp:featuredmedia":[{"embeddable":true,"href":"https:\/\/fuglebutikken.no\/en\/wp-json\/wp\/v2\/media\/11877"}],"wp:attachment":[{"href":"https:\/\/fuglebutikken.no\/en\/wp-json\/wp\/v2\/media?parent=11876"}],"curies":[{"name":"wp","href":"https:\/\/api.w.org\/{rel}","templated":true}]}}